{"id":1078,"date":"2025-03-25T10:37:51","date_gmt":"2025-03-25T09:37:51","guid":{"rendered":"https:\/\/oedenburg.hu\/?page_id=1078"},"modified":"2025-03-25T10:47:57","modified_gmt":"2025-03-25T09:47:57","slug":"hirlevel","status":"publish","type":"page","link":"https:\/\/oedenburg.hu\/de\/hirlevel\/","title":{"rendered":"Newsletter"},"content":{"rendered":"<div class=\"wp-block-columns is-layout-flex wp-container-core-columns-is-layout-9d6595d7 wp-block-columns-is-layout-flex\">\n<div class=\"wp-block-column is-layout-flow wp-block-column-is-layout-flow\"><div class=\"wp-block-image\">\n<figure class=\"aligncenter size-full\"><img loading=\"lazy\" decoding=\"async\" width=\"240\" height=\"240\" src=\"https:\/\/oedenburg.hu\/wp-content\/uploads\/Hirlevel.jpeg\" alt=\"\" class=\"wp-image-1086\" srcset=\"https:\/\/oedenburg.hu\/wp-content\/uploads\/Hirlevel.jpeg 240w, https:\/\/oedenburg.hu\/wp-content\/uploads\/Hirlevel-150x150.jpeg 150w, https:\/\/oedenburg.hu\/wp-content\/uploads\/Hirlevel-12x12.jpeg 12w, https:\/\/oedenburg.hu\/wp-content\/uploads\/Hirlevel-60x60.jpeg 60w\" sizes=\"auto, (max-width: 240px) 100vw, 240px\" \/><\/figure>\n<\/div><\/div>\n\n\n\n<div class=\"wp-block-column is-layout-flow wp-block-column-is-layout-flow\"><script>(function() {\n\twindow.mc4wp = window.mc4wp || {\n\t\tlisteners: [],\n\t\tforms: {\n\t\t\ton: function(evt, cb) {\n\t\t\t\twindow.mc4wp.listeners.push(\n\t\t\t\t\t{\n\t\t\t\t\t\tevent   : evt,\n\t\t\t\t\t\tcallback: cb\n\t\t\t\t\t}\n\t\t\t\t);\n\t\t\t}\n\t\t}\n\t}\n})();\n<\/script><!-- Mailchimp for WordPress v4.12.5 - https:\/\/wordpress.org\/plugins\/mailchimp-for-wp\/ --><form id=\"mc4wp-form-1\" class=\"mc4wp-form mc4wp-form-808\" method=\"post\" data-id=\"808\" data-name=\"Feliratkoz\u00e1s\" action=\"\" ><div class=\"mc4wp-form-fields\"><p>\r\n    <label>Nachname:<\/label>\r\n    <input type=\"text\" name=\"LNAME\" required=\"\">\r\n<\/p>\r\n<p>\r\n    <label>Vorname:<\/label>\r\n    <input type=\"text\" name=\"FNAME\" required=\"\">\r\n<\/p>\r\n\r\n<p>\r\n\t<label for=\"email\">E-Mail Adresse: \r\n\t\t<input type=\"email\" id=\"email\" name=\"EMAIL\" placeholder=\"Ihre E-mail Adresse\" required>\r\n<\/label>\r\n<\/p>\r\n\r\n<p>\r\n    <label>Telefonnummer:<\/label>\r\n    <input type=\"tel\" name=\"MMERGE3\">\r\n<\/p>\r\n\r\n\r\n<p>\r\n    <label>\r\n        <input type=\"checkbox\" name=\"AGREE_TO_TERMS\" value=\"1\" required=\"\"> <a href=\"https:\/\/oedenburg.hu\/de\/gdpr\/\" target=\"_blank\">Datenschutz akzeptieren<\/a>\r\n    <\/label>\r\n<\/p>\r\n\r\n\r\n<p>\r\n\t<input type=\"submit\" value=\"Anmelden\">\r\n<\/p><\/div><label style=\"display: none !important;\">Wenn du ein Mensch bist, lasse das Feld leer: <input type=\"text\" name=\"_mc4wp_honeypot\" value=\"\" tabindex=\"-1\" autocomplete=\"off\" \/><\/label><input type=\"hidden\" name=\"_mc4wp_timestamp\" value=\"1778767739\" \/><input type=\"hidden\" name=\"_mc4wp_form_id\" value=\"808\" \/><input type=\"hidden\" name=\"_mc4wp_form_element_id\" value=\"mc4wp-form-1\" \/><div class=\"mc4wp-response\"><\/div><input type=\"hidden\" name=\"trp-form-language\" value=\"de\"\/><\/form><!-- \/ Mailchimp for WordPress Plugin -->\n<\/div>\n<\/div>\n\n\n\n<p><\/p>","protected":false},"excerpt":{"rendered":"","protected":false},"author":2,"featured_media":1086,"parent":0,"menu_order":0,"comment_status":"closed","ping_status":"closed","template":"","meta":{"footnotes":""},"class_list":["post-1078","page","type-page","status-publish","has-post-thumbnail","hentry","latest_post"],"yoast_head":"<!-- This site is optimized with the Yoast SEO plugin v27.6 - https:\/\/yoast.com\/product\/yoast-seo-wordpress\/ -->\n<title>H\u00edrlev\u00e9l<\/title>\n<meta name=\"description\" content=\"H\u00edrlev\u00e9l\" \/>\n<meta name=\"robots\" content=\"index, follow, max-snippet:-1, max-image-preview:large, max-video-preview:-1\" \/>\n<link rel=\"canonical\" href=\"https:\/\/oedenburg.hu\/de\/hirlevel\/\" \/>\n<meta property=\"og:locale\" content=\"de_DE\" \/>\n<meta property=\"og:type\" content=\"article\" \/>\n<meta property=\"og:title\" content=\"H\u00edrlev\u00e9l\" \/>\n<meta property=\"og:description\" content=\"H\u00edrlev\u00e9l\" \/>\n<meta property=\"og:url\" content=\"https:\/\/oedenburg.hu\/de\/hirlevel\/\" \/>\n<meta property=\"og:site_name\" content=\"N\u00e9met Nemzetis\u00e9gi \u00d6nkorm\u00e1nyzat Sopron\" \/>\n<meta property=\"article:publisher\" content=\"https:\/\/www.facebook.com\/Oedenburg\" \/>\n<meta property=\"article:modified_time\" content=\"2025-03-25T09:47:57+00:00\" \/>\n<meta property=\"og:image\" content=\"https:\/\/oedenburg.hu\/wp-content\/uploads\/Hirlevel.jpeg\" \/>\n\t<meta property=\"og:image:width\" content=\"240\" \/>\n\t<meta property=\"og:image:height\" content=\"240\" \/>\n\t<meta property=\"og:image:type\" content=\"image\/jpeg\" \/>\n<meta name=\"twitter:card\" content=\"summary_large_image\" \/>\n<script type=\"application\/ld+json\" class=\"yoast-schema-graph\">{\"@context\":\"https:\\\/\\\/schema.org\",\"@graph\":[{\"@type\":\"WebPage\",\"@id\":\"https:\\\/\\\/oedenburg.hu\\\/hirlevel\\\/\",\"url\":\"https:\\\/\\\/oedenburg.hu\\\/hirlevel\\\/\",\"name\":\"H\u00edrlev\u00e9l\",\"isPartOf\":{\"@id\":\"https:\\\/\\\/oedenburg.hu\\\/#website\"},\"primaryImageOfPage\":{\"@id\":\"https:\\\/\\\/oedenburg.hu\\\/hirlevel\\\/#primaryimage\"},\"image\":{\"@id\":\"https:\\\/\\\/oedenburg.hu\\\/hirlevel\\\/#primaryimage\"},\"thumbnailUrl\":\"https:\\\/\\\/oedenburg.hu\\\/wp-content\\\/uploads\\\/Hirlevel.jpeg\",\"datePublished\":\"2025-03-25T09:37:51+00:00\",\"dateModified\":\"2025-03-25T09:47:57+00:00\",\"description\":\"H\u00edrlev\u00e9l\",\"breadcrumb\":{\"@id\":\"https:\\\/\\\/oedenburg.hu\\\/hirlevel\\\/#breadcrumb\"},\"inLanguage\":\"de\",\"potentialAction\":[{\"@type\":\"ReadAction\",\"target\":[\"https:\\\/\\\/oedenburg.hu\\\/hirlevel\\\/\"]}]},{\"@type\":\"ImageObject\",\"inLanguage\":\"de\",\"@id\":\"https:\\\/\\\/oedenburg.hu\\\/hirlevel\\\/#primaryimage\",\"url\":\"https:\\\/\\\/oedenburg.hu\\\/wp-content\\\/uploads\\\/Hirlevel.jpeg\",\"contentUrl\":\"https:\\\/\\\/oedenburg.hu\\\/wp-content\\\/uploads\\\/Hirlevel.jpeg\",\"width\":240,\"height\":240},{\"@type\":\"BreadcrumbList\",\"@id\":\"https:\\\/\\\/oedenburg.hu\\\/hirlevel\\\/#breadcrumb\",\"itemListElement\":[{\"@type\":\"ListItem\",\"position\":1,\"name\":\"Kezd\u0151lap\",\"item\":\"https:\\\/\\\/oedenburg.hu\\\/\"},{\"@type\":\"ListItem\",\"position\":2,\"name\":\"H\u00edrlev\u00e9l\"}]},{\"@type\":\"WebSite\",\"@id\":\"https:\\\/\\\/oedenburg.hu\\\/#website\",\"url\":\"https:\\\/\\\/oedenburg.hu\\\/\",\"name\":\"N\u00e9met Nemzetis\u00e9gi \u00d6nkorm\u00e1nyzat Sopron\",\"description\":\"Deutsche Selbstverwaltung \u00d6denburg\",\"publisher\":{\"@id\":\"https:\\\/\\\/oedenburg.hu\\\/#organization\"},\"potentialAction\":[{\"@type\":\"SearchAction\",\"target\":{\"@type\":\"EntryPoint\",\"urlTemplate\":\"https:\\\/\\\/oedenburg.hu\\\/?s={search_term_string}\"},\"query-input\":{\"@type\":\"PropertyValueSpecification\",\"valueRequired\":true,\"valueName\":\"search_term_string\"}}],\"inLanguage\":\"de\"},{\"@type\":\"Organization\",\"@id\":\"https:\\\/\\\/oedenburg.hu\\\/#organization\",\"name\":\"N\u00e9met Nemzetis\u00e9gi \u00d6nkorm\u00e1nyzat Sopron\",\"url\":\"https:\\\/\\\/oedenburg.hu\\\/\",\"logo\":{\"@type\":\"ImageObject\",\"inLanguage\":\"de\",\"@id\":\"https:\\\/\\\/oedenburg.hu\\\/#\\\/schema\\\/logo\\\/image\\\/\",\"url\":\"https:\\\/\\\/oedenburg.hu\\\/wp-content\\\/uploads\\\/2025\\\/02\\\/Nemet-nemzetisegi-logo-300x300px-72dpi.png\",\"contentUrl\":\"https:\\\/\\\/oedenburg.hu\\\/wp-content\\\/uploads\\\/2025\\\/02\\\/Nemet-nemzetisegi-logo-300x300px-72dpi.png\",\"width\":300,\"height\":300,\"caption\":\"N\u00e9met Nemzetis\u00e9gi \u00d6nkorm\u00e1nyzat Sopron\"},\"image\":{\"@id\":\"https:\\\/\\\/oedenburg.hu\\\/#\\\/schema\\\/logo\\\/image\\\/\"},\"sameAs\":[\"https:\\\/\\\/www.facebook.com\\\/Oedenburg\"]}]}<\/script>\n<!-- \/ Yoast SEO plugin. -->","yoast_head_json":{"title":"Newsletter","description":"Newsletter","robots":{"index":"index","follow":"follow","max-snippet":"max-snippet:-1","max-image-preview":"max-image-preview:large","max-video-preview":"max-video-preview:-1"},"canonical":"https:\/\/oedenburg.hu\/de\/hirlevel\/","og_locale":"de_DE","og_type":"article","og_title":"H\u00edrlev\u00e9l","og_description":"H\u00edrlev\u00e9l","og_url":"https:\/\/oedenburg.hu\/de\/hirlevel\/","og_site_name":"N\u00e9met Nemzetis\u00e9gi \u00d6nkorm\u00e1nyzat Sopron","article_publisher":"https:\/\/www.facebook.com\/Oedenburg","article_modified_time":"2025-03-25T09:47:57+00:00","og_image":[{"width":240,"height":240,"url":"https:\/\/oedenburg.hu\/wp-content\/uploads\/Hirlevel.jpeg","type":"image\/jpeg"}],"twitter_card":"summary_large_image","schema":{"@context":"https:\/\/schema.org","@graph":[{"@type":"WebPage","@id":"https:\/\/oedenburg.hu\/hirlevel\/","url":"https:\/\/oedenburg.hu\/hirlevel\/","name":"Newsletter","isPartOf":{"@id":"https:\/\/oedenburg.hu\/#website"},"primaryImageOfPage":{"@id":"https:\/\/oedenburg.hu\/hirlevel\/#primaryimage"},"image":{"@id":"https:\/\/oedenburg.hu\/hirlevel\/#primaryimage"},"thumbnailUrl":"https:\/\/oedenburg.hu\/wp-content\/uploads\/Hirlevel.jpeg","datePublished":"2025-03-25T09:37:51+00:00","dateModified":"2025-03-25T09:47:57+00:00","description":"Newsletter","breadcrumb":{"@id":"https:\/\/oedenburg.hu\/hirlevel\/#breadcrumb"},"inLanguage":"de","potentialAction":[{"@type":"ReadAction","target":["https:\/\/oedenburg.hu\/hirlevel\/"]}]},{"@type":"ImageObject","inLanguage":"de","@id":"https:\/\/oedenburg.hu\/hirlevel\/#primaryimage","url":"https:\/\/oedenburg.hu\/wp-content\/uploads\/Hirlevel.jpeg","contentUrl":"https:\/\/oedenburg.hu\/wp-content\/uploads\/Hirlevel.jpeg","width":240,"height":240},{"@type":"BreadcrumbList","@id":"https:\/\/oedenburg.hu\/hirlevel\/#breadcrumb","itemListElement":[{"@type":"ListItem","position":1,"name":"Kezd\u0151lap","item":"https:\/\/oedenburg.hu\/"},{"@type":"ListItem","position":2,"name":"H\u00edrlev\u00e9l"}]},{"@type":"WebSite","@id":"https:\/\/oedenburg.hu\/#website","url":"https:\/\/oedenburg.hu\/","name":"Deutsche Selbstverwaltung \u00d6denburg","description":"N\u00e9met Nemzetis\u00e9gi \u00d6nkorm\u00e1nyzat Sopron","publisher":{"@id":"https:\/\/oedenburg.hu\/#organization"},"potentialAction":[{"@type":"SearchAction","target":{"@type":"EntryPoint","urlTemplate":"https:\/\/oedenburg.hu\/?s={search_term_string}"},"query-input":{"@type":"PropertyValueSpecification","valueRequired":true,"valueName":"search_term_string"}}],"inLanguage":"de"},{"@type":"Organization","@id":"https:\/\/oedenburg.hu\/#organization","name":"Deutsche Selbstverwaltung \u00d6denburg","url":"https:\/\/oedenburg.hu\/","logo":{"@type":"ImageObject","inLanguage":"de","@id":"https:\/\/oedenburg.hu\/#\/schema\/logo\/image\/","url":"https:\/\/oedenburg.hu\/wp-content\/uploads\/2025\/02\/Nemet-nemzetisegi-logo-300x300px-72dpi.png","contentUrl":"https:\/\/oedenburg.hu\/wp-content\/uploads\/2025\/02\/Nemet-nemzetisegi-logo-300x300px-72dpi.png","width":300,"height":300,"caption":"N\u00e9met Nemzetis\u00e9gi \u00d6nkorm\u00e1nyzat Sopron"},"image":{"@id":"https:\/\/oedenburg.hu\/#\/schema\/logo\/image\/"},"sameAs":["https:\/\/www.facebook.com\/Oedenburg"]}]}},"_links":{"self":[{"href":"https:\/\/oedenburg.hu\/de\/wp-json\/wp\/v2\/pages\/1078","targetHints":{"allow":["GET"]}}],"collection":[{"href":"https:\/\/oedenburg.hu\/de\/wp-json\/wp\/v2\/pages"}],"about":[{"href":"https:\/\/oedenburg.hu\/de\/wp-json\/wp\/v2\/types\/page"}],"author":[{"embeddable":true,"href":"https:\/\/oedenburg.hu\/de\/wp-json\/wp\/v2\/users\/2"}],"replies":[{"embeddable":true,"href":"https:\/\/oedenburg.hu\/de\/wp-json\/wp\/v2\/comments?post=1078"}],"version-history":[{"count":7,"href":"https:\/\/oedenburg.hu\/de\/wp-json\/wp\/v2\/pages\/1078\/revisions"}],"predecessor-version":[{"id":1089,"href":"https:\/\/oedenburg.hu\/de\/wp-json\/wp\/v2\/pages\/1078\/revisions\/1089"}],"wp:featuredmedia":[{"embeddable":true,"href":"https:\/\/oedenburg.hu\/de\/wp-json\/wp\/v2\/media\/1086"}],"wp:attachment":[{"href":"https:\/\/oedenburg.hu\/de\/wp-json\/wp\/v2\/media?parent=1078"}],"curies":[{"name":"wp","href":"https:\/\/api.w.org\/{rel}","templated":true}]}}