{"id":12,"date":"2025-01-21T08:10:33","date_gmt":"2025-01-21T08:10:33","guid":{"rendered":"https:\/\/oedenburg.hu\/?page_id=12"},"modified":"2025-02-11T08:54:38","modified_gmt":"2025-02-11T07:54:38","slug":"gdpr","status":"publish","type":"page","link":"https:\/\/oedenburg.hu\/de\/gdpr\/","title":{"rendered":"Datenschutzerkl\u00e4rung und Nutzungsbedingungen"},"content":{"rendered":"<h4>Adatkezel\u00e9si t\u00e1j\u00e9koztat\u00f3 a Soproni N\u00e9met Nemzetis\u00e9gi \u00d6nkorm\u00e1nyzat www.oedenburg.hu honlap haszn\u00e1lata sor\u00e1n megval\u00f3sul\u00f3\u00a0 adatkezel\u00e9sekr\u0151l<\/h4>\n<p><strong>\u00a0<\/strong><\/p>\n<p><strong>\u00a0<\/strong><\/p>\n<p>A <strong>Soproni N\u00e9met Nemzetis\u00e9gi \u00d6nkorm\u00e1nyzat <\/strong>az Eur\u00f3pai Parlament \u00e9s a Tan\u00e1cs (EU) 2016\/679 rendelete (2016. \u00e1prilis 27.) a term\u00e9szetes szem\u00e9lyeknek a szem\u00e9lyes adatok kezel\u00e9se tekintet\u00e9ben t\u00f6rt\u00e9n\u0151 v\u00e9delm\u00e9r\u0151l \u00e9s az ilyen adatok szabad \u00e1raml\u00e1s\u00e1r\u00f3l, valamint a 95\/46\/EK rendelet hat\u00e1lyon k\u00edv\u00fcl helyez\u00e9s\u00e9r\u0151l (\u00e1ltal\u00e1nos adatv\u00e9delmi rendelet, a tov\u00e1bbiakban GDPR) el\u0151\u00edr\u00e1sai szerint jelen t\u00e1j\u00e9koztat\u00f3val \u00e9s folyamatle\u00edr\u00e1ssal ny\u00fajt t\u00e1j\u00e9koztat\u00e1st a www.oedenburg.hu honlap haszn\u00e1lata sor\u00e1n megval\u00f3sul\u00f3 valamennyi adatkezel\u00e9ssel kapcsolatos minden t\u00e9nyr\u0151l. Az adott folyamatban val\u00f3 r\u00e9szv\u00e9tellel az \u00e9rintett jelen folyamatle\u00edr\u00e1s szerint v\u00e1lik az adatkezel\u00e9s \u00e9rintettj\u00e9v\u00e9.<\/p>\n<ol>\n<li>Adatkezel\u0151 megnevez\u00e9se<\/li>\n<\/ol>\n<p><strong>\u00a0<\/strong><\/p>\n<p><strong>Soproni N\u00e9met Nemzetis\u00e9gi \u00d6nkorm\u00e1nyzat<\/strong><\/p>\n<p>H-9400 Sopron V\u00e1rker\u00fclet 7. &#8211; k\u00e9pviseli: Taschner Tam\u00e1s a Soproni N\u00e9met Nemzetis\u00e9gi \u00d6nkorm\u00e1nyzat eln\u00f6ke<\/p>\n<ol start=\"2\">\n<li>Az adatv\u00e9delmi tisztvisel\u0151 neve \u00e9s el\u00e9rhet\u0151s\u00e9ge<\/li>\n<\/ol>\n<p><strong>\u00a0<\/strong><\/p>\n<p>Taschner Tam\u00e1s, taschner@sopron.hu<\/p>\n<ol start=\"3\">\n<li>Adatkezel\u00e9s szab\u00e1lyai<\/li>\n<\/ol>\n<p><strong>\u00a0<\/strong><\/p>\n<p>Jelen adatkezel\u00e9si t\u00e1j\u00e9koztat\u00f3 id\u0151beli hat\u00e1lya 2025. janu\u00e1r 20. napj\u00e1t\u00f3l visszavon\u00e1sig tart.<\/p>\n<p><strong>A <\/strong><strong>Soproni N<\/strong><strong>\u00e9<\/strong><strong>met Nemzetis\u00e9gi \u00d6nkorm\u00e1nyzat\u00a0 <\/strong>(a tov\u00e1bbiakban: Hivatal), mint\u00a0\u00a0 a\u00a0\u00a0 <strong>Soproni N\u00e9met Nemzetis\u00e9gi \u00d6nkorm\u00e1nyzat\u00a0 <\/strong>hivatalos\u00a0\u00a0 honlapj\u00e1nak, a www.oedenburg.hu\u00a0 (tov\u00e1bbiakban: honlap) \u00fczemeltet\u0151je, t\u00e1j\u00e9koztatja l\u00e1togat\u00f3it, hogy a honlappal kapcsolatosan a jelen adatv\u00e9delmi t\u00e1j\u00e9koztat\u00f3ban foglaltak alapj\u00e1n kezel szem\u00e9lyes adatokat.<\/p>\n<p>Jelen t\u00e1j\u00e9koztat\u00f3 hat\u00e1lya kiterjed a Hivatal \u00e1ltal a honlap \u00fczemeltet\u00e9se sor\u00e1n megval\u00f3s\u00edtott minden olyan folyamatra, amely sor\u00e1n a GDPR 4. cikk 1. pontj\u00e1ban meghat\u00e1rozott szem\u00e9lyes adat kezel\u00e9se megval\u00f3sul.<\/p>\n<p><strong>\u201eszem\u00e9lyes adat\u201d<\/strong>: azonos\u00edtott vagy azonos\u00edthat\u00f3 term\u00e9szetes szem\u00e9lyre (\u201e\u00e9rintett\u201d) vonatkoz\u00f3 b\u00e1rmely inform\u00e1ci\u00f3; azonos\u00edthat\u00f3 az a term\u00e9szetes szem\u00e9ly, aki k\u00f6zvetlen vagy k\u00f6zvetett m\u00f3don, k\u00fcl\u00f6n\u00f6sen valamely azonos\u00edt\u00f3, p\u00e9ld\u00e1ul n\u00e9v, sz\u00e1m, helymeghat\u00e1roz\u00f3 adat, online azonos\u00edt\u00f3 vagy a term\u00e9szetes szem\u00e9ly testi, fiziol\u00f3giai, genetikai, szellemi, gazdas\u00e1gi, kultur\u00e1lis vagy szoci\u00e1lis azonoss\u00e1g\u00e1ra vonatkoz\u00f3 egy vagy t\u00f6bb t\u00e9nyez\u0151 alapj\u00e1n azonos\u00edthat\u00f3.<\/p>\n<p>A t\u00e1j\u00e9koztat\u00f3 fogalmai megegyeznek a GDPR 4. cikk\u00e9ben meghat\u00e1rozott \u00e9rtelmez\u0151 fogalommagyar\u00e1zatokkal.<\/p>\n<p>A Hivatal kijelenti, hogy kiz\u00e1r\u00f3lag a hat\u00e1lyos jogszab\u00e1lyok rendelkez\u00e9sei alapj\u00e1n v\u00e9gez adatkezel\u00e9st, szem\u00e9lyes adatot kiz\u00e1r\u00f3lag a GDPR 6. cikk\u00e9be foglalt jogalapokkal kezel.<\/p>\n<p>A Hivatal kezel\u00e9s\u00e9ben l\u00e9v\u0151 szem\u00e9lyes adat az adatkezel\u00e9s sor\u00e1n mindaddig meg\u0151rzi szem\u00e9lyes adat min\u0151s\u00e9g\u00e9t, am\u00edg bel\u0151le az \u00e9rintett azonos\u00edtott vagy azonos\u00edthat\u00f3. A Hivatal akkor tekint egy adatot szem\u00e9lyes adatnak, amennyiben rendelkezik azzal a technikai felt\u00e9tellel, amelynek seg\u00edts\u00e9g\u00e9vel k\u00e9pes az adatb\u00f3l azonos\u00edtani az \u00e9rintettet.<\/p>\n<p>A Hivatal kijelenti, hogy csak \u00fagy folytat adatkezel\u00e9st, hogy az minden szakasz\u00e1ban megfelel a c\u00e9lnak.<\/p>\n<p>A Hivatal a t\u00e1j\u00e9koztat\u00f3 nyilv\u00e1noss\u00e1gra hozatal\u00e1val k\u00f6zli \u00d6nnel, azaz az adatkezel\u00e9s \u00e9rintettj\u00e9vel az adatkezel\u00e9s c\u00e9lj\u00e1t, az adatkezel\u00e9s jogalapj\u00e1t, valamint az adatkezel\u00e9ssel kapcsolatos, a GDPR 13. cikk\u00e9ben meghat\u00e1rozott t\u00e9nyeket.<\/p>\n<p>T\u00e1j\u00e9koztatjuk, hogy a Hivatal munkaszervez\u00e9si, fizikai, informatikai \u00e9s jogosults\u00e1gkezel\u00e9si eszk\u00f6z\u00f6kkel gondoskodik arr\u00f3l, hogy illet\u00e9ktelen szem\u00e9lyek a szem\u00e9lyes adatokat ne ismerhess\u00e9k meg, a Hivatal munkat\u00e1rsai k\u00f6telesek az adatkezel\u00e9s sor\u00e1n megismert szem\u00e9lyes adatokat titokk\u00e9nt meg\u0151rizni.<\/p>\n<ol start=\"4\">\n<li>Az \u00e9rintettek jogainak \u00e9rv\u00e9nyes\u00edt\u00e9se<\/li>\n<\/ol>\n<p><strong>\u00a0<\/strong><\/p>\n<p>A Hivatal t\u00e1j\u00e9koztatja, hogy a GDPR alapj\u00e1n \u00d6n, szem\u00e9lyazonoss\u00e1g\u00e1nak igazol\u00e1s\u00e1t k\u00f6vet\u0151en az al\u00e1bbi jog\u00e9rv\u00e9nyes\u00edt\u00e9si lehet\u0151s\u00e9gekkel \u00e9lhet:<\/p>\n<ul>\n<li>k\u00e9rhetit\u00e1j\u00e9koztat\u00e1s\u00e1tszem\u00e9lyesadataikezel\u00e9s\u00e9r\u0151l,<\/li>\n<li>k\u00e9rhetiszem\u00e9lyesadatainakhelyesb\u00edt\u00e9s\u00e9t,<\/li>\n<li>visszavonhatjaazadatkezel\u00e9shezadott hozz\u00e1j\u00e1rul\u00e1s\u00e1t,<\/li>\n<li>k\u00e9rheti szem\u00e9lyes adatai t\u00f6rl\u00e9s\u00e9t, ha azok kezel\u00e9se v\u00e9lem\u00e9nye szerint jogellenes vagyazazokkalel\u00e9rend\u0151 c\u00e9lb\u00f3l a Hivatalnak m\u00e1rnincs r\u00e1sz\u00fcks\u00e9ge,<\/li>\n<li>k\u00e9rhetiszem\u00e9lyesadataikezel\u00e9s\u00e9nekkorl\u00e1toz\u00e1s\u00e1t,<\/li>\n<li>\u00e9lhetadathordozhat\u00f3s\u00e1ghoz val\u00f3jog\u00e1val.<\/li>\n<\/ul>\n<p>A Hivatal t\u00f6rekszik arra, hogy az \u00d6nnek adott t\u00e1j\u00e9koztat\u00e1s minden esetben a GDPR \u00e1ltal meghat\u00e1rozott szab\u00e1lyok teljes\u00edt\u00e9se mellett a lehet\u0151s\u00e9gekhez m\u00e9rten t\u00f6m\u00f6r, \u00e1tl\u00e1that\u00f3, \u00e9rthet\u0151, k\u00f6nnyen hozz\u00e1f\u00e9rhet\u0151, vil\u00e1gos \u00e9s k\u00f6z\u00e9rthet\u0151 legyen.<\/p>\n<p>K\u00e9relm\u00e9t els\u0151sorban \u00edr\u00e1sban terjesztheti be a Hivatalnak az adatv\u00e9delmi tisztvisel\u0151nek c\u00edmzett, jelen t\u00e1j\u00e9koztat\u00f3ban felt\u00fcntetett el\u00e9rhet\u0151s\u00e9g\u00e9n. Amennyiben \u00d6n sz\u00f3beli t\u00e1j\u00e9koztat\u00e1st k\u00e9r, \u00fagy szem\u00e9lyazonoss\u00e1ga igazol\u00e1s\u00e1t k\u00f6vet\u0151en a Hivatal erre felhatalmazott munkat\u00e1rsa a t\u00e1j\u00e9koztat\u00e1st sz\u00f3ban is megadhatja, ha a t\u00e1j\u00e9koztat\u00e1shoz sz\u00fcks\u00e9ges adatok r\u00e9sz\u00e9re rendelkez\u00e9sre \u00e1llnak. Minden m\u00e1s esetben az ig\u00e9nyt a munkat\u00e1rsunk r\u00f6gz\u00edti \u00e9s a k\u00e9relem be\u00e9rkez\u00e9s\u00e9t\u0151l sz\u00e1m\u00edtott egy h\u00f3napon bel\u00fcl t\u00e1j\u00e9koztatjuk \u00d6nt k\u00e9relm\u00e9vel kapcsolatosan. Ezt a hat\u00e1rid\u0151t maximum tov\u00e1bbi k\u00e9t h\u00f3nappal hosszabb\u00edthatjuk meg, ha a k\u00e9relem \u00f6sszetetts\u00e9ge vagy az aktu\u00e1lisan kezelt k\u00e9relmek sz\u00e1ma ezt indokolja. Err\u0151l a k\u00e9relem k\u00e9zhezv\u00e9tel\u00e9t\u0151l sz\u00e1m\u00edtott egy h\u00f3napon bel\u00fcl, elektronikus \u00faton t\u00e1j\u00e9koztatjuk.<\/p>\n<p>Amennyiben k\u00e9relm\u00e9re nem int\u00e9zked\u00fcnk vagy az int\u00e9zked\u00e9s\u00fcnket nem fogadja el, \u00fagy jogorvoslattal \u00e9lhet Hivatalunk ellen. Adatkezel\u00e9si elj\u00e1r\u00e1sunkkal kapcsolatos panasszal a Nemzeti Adatv\u00e9delmi \u00e9s Inform\u00e1ci\u00f3szabads\u00e1g Hat\u00f3s\u00e1ghoz (Postac\u00edm: 1055 Budapest, Falk Miksa u. 9-11., Levelez\u00e9si c\u00edm: 1374 Budapest, Pf. 603., e-mail c\u00edm: ugyfelszolgalat@naih.hu) vagy jogs\u00e9rt\u00e9s eset\u00e9n a lak\u00f3helye vagy tart\u00f3zkod\u00e1si helye szerinti t\u00f6rv\u00e9nysz\u00e9khez fordulhat. Felh\u00edvjuk azonban a figyelm\u00e9t, hogy a Nemzeti Adatv\u00e9delmi \u00e9s<\/p>\n<p>Inform\u00e1ci\u00f3szabads\u00e1g Hat\u00f3s\u00e1g gyakorlata alapj\u00e1n panasz\u00e1t akkor fogadja be a Hat\u00f3s\u00e1g, ha el\u0151bb az adatkezel\u0151h\u00f6z, eset\u00fcnkben teh\u00e1t Hivatalunkhoz fordult, de nem int\u00e9zkedt\u00fcnk a k\u00e9relm\u00e9re vagy az int\u00e9zked\u00e9s\u00fcnket nem fogadta el. Ez\u00e9rt javasoljuk, hogy el\u0151sz\u00f6r adatv\u00e9delmi tisztvisel\u0151nkkel vegye fel a kapcsolatot!<\/p>\n<ol start=\"5\">\n<li>Az \u00d6nkorm\u00e1nyzat honlapj\u00e1nak haszn\u00e1lata sor\u00e1n megval\u00f3sul\u00f3 adatkezel\u00e9sek<br \/>\nMinden adatkezel\u00e9sre ir\u00e1nyad\u00f3 k\u00f6z\u00f6s szab\u00e1lyok<\/li>\n<\/ol>\n<p>Minden adatkezel\u00e9ssel kapcsolatosan a 4. pontban r\u00e9szletezett \u00e9rintett jog\u00e9rv\u00e9nyes\u00edt\u00e9si \u00e9s jogorvoslati jogok illetik meg az adatkezel\u00e9s \u00e9rintettj\u00e9t.<\/p>\n<p><strong>5.1. Kapcsolatfelv\u00e9tel a Hivatallal<\/strong><\/p>\n<p><strong>\u00a0<\/strong><\/p>\n<p>A honlapon is lehet\u0151s\u00e9ge van a honlapra l\u00e1togat\u00f3nak a Hivatallal t\u00f6rt\u00e9n\u0151 a kapcsolatfelv\u00e9telre: egy \u0171rlap kit\u00f6lt\u00e9s\u00e9vel megadhat\u00f3ak a kapcsolatfelv\u00e9telhez sz\u00fcks\u00e9ges relev\u00e1ns adatok. Az adatok elk\u00fcld\u00e9s\u00e9re azonban csak akkor van lehet\u0151s\u00e9ge az \u00e9rintettnek, ha elfogadja a Hivatal adatv\u00e9delmi szab\u00e1lyait, ezt egy jel\u00f6l\u0151n\u00e9gyzet bejel\u00f6l\u00e9s\u00e9vel teheti meg, e n\u00e9lk\u00fcl nem tudja megk\u00fcldeni az \u00fczenet\u00e9t.<\/p>\n<p><strong>adatkezel\u00e9s c\u00e9lja: <\/strong>a Hivatallal val\u00f3 kapcsolatfelv\u00e9tel biztos\u00edt\u00e1sa, az el\u0151adott \u00fcgy \u00fcgyint\u00e9z\u00e9se<\/p>\n<p><strong>adatkezel<\/strong><strong>\u00e9<\/strong><strong>s<\/strong> <strong>jogalapja:<\/strong> a GDPR 6. cikk (1) a) szerinti az \u00e9rintett hozz\u00e1j\u00e1rul\u00e1sa<\/p>\n<p><strong>adatt<\/strong><strong>\u00e1rol\u00e1s<\/strong> <strong>hat\u00e1rideje:<\/strong> az adott kapcsolatfelv\u00e9teli-\u00fcgy elint\u00e9z\u00e9s\u00e9ig<\/p>\n<p>Ebben az adatkezel\u00e9sben megt\u00f6rt\u00e9nhet, hogy a Hivatal harmadik szem\u00e9ly sz\u00e1m\u00e1ra tov\u00e1bb\u00edtja az adatokat, abban az esetben, ha az \u00e9rintett \u00e1ltal megjel\u00f6lt \u00fcgy nem a Hivatal hat\u00e1sk\u00f6r\u00e9be vagy illet\u00e9kess\u00e9g\u00e9be tartozik, az \u00e9rintett egyidej\u0171 \u00e9rtes\u00edt\u00e9se mellett, a Hivatal az \u00fcgyet \u00e1tteszi a megfelel\u0151 hat\u00e1sk\u00f6rrel vagy illet\u00e9kess\u00e9ggel rendelkez\u0151 szem\u00e9lynek az adatok tov\u00e1bb\u00edt\u00e1s\u00e1val egy\u00fctt.<\/p>\n<p><strong>5.2. H\u00edrlev\u00e9l \u00fczemeltet\u00e9se<\/strong><\/p>\n<p><strong>\u00a0<\/strong><\/p>\n<p>A Hivatal az \u00d6nkorm\u00e1nyzat tev\u00e9kenys\u00e9ge, a Hivatal munk\u00e1ja ir\u00e1nt \u00e9rdekl\u0151d\u0151kkel t\u00f6rt\u00e9n\u0151 min\u00e9l szorosabb kapcsolattart\u00e1s c\u00e9lj\u00e1b\u00f3l h\u00edrlevelet \u00fczemeltet \u2013 ezen kereszt\u00fcl t\u00e1j\u00e9koztatva az \u00e9rdekl\u0151d\u0151ket az aktualit\u00e1sokr\u00f3l \u00e9s minden relev\u00e1ns inform\u00e1ci\u00f3r\u00f3l. A h\u00edrlev\u00e9lre term\u00e9szetes szem\u00e9ly neve \u00e9s e-mail c\u00edme megad\u00e1s\u00e1val, az adatkezel\u00e9si szab\u00e1lyokhoz val\u00f3 el\u0151zetes hozz\u00e1j\u00e1rul\u00e1ssal iratkozhat fel.<\/p>\n<p>Minden kik\u00fcld\u00f6tt h\u00edrlev\u00e9lben szerepel k\u00f6zvetlen leiratkoz\u00e1si lehet\u0151s\u00e9g, amely az adatkezel\u00e9shez val\u00f3 hozz\u00e1j\u00e1rul\u00e1s visszavon\u00e1s\u00e1nak min\u0151s\u00fcl.<\/p>\n<p>A h\u00edrlevelet kiz\u00e1r\u00f3lag olyan e-mail c\u00edmre k\u00fcldi meg a Hivatal, amely e-mail c\u00edmet az \u00e9rintett feliratkoztatta a Hivatal h\u00edrlev\u00e9l-list\u00e1j\u00e1ra.<\/p>\n<p><strong>adatkezel<\/strong><strong>\u00e9<\/strong><strong>s<\/strong> <strong>c<\/strong><strong>\u00e9<\/strong><strong>lja:<\/strong> az \u00e9rdekl\u0151d\u0151kkel val\u00f3 kapcsolattart\u00e1s h\u00edrlev\u00e9l \u00fatj\u00e1n<\/p>\n<p><strong>adatkezel\u00e9s jogalapja<\/strong>: a feliratkoz\u00e1s, azaz a GDPR 6. cikk (1) a) pont szerinti az \u00e9rintett hozz\u00e1j\u00e1rul\u00e1sa<\/p>\n<p><strong>adatt<\/strong><strong>\u00e1rol\u00e1s<\/strong> <strong>hat\u00e1rideje:<\/strong> a h\u00edrlev\u00e9lr\u0151l t\u00f6rt\u00e9n\u0151 leiratkoz\u00e1sig<\/p>\n<p><strong>5.3. <\/strong><strong>F<\/strong><strong>\u00e9<\/strong><strong>nyk<\/strong><strong>\u00e9<\/strong><strong>p- <\/strong><strong>\u00e9<\/strong><strong>s hangfelv<\/strong><strong>\u00e9<\/strong><strong>tel k<\/strong><strong>\u00e9<\/strong><strong>sz\u00edt<\/strong><strong>\u00e9<\/strong><strong>se az \u00d6nkorm\u00e1nyzat tev<\/strong><strong>\u00e9<\/strong><strong>kenys<\/strong><strong>\u00e9<\/strong><strong>g<\/strong><strong>\u00e9<\/strong><strong>nek bemutat\u00e1sa c<\/strong><strong>\u00e9<\/strong><strong>lj\u00e1b<\/strong><strong>\u00f3<\/strong><strong>l<\/strong><\/p>\n<p>Felh\u00edvjuk minden, az \u00d6nkorm\u00e1nyzat esem\u00e9nyei ir\u00e1nt \u00e9rdekl\u0151d\u0151 szem\u00e9ly figyelm\u00e9t, hogy az \u00d6nkorm\u00e1nyzat \u00e1ltal szervezett rendezv\u00e9nyeken az \u00d6nkorm\u00e1nyzat a rendezv\u00e9nyek meg\u00f6r\u00f6k\u00edt\u00e9se, a rendezv\u00e9nyekr\u0151l a hivatalos csatorn\u00e1in t\u00f6rt\u00e9n\u0151 besz\u00e1mol\u00e1s c\u00e9lj\u00e1b\u00f3l f\u00e9nyk\u00e9p- \u00e9s vide\u00f3felv\u00e9teleket k\u00e9sz\u00fcl. A rendezv\u00e9nyen val\u00f3 r\u00e9szv\u00e9tellel az \u00e9rintett hozz\u00e1j\u00e1rul, hogy r\u00f3la f\u00e9nyk\u00e9p- \u00e9s vide\u00f3felv\u00e9tel k\u00e9sz\u00fclj\u00f6n.<\/p>\n<p>Az \u00d6nkorm\u00e1nyzat hivatalos csatorn\u00e1j\u00e1nak sz\u00e1m\u00edt k\u00fcl\u00f6n\u00f6sen az \u00d6nkorm\u00e1nyzat \u00e1ltal \u00fczemeltetett hivatalos honlap www.oedenburg.hu \u00e9s k\u00f6z\u00f6ss\u00e9gi fel\u00fcletek.<\/p>\n<p><strong>adatkezel\u00e9s c\u00e9lja: <\/strong>az \u00f6nkorm\u00e1nyzati rendezv\u00e9nyek meg\u00f6r\u00f6k\u00edt\u00e9se, a rendezv\u00e9nyekr\u0151l t\u00f6rt\u00e9n\u0151 besz\u00e1mol\u00e1s<\/p>\n<p><strong>adatkezel\u00e9s jogalapja: <\/strong>az \u00e9rintett rendezv\u00e9nyen val\u00f3 megjelen\u00e9s\u00e9vel a GDPR 6. cikk (1) a) szerinti \u00e9rintetti hozz\u00e1j\u00e1rul\u00e1s<\/p>\n<p><strong>adatt<\/strong><strong>\u00e1rol\u00e1s\u00a0\u00a0\u00a0 hat\u00e1rideje:<\/strong> az\u00a0\u00a0\u00a0 adatt\u00f6rl\u00e9si\u00a0\u00a0 k\u00e9relemig,\u00a0\u00a0 de\u00a0\u00a0\u00a0\u00a0\u00a0\u00a0\u00a0\u00a0\u00a0\u00a0\u00a0\u00a0\u00a0\u00a0\u00a0\u00a0\u00a0\u00a0\u00a0\u00a0\u00a0\u00a0 legk\u00e9s\u0151bb\u00a0\u00a0\u00a0\u00a0\u00a0\u00a0\u00a0\u00a0\u00a0\u00a0 az\u00a0\u00a0\u00a0\u00a0\u00a0\u00a0\u00a0\u00a0\u00a0\u00a0\u00a0\u00a0\u00a0\u00a0\u00a0\u00a0 adott\u00a0\u00a0\u00a0\u00a0\u00a0\u00a0\u00a0\u00a0\u00a0\u00a0\u00a0\u00a0 esem\u00e9ny befejez\u00e9s\u00e9ig.<\/p>\n<p>adattov\u00e1bb\u00edt\u00e1s: &#8211;<\/p>\n<ol start=\"6\">\n<li><strong>Jelen<\/strong> <strong>t\u00e1j\u00e9koztat\u00f3ban<\/strong> <strong>nem<\/strong> <strong>meghat\u00e1rozott<\/strong> <strong>k\u00e9rd\u00e9sek<\/strong><\/li>\n<\/ol>\n<p><strong>\u00a0<\/strong><\/p>\n<p>A jelen t\u00e1j\u00e9koztat\u00f3ban nem meghat\u00e1rozott k\u00e9rd\u00e9sekben a GDPR szab\u00e1lyai az ir\u00e1nyad\u00f3ak.<\/p>","protected":false},"excerpt":{"rendered":"<p>Adatkezel\u00e9si t\u00e1j\u00e9koztat\u00f3 a Soproni N\u00e9met Nemzetis\u00e9gi \u00d6nkorm\u00e1nyzat www.oedenburg.hu honlap haszn\u00e1lata sor\u00e1n megval\u00f3sul\u00f3\u00a0 adatkezel\u00e9sekr\u0151l \u00a0 \u00a0 A Soproni N\u00e9met Nemzetis\u00e9gi \u00d6nkorm\u00e1nyzat az Eur\u00f3pai Parlament \u00e9s a &hellip; <\/p>","protected":false},"author":2,"featured_media":782,"parent":0,"menu_order":0,"comment_status":"closed","ping_status":"closed","template":"","meta":{"footnotes":""},"class_list":["post-12","page","type-page","status-publish","has-post-thumbnail","hentry","latest_post"],"yoast_head":"<!-- This site is optimized with the Yoast SEO plugin v27.6 - https:\/\/yoast.com\/product\/yoast-seo-wordpress\/ -->\n<title>Adatkezel\u00e9si t\u00e1j\u00e9koztat\u00f3 \u00e9s felhaszn\u00e1l\u00e1si felt\u00e9telek<\/title>\n<meta name=\"description\" content=\"Adatkezel\u00e9si t\u00e1j\u00e9koztat\u00f3 \u00e9s felhaszn\u00e1l\u00e1si felt\u00e9telek\" \/>\n<meta name=\"robots\" content=\"index, follow, max-snippet:-1, max-image-preview:large, max-video-preview:-1\" \/>\n<link rel=\"canonical\" href=\"https:\/\/oedenburg.hu\/de\/gdpr\/\" \/>\n<meta property=\"og:locale\" content=\"de_DE\" \/>\n<meta property=\"og:type\" content=\"article\" \/>\n<meta property=\"og:title\" content=\"Adatkezel\u00e9si t\u00e1j\u00e9koztat\u00f3 \u00e9s felhaszn\u00e1l\u00e1si felt\u00e9telek\" \/>\n<meta property=\"og:description\" content=\"Adatkezel\u00e9si t\u00e1j\u00e9koztat\u00f3 \u00e9s felhaszn\u00e1l\u00e1si felt\u00e9telek\" \/>\n<meta property=\"og:url\" content=\"https:\/\/oedenburg.hu\/de\/gdpr\/\" \/>\n<meta property=\"og:site_name\" content=\"N\u00e9met Nemzetis\u00e9gi \u00d6nkorm\u00e1nyzat Sopron\" \/>\n<meta property=\"article:publisher\" content=\"https:\/\/www.facebook.com\/Oedenburg\" \/>\n<meta property=\"article:modified_time\" content=\"2025-02-11T07:54:38+00:00\" \/>\n<meta property=\"og:image\" content=\"https:\/\/oedenburg.hu\/wp-content\/uploads\/2025\/02\/Nemet-nemzetisegi-logo-300x300px-72dpi.png\" \/>\n\t<meta property=\"og:image:width\" content=\"300\" \/>\n\t<meta property=\"og:image:height\" content=\"300\" \/>\n\t<meta property=\"og:image:type\" content=\"image\/png\" \/>\n<meta name=\"twitter:card\" content=\"summary_large_image\" \/>\n<meta name=\"twitter:label1\" content=\"Gesch\u00e4tzte Lesezeit\" \/>\n\t<meta name=\"twitter:data1\" content=\"9\u00a0Minuten\" \/>\n<script type=\"application\/ld+json\" class=\"yoast-schema-graph\">{\"@context\":\"https:\\\/\\\/schema.org\",\"@graph\":[{\"@type\":\"WebPage\",\"@id\":\"https:\\\/\\\/oedenburg.hu\\\/gdpr\\\/\",\"url\":\"https:\\\/\\\/oedenburg.hu\\\/gdpr\\\/\",\"name\":\"Adatkezel\u00e9si t\u00e1j\u00e9koztat\u00f3 \u00e9s felhaszn\u00e1l\u00e1si felt\u00e9telek\",\"isPartOf\":{\"@id\":\"https:\\\/\\\/oedenburg.hu\\\/#website\"},\"primaryImageOfPage\":{\"@id\":\"https:\\\/\\\/oedenburg.hu\\\/gdpr\\\/#primaryimage\"},\"image\":{\"@id\":\"https:\\\/\\\/oedenburg.hu\\\/gdpr\\\/#primaryimage\"},\"thumbnailUrl\":\"https:\\\/\\\/oedenburg.hu\\\/wp-content\\\/uploads\\\/2025\\\/02\\\/Nemet-nemzetisegi-logo-300x300px-72dpi.png\",\"datePublished\":\"2025-01-21T08:10:33+00:00\",\"dateModified\":\"2025-02-11T07:54:38+00:00\",\"description\":\"Adatkezel\u00e9si t\u00e1j\u00e9koztat\u00f3 \u00e9s felhaszn\u00e1l\u00e1si felt\u00e9telek\",\"breadcrumb\":{\"@id\":\"https:\\\/\\\/oedenburg.hu\\\/gdpr\\\/#breadcrumb\"},\"inLanguage\":\"de\",\"potentialAction\":[{\"@type\":\"ReadAction\",\"target\":[\"https:\\\/\\\/oedenburg.hu\\\/gdpr\\\/\"]}]},{\"@type\":\"ImageObject\",\"inLanguage\":\"de\",\"@id\":\"https:\\\/\\\/oedenburg.hu\\\/gdpr\\\/#primaryimage\",\"url\":\"https:\\\/\\\/oedenburg.hu\\\/wp-content\\\/uploads\\\/2025\\\/02\\\/Nemet-nemzetisegi-logo-300x300px-72dpi.png\",\"contentUrl\":\"https:\\\/\\\/oedenburg.hu\\\/wp-content\\\/uploads\\\/2025\\\/02\\\/Nemet-nemzetisegi-logo-300x300px-72dpi.png\",\"width\":300,\"height\":300},{\"@type\":\"BreadcrumbList\",\"@id\":\"https:\\\/\\\/oedenburg.hu\\\/gdpr\\\/#breadcrumb\",\"itemListElement\":[{\"@type\":\"ListItem\",\"position\":1,\"name\":\"Kezd\u0151lap\",\"item\":\"https:\\\/\\\/oedenburg.hu\\\/\"},{\"@type\":\"ListItem\",\"position\":2,\"name\":\"Adatkezel\u00e9si t\u00e1j\u00e9koztat\u00f3 \u00e9s felhaszn\u00e1l\u00e1si felt\u00e9telek\"}]},{\"@type\":\"WebSite\",\"@id\":\"https:\\\/\\\/oedenburg.hu\\\/#website\",\"url\":\"https:\\\/\\\/oedenburg.hu\\\/\",\"name\":\"N\u00e9met Nemzetis\u00e9gi \u00d6nkorm\u00e1nyzat Sopron\",\"description\":\"Deutsche Selbstverwaltung \u00d6denburg\",\"publisher\":{\"@id\":\"https:\\\/\\\/oedenburg.hu\\\/#organization\"},\"potentialAction\":[{\"@type\":\"SearchAction\",\"target\":{\"@type\":\"EntryPoint\",\"urlTemplate\":\"https:\\\/\\\/oedenburg.hu\\\/?s={search_term_string}\"},\"query-input\":{\"@type\":\"PropertyValueSpecification\",\"valueRequired\":true,\"valueName\":\"search_term_string\"}}],\"inLanguage\":\"de\"},{\"@type\":\"Organization\",\"@id\":\"https:\\\/\\\/oedenburg.hu\\\/#organization\",\"name\":\"N\u00e9met Nemzetis\u00e9gi \u00d6nkorm\u00e1nyzat Sopron\",\"url\":\"https:\\\/\\\/oedenburg.hu\\\/\",\"logo\":{\"@type\":\"ImageObject\",\"inLanguage\":\"de\",\"@id\":\"https:\\\/\\\/oedenburg.hu\\\/#\\\/schema\\\/logo\\\/image\\\/\",\"url\":\"https:\\\/\\\/oedenburg.hu\\\/wp-content\\\/uploads\\\/2025\\\/02\\\/Nemet-nemzetisegi-logo-300x300px-72dpi.png\",\"contentUrl\":\"https:\\\/\\\/oedenburg.hu\\\/wp-content\\\/uploads\\\/2025\\\/02\\\/Nemet-nemzetisegi-logo-300x300px-72dpi.png\",\"width\":300,\"height\":300,\"caption\":\"N\u00e9met Nemzetis\u00e9gi \u00d6nkorm\u00e1nyzat Sopron\"},\"image\":{\"@id\":\"https:\\\/\\\/oedenburg.hu\\\/#\\\/schema\\\/logo\\\/image\\\/\"},\"sameAs\":[\"https:\\\/\\\/www.facebook.com\\\/Oedenburg\"]}]}<\/script>\n<!-- \/ Yoast SEO plugin. -->","yoast_head_json":{"title":"Datenschutzerkl\u00e4rung und Nutzungsbedingungen","description":"Datenschutzerkl\u00e4rung und Nutzungsbedingungen","robots":{"index":"index","follow":"follow","max-snippet":"max-snippet:-1","max-image-preview":"max-image-preview:large","max-video-preview":"max-video-preview:-1"},"canonical":"https:\/\/oedenburg.hu\/de\/gdpr\/","og_locale":"de_DE","og_type":"article","og_title":"Adatkezel\u00e9si t\u00e1j\u00e9koztat\u00f3 \u00e9s felhaszn\u00e1l\u00e1si felt\u00e9telek","og_description":"Adatkezel\u00e9si t\u00e1j\u00e9koztat\u00f3 \u00e9s felhaszn\u00e1l\u00e1si felt\u00e9telek","og_url":"https:\/\/oedenburg.hu\/de\/gdpr\/","og_site_name":"N\u00e9met Nemzetis\u00e9gi \u00d6nkorm\u00e1nyzat Sopron","article_publisher":"https:\/\/www.facebook.com\/Oedenburg","article_modified_time":"2025-02-11T07:54:38+00:00","og_image":[{"width":300,"height":300,"url":"https:\/\/oedenburg.hu\/wp-content\/uploads\/2025\/02\/Nemet-nemzetisegi-logo-300x300px-72dpi.png","type":"image\/png"}],"twitter_card":"summary_large_image","twitter_misc":{"Gesch\u00e4tzte Lesezeit":"9\u00a0Minuten"},"schema":{"@context":"https:\/\/schema.org","@graph":[{"@type":"WebPage","@id":"https:\/\/oedenburg.hu\/gdpr\/","url":"https:\/\/oedenburg.hu\/gdpr\/","name":"Datenschutzerkl\u00e4rung und Nutzungsbedingungen","isPartOf":{"@id":"https:\/\/oedenburg.hu\/#website"},"primaryImageOfPage":{"@id":"https:\/\/oedenburg.hu\/gdpr\/#primaryimage"},"image":{"@id":"https:\/\/oedenburg.hu\/gdpr\/#primaryimage"},"thumbnailUrl":"https:\/\/oedenburg.hu\/wp-content\/uploads\/2025\/02\/Nemet-nemzetisegi-logo-300x300px-72dpi.png","datePublished":"2025-01-21T08:10:33+00:00","dateModified":"2025-02-11T07:54:38+00:00","description":"Datenschutzerkl\u00e4rung und Nutzungsbedingungen","breadcrumb":{"@id":"https:\/\/oedenburg.hu\/gdpr\/#breadcrumb"},"inLanguage":"de","potentialAction":[{"@type":"ReadAction","target":["https:\/\/oedenburg.hu\/gdpr\/"]}]},{"@type":"ImageObject","inLanguage":"de","@id":"https:\/\/oedenburg.hu\/gdpr\/#primaryimage","url":"https:\/\/oedenburg.hu\/wp-content\/uploads\/2025\/02\/Nemet-nemzetisegi-logo-300x300px-72dpi.png","contentUrl":"https:\/\/oedenburg.hu\/wp-content\/uploads\/2025\/02\/Nemet-nemzetisegi-logo-300x300px-72dpi.png","width":300,"height":300},{"@type":"BreadcrumbList","@id":"https:\/\/oedenburg.hu\/gdpr\/#breadcrumb","itemListElement":[{"@type":"ListItem","position":1,"name":"Kezd\u0151lap","item":"https:\/\/oedenburg.hu\/"},{"@type":"ListItem","position":2,"name":"Adatkezel\u00e9si t\u00e1j\u00e9koztat\u00f3 \u00e9s felhaszn\u00e1l\u00e1si felt\u00e9telek"}]},{"@type":"WebSite","@id":"https:\/\/oedenburg.hu\/#website","url":"https:\/\/oedenburg.hu\/","name":"Deutsche Selbstverwaltung \u00d6denburg","description":"N\u00e9met Nemzetis\u00e9gi \u00d6nkorm\u00e1nyzat Sopron","publisher":{"@id":"https:\/\/oedenburg.hu\/#organization"},"potentialAction":[{"@type":"SearchAction","target":{"@type":"EntryPoint","urlTemplate":"https:\/\/oedenburg.hu\/?s={search_term_string}"},"query-input":{"@type":"PropertyValueSpecification","valueRequired":true,"valueName":"search_term_string"}}],"inLanguage":"de"},{"@type":"Organization","@id":"https:\/\/oedenburg.hu\/#organization","name":"Deutsche Selbstverwaltung \u00d6denburg","url":"https:\/\/oedenburg.hu\/","logo":{"@type":"ImageObject","inLanguage":"de","@id":"https:\/\/oedenburg.hu\/#\/schema\/logo\/image\/","url":"https:\/\/oedenburg.hu\/wp-content\/uploads\/2025\/02\/Nemet-nemzetisegi-logo-300x300px-72dpi.png","contentUrl":"https:\/\/oedenburg.hu\/wp-content\/uploads\/2025\/02\/Nemet-nemzetisegi-logo-300x300px-72dpi.png","width":300,"height":300,"caption":"N\u00e9met Nemzetis\u00e9gi \u00d6nkorm\u00e1nyzat Sopron"},"image":{"@id":"https:\/\/oedenburg.hu\/#\/schema\/logo\/image\/"},"sameAs":["https:\/\/www.facebook.com\/Oedenburg"]}]}},"_links":{"self":[{"href":"https:\/\/oedenburg.hu\/de\/wp-json\/wp\/v2\/pages\/12","targetHints":{"allow":["GET"]}}],"collection":[{"href":"https:\/\/oedenburg.hu\/de\/wp-json\/wp\/v2\/pages"}],"about":[{"href":"https:\/\/oedenburg.hu\/de\/wp-json\/wp\/v2\/types\/page"}],"author":[{"embeddable":true,"href":"https:\/\/oedenburg.hu\/de\/wp-json\/wp\/v2\/users\/2"}],"replies":[{"embeddable":true,"href":"https:\/\/oedenburg.hu\/de\/wp-json\/wp\/v2\/comments?post=12"}],"version-history":[{"count":5,"href":"https:\/\/oedenburg.hu\/de\/wp-json\/wp\/v2\/pages\/12\/revisions"}],"predecessor-version":[{"id":757,"href":"https:\/\/oedenburg.hu\/de\/wp-json\/wp\/v2\/pages\/12\/revisions\/757"}],"wp:featuredmedia":[{"embeddable":true,"href":"https:\/\/oedenburg.hu\/de\/wp-json\/wp\/v2\/media\/782"}],"wp:attachment":[{"href":"https:\/\/oedenburg.hu\/de\/wp-json\/wp\/v2\/media?parent=12"}],"curies":[{"name":"wp","href":"https:\/\/api.w.org\/{rel}","templated":true}]}}