{"id":132,"date":"2025-01-21T12:55:51","date_gmt":"2025-01-21T12:55:51","guid":{"rendered":"https:\/\/oedenburg.hu\/?page_id=132"},"modified":"2025-04-03T10:11:04","modified_gmt":"2025-04-03T08:11:04","slug":"testulet","status":"publish","type":"page","link":"https:\/\/oedenburg.hu\/de\/testulet\/","title":{"rendered":"Mitglieder"},"content":{"rendered":"<div\r\n    \tclass=\"alignwide alignwide wp-block-tsb-team\"    id='tsbTeamMembers-1'\r\n    data-attributes='{&quot;members&quot;:[{&quot;background&quot;:{&quot;color&quot;:&quot;#0000&quot;},&quot;border&quot;:{&quot;radius&quot;:&quot;3px&quot;},&quot;shadow&quot;:[],&quot;photo&quot;:{&quot;id&quot;:596,&quot;url&quot;:&quot;https:\\\/\\\/oedenburg.hu\\\/wp-content\\\/uploads\\\/2025\\\/01\\\/Taschner-Tamas.jpg&quot;,&quot;alt&quot;:&quot;&quot;,&quot;title&quot;:&quot;Taschner Tamas&quot;},&quot;photoBorder&quot;:{&quot;radius&quot;:&quot;10%&quot;},&quot;name&quot;:&quot;&lt;strong&gt;Taschner Tam\\u00e1s&lt;\\\/strong&gt;&quot;,&quot;nameColor&quot;:&quot;#333&quot;,&quot;title&quot;:&quot;Eln\\u00f6k&quot;,&quot;titleColor&quot;:&quot;#333&quot;,&quot;separator&quot;:{&quot;width&quot;:&quot;20%&quot;,&quot;height&quot;:&quot;3px&quot;,&quot;color&quot;:&quot;#777&quot;},&quot;bio&quot;:&quot;&quot;,&quot;bioColor&quot;:&quot;#333&quot;,&quot;social&quot;:[{&quot;link&quot;:&quot;https:\\\/\\\/www.facebook.com\\\/tamas.taschner&quot;,&quot;icon&quot;:{&quot;class&quot;:&quot;fab fa-facebook-f&quot;}}],&quot;socialIconColors&quot;:{&quot;type&quot;:&quot;object&quot;,&quot;default&quot;:{&quot;color&quot;:&quot;#fff&quot;,&quot;bg&quot;:&quot;#4527a4&quot;}}},{&quot;background&quot;:{&quot;color&quot;:&quot;#0000&quot;},&quot;border&quot;:{&quot;radius&quot;:&quot;3px&quot;},&quot;shadow&quot;:[],&quot;photo&quot;:{&quot;id&quot;:593,&quot;url&quot;:&quot;https:\\\/\\\/oedenburg.hu\\\/wp-content\\\/uploads\\\/2025\\\/01\\\/Baranyai-Konrad.jpg&quot;,&quot;alt&quot;:&quot;&quot;,&quot;title&quot;:&quot;Baranyai Konrad&quot;},&quot;photoBorder&quot;:{&quot;radius&quot;:&quot;10%&quot;},&quot;name&quot;:&quot;&lt;strong&gt;Baranyai Konr\\u00e1d S\\u00e1ndor&lt;\\\/strong&gt;&quot;,&quot;nameColor&quot;:&quot;#333&quot;,&quot;title&quot;:&quot;Eln\\u00f6khelyettes&quot;,&quot;titleColor&quot;:&quot;#333&quot;,&quot;separator&quot;:{&quot;width&quot;:&quot;20%&quot;,&quot;height&quot;:&quot;3px&quot;,&quot;color&quot;:&quot;#777&quot;},&quot;bio&quot;:&quot;&quot;,&quot;bioColor&quot;:&quot;#333&quot;,&quot;social&quot;:[{&quot;link&quot;:&quot;https:\\\/\\\/www.facebook.com\\\/baranyai.konrad&quot;,&quot;icon&quot;:{&quot;class&quot;:&quot;fab fa-facebook-f&quot;}}],&quot;socialIconColors&quot;:{&quot;type&quot;:&quot;object&quot;,&quot;default&quot;:{&quot;color&quot;:&quot;#fff&quot;,&quot;bg&quot;:&quot;#4527a4&quot;}}},{&quot;background&quot;:{&quot;color&quot;:&quot;#0000&quot;},&quot;border&quot;:{&quot;radius&quot;:&quot;3px&quot;},&quot;shadow&quot;:[],&quot;photo&quot;:{&quot;id&quot;:null,&quot;url&quot;:&quot;&quot;,&quot;alt&quot;:&quot;&quot;,&quot;title&quot;:&quot;&quot;},&quot;photoBorder&quot;:{&quot;radius&quot;:&quot;10%&quot;},&quot;name&quot;:&quot;&quot;,&quot;nameColor&quot;:&quot;#333&quot;,&quot;title&quot;:&quot;&quot;,&quot;titleColor&quot;:&quot;#333&quot;,&quot;separator&quot;:{&quot;width&quot;:&quot;0%&quot;,&quot;height&quot;:&quot;0px&quot;,&quot;color&quot;:&quot;#777&quot;},&quot;bio&quot;:&quot;&quot;,&quot;bioColor&quot;:&quot;#333&quot;,&quot;social&quot;:[],&quot;socialIconColors&quot;:{&quot;type&quot;:&quot;object&quot;,&quot;default&quot;:{&quot;color&quot;:&quot;#fff&quot;,&quot;bg&quot;:&quot;#4527a4&quot;}}},{&quot;background&quot;:{&quot;color&quot;:&quot;#0000&quot;},&quot;border&quot;:{&quot;radius&quot;:&quot;3px&quot;},&quot;shadow&quot;:[],&quot;photo&quot;:{&quot;id&quot;:806,&quot;url&quot;:&quot;https:\\\/\\\/oedenburg.hu\\\/wp-content\\\/uploads\\\/2025\\\/02\\\/bratl-bernadett.jpg&quot;,&quot;alt&quot;:&quot;&quot;,&quot;title&quot;:&quot;bratl bernadett&quot;},&quot;photoBorder&quot;:{&quot;radius&quot;:&quot;10%&quot;},&quot;name&quot;:&quot;&lt;strong&gt;&lt;strong&gt;&lt;strong&gt;&lt;strong&gt;Bratl Bernadett&lt;\\\/strong&gt;&lt;\\\/strong&gt;&lt;\\\/strong&gt;&lt;\\\/strong&gt;&quot;,&quot;nameColor&quot;:&quot;#333&quot;,&quot;title&quot;:&quot;K\\u00e9pvisel\\u0151&quot;,&quot;titleColor&quot;:&quot;#333&quot;,&quot;separator&quot;:{&quot;width&quot;:&quot;0%&quot;,&quot;height&quot;:&quot;0px&quot;,&quot;color&quot;:&quot;#777&quot;},&quot;bio&quot;:&quot;&quot;,&quot;bioColor&quot;:&quot;#333&quot;,&quot;social&quot;:[],&quot;socialIconColors&quot;:{&quot;type&quot;:&quot;object&quot;,&quot;default&quot;:{&quot;color&quot;:&quot;#fff&quot;,&quot;bg&quot;:&quot;#4527a4&quot;}}},{&quot;background&quot;:{&quot;color&quot;:&quot;#0000&quot;},&quot;border&quot;:{&quot;radius&quot;:&quot;3px&quot;},&quot;shadow&quot;:[],&quot;photo&quot;:{&quot;id&quot;:684,&quot;url&quot;:&quot;https:\\\/\\\/oedenburg.hu\\\/wp-content\\\/uploads\\\/2025\\\/01\\\/Krisch-Magdolna.jpg&quot;,&quot;alt&quot;:&quot;&quot;,&quot;title&quot;:&quot;Krisch Magdolna&quot;},&quot;photoBorder&quot;:{&quot;radius&quot;:&quot;10%&quot;},&quot;name&quot;:&quot;&lt;strong&gt;&lt;strong&gt;&lt;strong&gt;Krisch Alad\\u00e1r R\\u00f3bertn\\u00e9&lt;\\\/strong&gt;&lt;\\\/strong&gt;&lt;\\\/strong&gt;&quot;,&quot;nameColor&quot;:&quot;#333&quot;,&quot;title&quot;:&quot;K\\u00e9pvisel\\u0151&quot;,&quot;titleColor&quot;:&quot;#333&quot;,&quot;separator&quot;:{&quot;width&quot;:&quot;0%&quot;,&quot;height&quot;:&quot;0px&quot;,&quot;color&quot;:&quot;#777&quot;},&quot;bio&quot;:&quot;&quot;,&quot;bioColor&quot;:&quot;#333&quot;,&quot;social&quot;:[],&quot;socialIconColors&quot;:{&quot;type&quot;:&quot;object&quot;,&quot;default&quot;:{&quot;color&quot;:&quot;#fff&quot;,&quot;bg&quot;:&quot;#4527a4&quot;}}},{&quot;background&quot;:{&quot;color&quot;:&quot;#0000&quot;},&quot;border&quot;:{&quot;radius&quot;:&quot;3px&quot;},&quot;shadow&quot;:[],&quot;photo&quot;:{&quot;id&quot;:598,&quot;url&quot;:&quot;https:\\\/\\\/oedenburg.hu\\\/wp-content\\\/uploads\\\/2025\\\/01\\\/Krisch-Andras.jpg&quot;,&quot;alt&quot;:&quot;&quot;,&quot;title&quot;:&quot;Krisch Andras&quot;},&quot;photoBorder&quot;:{&quot;radius&quot;:&quot;10%&quot;},&quot;name&quot;:&quot;&lt;strong&gt;Dr. Krisch Andr\\u00e1s&lt;\\\/strong&gt;&quot;,&quot;nameColor&quot;:&quot;#333&quot;,&quot;title&quot;:&quot;K\\u00e9pvisel\\u0151&quot;,&quot;titleColor&quot;:&quot;#333&quot;,&quot;separator&quot;:{&quot;width&quot;:&quot;0%&quot;,&quot;height&quot;:&quot;0px&quot;,&quot;color&quot;:&quot;#777&quot;},&quot;bio&quot;:&quot;&quot;,&quot;bioColor&quot;:&quot;#333&quot;,&quot;social&quot;:[],&quot;socialIconColors&quot;:{&quot;type&quot;:&quot;object&quot;,&quot;default&quot;:{&quot;color&quot;:&quot;#fff&quot;,&quot;bg&quot;:&quot;#4527a4&quot;}}}],&quot;columnGap&quot;:&quot;75px&quot;,&quot;rowGap&quot;:&quot;75px&quot;,&quot;isLinkNewTab&quot;:true,&quot;padding&quot;:{&quot;vertical&quot;:&quot;50px&quot;,&quot;horizontal&quot;:&quot;0px&quot;},&quot;photoWidth&quot;:&quot;149px&quot;,&quot;photoMargin&quot;:{&quot;side&quot;:4,&quot;bottom&quot;:&quot;30px&quot;,&quot;top&quot;:&quot;&quot;},&quot;nameMargin&quot;:{&quot;side&quot;:4,&quot;bottom&quot;:&quot;10px&quot;,&quot;top&quot;:&quot;30px&quot;},&quot;sepMargin&quot;:{&quot;side&quot;:4,&quot;bottom&quot;:&quot;15px&quot;,&quot;vertical&quot;:&quot;0px&quot;,&quot;horizontal&quot;:&quot;0px&quot;,&quot;top&quot;:&quot;0px&quot;,&quot;right&quot;:&quot;0px&quot;,&quot;left&quot;:&quot;0px&quot;},&quot;TrpContentRestriction&quot;:{&quot;restriction_type&quot;:&quot;exclude&quot;,&quot;selected_languages&quot;:[],&quot;panel_open&quot;:false},&quot;align&quot;:&quot;wide&quot;,&quot;columns&quot;:{&quot;desktop&quot;:3,&quot;tablet&quot;:2,&quot;mobile&quot;:1},&quot;layout&quot;:&quot;vertical&quot;,&quot;theme&quot;:&quot;default&quot;,&quot;textAlign&quot;:&quot;center&quot;,&quot;nameTypo&quot;:{&quot;fontSize&quot;:{&quot;desktop&quot;:&quot;20px&quot;,&quot;tablet&quot;:&quot;18px&quot;,&quot;mobile&quot;:&quot;16px&quot;},&quot;fontWeight&quot;:600},&quot;isTitle&quot;:true,&quot;titleTypo&quot;:{&quot;fontSize&quot;:{&quot;desktop&quot;:&quot;16px&quot;}},&quot;titleMargin&quot;:{&quot;side&quot;:4,&quot;bottom&quot;:&quot;10px&quot;},&quot;isSep&quot;:true,&quot;isBio&quot;:true,&quot;bioTypo&quot;:{&quot;fontSize&quot;:{&quot;desktop&quot;:&quot;15px&quot;}},&quot;bioMargin&quot;:{&quot;side&quot;:4,&quot;bottom&quot;:&quot;15px&quot;},&quot;isSocial&quot;:true,&quot;socialSize&quot;:&quot;22px&quot;,&quot;socialIconMargin&quot;:{&quot;side&quot;:2,&quot;vertical&quot;:&quot;10px&quot;,&quot;horizontal&quot;:&quot;10px&quot;},&quot;styles&quot;:{&quot;bg&quot;:[],&quot;width&quot;:&quot;100%&quot;,&quot;alignment&quot;:&quot;center&quot;,&quot;padding&quot;:{&quot;top&quot;:&quot;0px&quot;,&quot;right&quot;:&quot;0px&quot;,&quot;bottom&quot;:&quot;0px&quot;,&quot;left&quot;:&quot;0px&quot;},&quot;margin&quot;:{&quot;top&quot;:&quot;0px&quot;,&quot;right&quot;:&quot;0px&quot;,&quot;bottom&quot;:&quot;0px&quot;,&quot;left&quot;:&quot;0px&quot;},&quot;teamMember&quot;:{&quot;height&quot;:{&quot;desktop&quot;:&quot;100%&quot;,&quot;tablet&quot;:&quot;100%&quot;,&quot;mobile&quot;:&quot;300px&quot;},&quot;padding&quot;:{&quot;top&quot;:&quot;11px&quot;,&quot;left&quot;:&quot;11px&quot;,&quot;bottom&quot;:&quot;11px&quot;,&quot;right&quot;:&quot;11px&quot;},&quot;shape&quot;:{&quot;bg&quot;:{&quot;type&quot;:&quot;gradient&quot;,&quot;gradient&quot;:&quot;&quot;}},&quot;bg&quot;:{&quot;type&quot;:&quot;gradient&quot;,&quot;gradient&quot;:&quot;linear-gradient(83deg,rgb(255,221,64) 97%,rgba(0,0,0,0) 97%)&quot;},&quot;evenItemBg&quot;:{&quot;type&quot;:&quot;gradient&quot;,&quot;gradient&quot;:&quot;linear-gradient(277deg,rgb(255,221,64) 97%,rgba(0,0,0,0) 97%)&quot;},&quot;photo&quot;:{&quot;bg&quot;:{&quot;type&quot;:&quot;gradient&quot;,&quot;gradient&quot;:&quot;linear-gradient(274deg,rgb(47,49,58) 70%,rgb(255,221,64) 70%)&quot;},&quot;size&quot;:&quot;100px&quot;,&quot;padding&quot;:{&quot;top&quot;:&quot;8px&quot;,&quot;left&quot;:&quot;8px&quot;,&quot;bottom&quot;:&quot;8px&quot;,&quot;right&quot;:&quot;8px&quot;},&quot;radius&quot;:{&quot;top&quot;:&quot;4px&quot;,&quot;left&quot;:&quot;4px&quot;,&quot;bottom&quot;:&quot;4px&quot;,&quot;right&quot;:&quot;4px&quot;},&quot;grayScale&quot;:1,&quot;evenItemPhotoBg&quot;:{&quot;type&quot;:&quot;gradient&quot;,&quot;gradient&quot;:&quot;linear-gradient(86deg,rgb(47,49,58) 70%,rgb(255,221,64) 70%)&quot;}},&quot;name&quot;:{&quot;colors&quot;:{&quot;color&quot;:&quot;#ffdd40&quot;,&quot;bg&quot;:&quot;#282a31&quot;},&quot;padding&quot;:{&quot;top&quot;:&quot;15px&quot;,&quot;right&quot;:&quot;23px&quot;,&quot;bottom&quot;:&quot;15px&quot;,&quot;left&quot;:&quot;23px&quot;},&quot;radius&quot;:{&quot;top&quot;:&quot;4px&quot;,&quot;right&quot;:&quot;4px&quot;,&quot;bottom&quot;:&quot;4px&quot;,&quot;left&quot;:&quot;4px&quot;},&quot;typo&quot;:{&quot;fontFamily&quot;:&quot;Default&quot;,&quot;fontCategory&quot;:&quot;sans-serif&quot;,&quot;fontWeight&quot;:null,&quot;isUploadFont&quot;:true,&quot;fontSize&quot;:{&quot;desktop&quot;:&quot;20px&quot;,&quot;tablet&quot;:&quot;18px&quot;,&quot;mobile&quot;:&quot;14px&quot;},&quot;fontStyle&quot;:&quot;normal&quot;,&quot;textTransform&quot;:&quot;none&quot;,&quot;textDecoration&quot;:&quot;none&quot;,&quot;lineHeight&quot;:&quot;&quot;,&quot;letterSpace&quot;:&quot;0px&quot;}},&quot;title&quot;:{&quot;colors&quot;:{&quot;color&quot;:&quot;#2f313a&quot;,&quot;bg&quot;:&quot;#ffdd40&quot;},&quot;padding&quot;:{&quot;top&quot;:&quot;6px&quot;,&quot;right&quot;:&quot;12px&quot;,&quot;bottom&quot;:&quot;8px&quot;,&quot;left&quot;:&quot;12px&quot;},&quot;radius&quot;:{&quot;top&quot;:&quot;4px&quot;,&quot;right&quot;:&quot;4px&quot;,&quot;bottom&quot;:&quot;4px&quot;,&quot;left&quot;:&quot;4px&quot;},&quot;typo&quot;:{&quot;fontFamily&quot;:&quot;Default&quot;,&quot;fontCategory&quot;:&quot;sans-serif&quot;,&quot;fontWeight&quot;:600,&quot;isUploadFont&quot;:true,&quot;fontSize&quot;:{&quot;desktop&quot;:&quot;14px&quot;,&quot;tablet&quot;:&quot;14px&quot;,&quot;mobile&quot;:&quot;11px&quot;},&quot;fontStyle&quot;:&quot;normal&quot;,&quot;textTransform&quot;:&quot;none&quot;,&quot;textDecoration&quot;:&quot;none&quot;,&quot;lineHeight&quot;:&quot;&quot;,&quot;letterSpace&quot;:&quot;0px&quot;}},&quot;bio&quot;:{&quot;color&quot;:&quot;black&quot;,&quot;typo&quot;:{&quot;fontFamily&quot;:&quot;Default&quot;,&quot;fontCategory&quot;:&quot;sans-serif&quot;,&quot;fontWeight&quot;:null,&quot;isUploadFont&quot;:true,&quot;fontSize&quot;:{&quot;desktop&quot;:&quot;20px&quot;,&quot;tablet&quot;:&quot;20px&quot;,&quot;mobile&quot;:&quot;14px&quot;},&quot;fontStyle&quot;:&quot;normal&quot;,&quot;textTransform&quot;:&quot;none&quot;,&quot;textDecoration&quot;:&quot;none&quot;,&quot;lineHeight&quot;:&quot;&quot;,&quot;letterSpace&quot;:&quot;0px&quot;}},&quot;userName&quot;:{&quot;colors&quot;:{&quot;color&quot;:&quot;#ffdd40&quot;,&quot;bg&quot;:&quot;#2f313a&quot;},&quot;padding&quot;:{&quot;top&quot;:&quot;2px&quot;,&quot;right&quot;:&quot;8px&quot;,&quot;bottom&quot;:&quot;6px&quot;,&quot;left&quot;:&quot;8px&quot;},&quot;radius&quot;:{&quot;top&quot;:&quot;8px&quot;,&quot;right&quot;:&quot;8px&quot;,&quot;bottom&quot;:&quot;8px&quot;,&quot;left&quot;:&quot;8px&quot;},&quot;typo&quot;:{&quot;fontFamily&quot;:&quot;Default&quot;,&quot;fontCategory&quot;:&quot;sans-serif&quot;,&quot;fontWeight&quot;:null,&quot;isUploadFont&quot;:true,&quot;fontSize&quot;:{&quot;desktop&quot;:&quot;20px&quot;,&quot;tablet&quot;:&quot;20px&quot;,&quot;mobile&quot;:&quot;14px&quot;},&quot;fontStyle&quot;:&quot;normal&quot;,&quot;textTransform&quot;:&quot;none&quot;,&quot;textDecoration&quot;:&quot;none&quot;,&quot;lineHeight&quot;:&quot;&quot;,&quot;letterSpace&quot;:&quot;0px&quot;}}}},&quot;options&quot;:{&quot;showUserName&quot;:true,&quot;hoverOnScale&quot;:true,&quot;isShowWaterMark&quot;:true,&quot;waterMark&quot;:&quot;TEAM&quot;,&quot;isShowShape&quot;:true,&quot;icon&quot;:&quot;&lt;svg xmlns=&#039;http:\\\/\\\/www.w3.org\\\/2000\\\/svg&#039; viewBox=&#039;0 0 512 512&#039;&gt;&lt;path d=&#039;M502.6 278.6c12.5-12.5 12.5-32.8 0-45.3l-128-128c-12.5-12.5-32.8-12.5-45.3 0s-12.5 32.8 0 45.3L402.7 224 32 224c-17.7 0-32 14.3-32 32s14.3 32 32 32l370.7 0-73.4 73.4c-12.5 12.5-12.5 32.8 0 45.3s32.8 12.5 45.3 0l128-128z&#039;\\\/&gt;&lt;\\\/svg&gt;&quot;}}'data-pipecheck=''\r\n><\/div>\n\n\n<p><\/p>\n","protected":false},"excerpt":{"rendered":"","protected":false},"author":2,"featured_media":782,"parent":0,"menu_order":0,"comment_status":"closed","ping_status":"closed","template":"","meta":{"footnotes":""},"class_list":["post-132","page","type-page","status-publish","has-post-thumbnail","hentry","latest_post"],"yoast_head":"<!-- This site is optimized with the Yoast SEO plugin v27.5 - https:\/\/yoast.com\/product\/yoast-seo-wordpress\/ -->\n<title>Test\u00fclet<\/title>\n<meta name=\"description\" content=\"Test\u00fclet\" \/>\n<meta name=\"robots\" content=\"index, follow, max-snippet:-1, max-image-preview:large, max-video-preview:-1\" \/>\n<link rel=\"canonical\" href=\"https:\/\/oedenburg.hu\/de\/testulet\/\" \/>\n<meta property=\"og:locale\" content=\"de_DE\" \/>\n<meta property=\"og:type\" content=\"article\" \/>\n<meta property=\"og:title\" content=\"Test\u00fclet\" \/>\n<meta property=\"og:description\" content=\"Test\u00fclet\" \/>\n<meta property=\"og:url\" content=\"https:\/\/oedenburg.hu\/de\/testulet\/\" \/>\n<meta property=\"og:site_name\" content=\"N\u00e9met Nemzetis\u00e9gi \u00d6nkorm\u00e1nyzat Sopron\" \/>\n<meta property=\"article:publisher\" content=\"https:\/\/www.facebook.com\/Oedenburg\" \/>\n<meta property=\"article:modified_time\" content=\"2025-04-03T08:11:04+00:00\" \/>\n<meta property=\"og:image\" content=\"https:\/\/oedenburg.hu\/wp-content\/uploads\/2025\/02\/Nemet-nemzetisegi-logo-300x300px-72dpi.png\" \/>\n\t<meta property=\"og:image:width\" content=\"300\" \/>\n\t<meta property=\"og:image:height\" content=\"300\" \/>\n\t<meta property=\"og:image:type\" content=\"image\/png\" \/>\n<meta name=\"twitter:card\" content=\"summary_large_image\" \/>\n<script type=\"application\/ld+json\" class=\"yoast-schema-graph\">{\"@context\":\"https:\\\/\\\/schema.org\",\"@graph\":[{\"@type\":\"WebPage\",\"@id\":\"https:\\\/\\\/oedenburg.hu\\\/testulet\\\/\",\"url\":\"https:\\\/\\\/oedenburg.hu\\\/testulet\\\/\",\"name\":\"Test\u00fclet\",\"isPartOf\":{\"@id\":\"https:\\\/\\\/oedenburg.hu\\\/#website\"},\"primaryImageOfPage\":{\"@id\":\"https:\\\/\\\/oedenburg.hu\\\/testulet\\\/#primaryimage\"},\"image\":{\"@id\":\"https:\\\/\\\/oedenburg.hu\\\/testulet\\\/#primaryimage\"},\"thumbnailUrl\":\"https:\\\/\\\/oedenburg.hu\\\/wp-content\\\/uploads\\\/2025\\\/02\\\/Nemet-nemzetisegi-logo-300x300px-72dpi.png\",\"datePublished\":\"2025-01-21T12:55:51+00:00\",\"dateModified\":\"2025-04-03T08:11:04+00:00\",\"description\":\"Test\u00fclet\",\"breadcrumb\":{\"@id\":\"https:\\\/\\\/oedenburg.hu\\\/testulet\\\/#breadcrumb\"},\"inLanguage\":\"de\",\"potentialAction\":[{\"@type\":\"ReadAction\",\"target\":[\"https:\\\/\\\/oedenburg.hu\\\/testulet\\\/\"]}]},{\"@type\":\"ImageObject\",\"inLanguage\":\"de\",\"@id\":\"https:\\\/\\\/oedenburg.hu\\\/testulet\\\/#primaryimage\",\"url\":\"https:\\\/\\\/oedenburg.hu\\\/wp-content\\\/uploads\\\/2025\\\/02\\\/Nemet-nemzetisegi-logo-300x300px-72dpi.png\",\"contentUrl\":\"https:\\\/\\\/oedenburg.hu\\\/wp-content\\\/uploads\\\/2025\\\/02\\\/Nemet-nemzetisegi-logo-300x300px-72dpi.png\",\"width\":300,\"height\":300},{\"@type\":\"BreadcrumbList\",\"@id\":\"https:\\\/\\\/oedenburg.hu\\\/testulet\\\/#breadcrumb\",\"itemListElement\":[{\"@type\":\"ListItem\",\"position\":1,\"name\":\"Kezd\u0151lap\",\"item\":\"https:\\\/\\\/oedenburg.hu\\\/\"},{\"@type\":\"ListItem\",\"position\":2,\"name\":\"Test\u00fclet\"}]},{\"@type\":\"WebSite\",\"@id\":\"https:\\\/\\\/oedenburg.hu\\\/#website\",\"url\":\"https:\\\/\\\/oedenburg.hu\\\/\",\"name\":\"N\u00e9met Nemzetis\u00e9gi \u00d6nkorm\u00e1nyzat Sopron\",\"description\":\"Deutsche Selbstverwaltung \u00d6denburg\",\"publisher\":{\"@id\":\"https:\\\/\\\/oedenburg.hu\\\/#organization\"},\"potentialAction\":[{\"@type\":\"SearchAction\",\"target\":{\"@type\":\"EntryPoint\",\"urlTemplate\":\"https:\\\/\\\/oedenburg.hu\\\/?s={search_term_string}\"},\"query-input\":{\"@type\":\"PropertyValueSpecification\",\"valueRequired\":true,\"valueName\":\"search_term_string\"}}],\"inLanguage\":\"de\"},{\"@type\":\"Organization\",\"@id\":\"https:\\\/\\\/oedenburg.hu\\\/#organization\",\"name\":\"N\u00e9met Nemzetis\u00e9gi \u00d6nkorm\u00e1nyzat Sopron\",\"url\":\"https:\\\/\\\/oedenburg.hu\\\/\",\"logo\":{\"@type\":\"ImageObject\",\"inLanguage\":\"de\",\"@id\":\"https:\\\/\\\/oedenburg.hu\\\/#\\\/schema\\\/logo\\\/image\\\/\",\"url\":\"https:\\\/\\\/oedenburg.hu\\\/wp-content\\\/uploads\\\/2025\\\/02\\\/Nemet-nemzetisegi-logo-300x300px-72dpi.png\",\"contentUrl\":\"https:\\\/\\\/oedenburg.hu\\\/wp-content\\\/uploads\\\/2025\\\/02\\\/Nemet-nemzetisegi-logo-300x300px-72dpi.png\",\"width\":300,\"height\":300,\"caption\":\"N\u00e9met Nemzetis\u00e9gi \u00d6nkorm\u00e1nyzat Sopron\"},\"image\":{\"@id\":\"https:\\\/\\\/oedenburg.hu\\\/#\\\/schema\\\/logo\\\/image\\\/\"},\"sameAs\":[\"https:\\\/\\\/www.facebook.com\\\/Oedenburg\"]}]}<\/script>\n<!-- \/ Yoast SEO plugin. -->","yoast_head_json":{"title":"Mitglieder","description":"Mitglieder","robots":{"index":"index","follow":"follow","max-snippet":"max-snippet:-1","max-image-preview":"max-image-preview:large","max-video-preview":"max-video-preview:-1"},"canonical":"https:\/\/oedenburg.hu\/de\/testulet\/","og_locale":"de_DE","og_type":"article","og_title":"Test\u00fclet","og_description":"Test\u00fclet","og_url":"https:\/\/oedenburg.hu\/de\/testulet\/","og_site_name":"N\u00e9met Nemzetis\u00e9gi \u00d6nkorm\u00e1nyzat Sopron","article_publisher":"https:\/\/www.facebook.com\/Oedenburg","article_modified_time":"2025-04-03T08:11:04+00:00","og_image":[{"width":300,"height":300,"url":"https:\/\/oedenburg.hu\/wp-content\/uploads\/2025\/02\/Nemet-nemzetisegi-logo-300x300px-72dpi.png","type":"image\/png"}],"twitter_card":"summary_large_image","schema":{"@context":"https:\/\/schema.org","@graph":[{"@type":"WebPage","@id":"https:\/\/oedenburg.hu\/testulet\/","url":"https:\/\/oedenburg.hu\/testulet\/","name":"Mitglieder","isPartOf":{"@id":"https:\/\/oedenburg.hu\/#website"},"primaryImageOfPage":{"@id":"https:\/\/oedenburg.hu\/testulet\/#primaryimage"},"image":{"@id":"https:\/\/oedenburg.hu\/testulet\/#primaryimage"},"thumbnailUrl":"https:\/\/oedenburg.hu\/wp-content\/uploads\/2025\/02\/Nemet-nemzetisegi-logo-300x300px-72dpi.png","datePublished":"2025-01-21T12:55:51+00:00","dateModified":"2025-04-03T08:11:04+00:00","description":"Mitglieder","breadcrumb":{"@id":"https:\/\/oedenburg.hu\/testulet\/#breadcrumb"},"inLanguage":"de","potentialAction":[{"@type":"ReadAction","target":["https:\/\/oedenburg.hu\/testulet\/"]}]},{"@type":"ImageObject","inLanguage":"de","@id":"https:\/\/oedenburg.hu\/testulet\/#primaryimage","url":"https:\/\/oedenburg.hu\/wp-content\/uploads\/2025\/02\/Nemet-nemzetisegi-logo-300x300px-72dpi.png","contentUrl":"https:\/\/oedenburg.hu\/wp-content\/uploads\/2025\/02\/Nemet-nemzetisegi-logo-300x300px-72dpi.png","width":300,"height":300},{"@type":"BreadcrumbList","@id":"https:\/\/oedenburg.hu\/testulet\/#breadcrumb","itemListElement":[{"@type":"ListItem","position":1,"name":"Kezd\u0151lap","item":"https:\/\/oedenburg.hu\/"},{"@type":"ListItem","position":2,"name":"Test\u00fclet"}]},{"@type":"WebSite","@id":"https:\/\/oedenburg.hu\/#website","url":"https:\/\/oedenburg.hu\/","name":"Deutsche Selbstverwaltung \u00d6denburg","description":"N\u00e9met Nemzetis\u00e9gi \u00d6nkorm\u00e1nyzat Sopron","publisher":{"@id":"https:\/\/oedenburg.hu\/#organization"},"potentialAction":[{"@type":"SearchAction","target":{"@type":"EntryPoint","urlTemplate":"https:\/\/oedenburg.hu\/?s={search_term_string}"},"query-input":{"@type":"PropertyValueSpecification","valueRequired":true,"valueName":"search_term_string"}}],"inLanguage":"de"},{"@type":"Organization","@id":"https:\/\/oedenburg.hu\/#organization","name":"Deutsche Selbstverwaltung \u00d6denburg","url":"https:\/\/oedenburg.hu\/","logo":{"@type":"ImageObject","inLanguage":"de","@id":"https:\/\/oedenburg.hu\/#\/schema\/logo\/image\/","url":"https:\/\/oedenburg.hu\/wp-content\/uploads\/2025\/02\/Nemet-nemzetisegi-logo-300x300px-72dpi.png","contentUrl":"https:\/\/oedenburg.hu\/wp-content\/uploads\/2025\/02\/Nemet-nemzetisegi-logo-300x300px-72dpi.png","width":300,"height":300,"caption":"N\u00e9met Nemzetis\u00e9gi \u00d6nkorm\u00e1nyzat Sopron"},"image":{"@id":"https:\/\/oedenburg.hu\/#\/schema\/logo\/image\/"},"sameAs":["https:\/\/www.facebook.com\/Oedenburg"]}]}},"_links":{"self":[{"href":"https:\/\/oedenburg.hu\/de\/wp-json\/wp\/v2\/pages\/132","targetHints":{"allow":["GET"]}}],"collection":[{"href":"https:\/\/oedenburg.hu\/de\/wp-json\/wp\/v2\/pages"}],"about":[{"href":"https:\/\/oedenburg.hu\/de\/wp-json\/wp\/v2\/types\/page"}],"author":[{"embeddable":true,"href":"https:\/\/oedenburg.hu\/de\/wp-json\/wp\/v2\/users\/2"}],"replies":[{"embeddable":true,"href":"https:\/\/oedenburg.hu\/de\/wp-json\/wp\/v2\/comments?post=132"}],"version-history":[{"count":51,"href":"https:\/\/oedenburg.hu\/de\/wp-json\/wp\/v2\/pages\/132\/revisions"}],"predecessor-version":[{"id":1053,"href":"https:\/\/oedenburg.hu\/de\/wp-json\/wp\/v2\/pages\/132\/revisions\/1053"}],"wp:featuredmedia":[{"embeddable":true,"href":"https:\/\/oedenburg.hu\/de\/wp-json\/wp\/v2\/media\/782"}],"wp:attachment":[{"href":"https:\/\/oedenburg.hu\/de\/wp-json\/wp\/v2\/media?parent=132"}],"curies":[{"name":"wp","href":"https:\/\/api.w.org\/{rel}","templated":true}]}}