{"id":136,"date":"2025-01-21T12:56:54","date_gmt":"2025-01-21T12:56:54","guid":{"rendered":"https:\/\/oedenburg.hu\/?page_id=136"},"modified":"2025-05-20T09:59:20","modified_gmt":"2025-05-20T07:59:20","slug":"iroda","status":"publish","type":"page","link":"https:\/\/oedenburg.hu\/de\/iroda\/","title":{"rendered":"B\u00fcro"},"content":{"rendered":"<div\r\n    \tclass=\"alignwide alignwide wp-block-tsb-team\"    id='tsbTeamMembers-1'\r\n    data-attributes='{&quot;members&quot;:[{&quot;background&quot;:{&quot;color&quot;:&quot;#0000&quot;},&quot;border&quot;:{&quot;radius&quot;:&quot;3px&quot;},&quot;shadow&quot;:[],&quot;photo&quot;:{&quot;id&quot;:608,&quot;url&quot;:&quot;https:\\\/\\\/oedenburg.hu\\\/wp-content\\\/uploads\\\/2025\\\/01\\\/Csernus-Zsofia.jpg&quot;,&quot;alt&quot;:&quot;&quot;,&quot;title&quot;:&quot;Csernus Zs\\u00f3fia&quot;},&quot;photoBorder&quot;:{&quot;radius&quot;:&quot;10%&quot;},&quot;name&quot;:&quot;Csernus Zs\\u00f3fia&quot;,&quot;nameColor&quot;:&quot;#333&quot;,&quot;title&quot;:&quot;N\\u00e9met nemzetis\\u00e9gi koordin\\u00e1tor&quot;,&quot;titleColor&quot;:&quot;#333&quot;,&quot;separator&quot;:{&quot;width&quot;:&quot;20%&quot;,&quot;height&quot;:&quot;3px&quot;,&quot;color&quot;:&quot;#777&quot;},&quot;bio&quot;:&quot;Tel: +3670\\\/612-4840&lt;br&gt;&lt;br&gt;E-mail: csernus.zsofia@oedenburg.hu&quot;,&quot;bioColor&quot;:&quot;#333&quot;,&quot;social&quot;:[],&quot;socialIconColors&quot;:{&quot;type&quot;:&quot;object&quot;,&quot;default&quot;:{&quot;color&quot;:&quot;#fff&quot;,&quot;bg&quot;:&quot;#4527a4&quot;}}},{&quot;background&quot;:{&quot;color&quot;:&quot;#0000&quot;},&quot;border&quot;:{&quot;radius&quot;:&quot;3px&quot;},&quot;shadow&quot;:[],&quot;photo&quot;:{&quot;id&quot;:611,&quot;url&quot;:&quot;https:\\\/\\\/oedenburg.hu\\\/wp-content\\\/uploads\\\/2025\\\/01\\\/silhouette.jpg&quot;,&quot;alt&quot;:&quot;&quot;,&quot;title&quot;:&quot;silhouette&quot;},&quot;photoBorder&quot;:{&quot;radius&quot;:&quot;10%&quot;},&quot;name&quot;:&quot;T\\u00f3th Edit&quot;,&quot;nameColor&quot;:&quot;#333&quot;,&quot;title&quot;:&quot;Technikai munkat\\u00e1rs&quot;,&quot;titleColor&quot;:&quot;#333&quot;,&quot;separator&quot;:{&quot;width&quot;:&quot;20%&quot;,&quot;height&quot;:&quot;3px&quot;,&quot;color&quot;:&quot;#777&quot;},&quot;bio&quot;:&quot;Tel: +3630\\\/253-4703&quot;,&quot;bioColor&quot;:&quot;#333&quot;,&quot;social&quot;:[],&quot;socialIconColors&quot;:{&quot;type&quot;:&quot;object&quot;,&quot;default&quot;:{&quot;color&quot;:&quot;#fff&quot;,&quot;bg&quot;:&quot;#4527a4&quot;}}}],&quot;align&quot;:&quot;wide&quot;,&quot;columns&quot;:{&quot;desktop&quot;:3,&quot;tablet&quot;:2,&quot;mobile&quot;:1},&quot;columnGap&quot;:&quot;30px&quot;,&quot;rowGap&quot;:&quot;30px&quot;,&quot;layout&quot;:&quot;vertical&quot;,&quot;theme&quot;:&quot;default&quot;,&quot;isLinkNewTab&quot;:false,&quot;textAlign&quot;:&quot;center&quot;,&quot;padding&quot;:{&quot;vertical&quot;:&quot;50px&quot;,&quot;horizontal&quot;:&quot;20px&quot;},&quot;photoWidth&quot;:&quot;170px&quot;,&quot;photoMargin&quot;:{&quot;side&quot;:4,&quot;bottom&quot;:&quot;20px&quot;},&quot;nameTypo&quot;:{&quot;fontSize&quot;:{&quot;desktop&quot;:&quot;20px&quot;,&quot;tablet&quot;:&quot;18px&quot;,&quot;mobile&quot;:&quot;16px&quot;},&quot;fontWeight&quot;:600},&quot;nameMargin&quot;:{&quot;side&quot;:4,&quot;bottom&quot;:&quot;10px&quot;},&quot;isTitle&quot;:true,&quot;titleTypo&quot;:{&quot;fontSize&quot;:{&quot;desktop&quot;:&quot;16px&quot;}},&quot;titleMargin&quot;:{&quot;side&quot;:4,&quot;bottom&quot;:&quot;10px&quot;},&quot;isSep&quot;:true,&quot;sepMargin&quot;:{&quot;side&quot;:4,&quot;bottom&quot;:&quot;15px&quot;},&quot;isBio&quot;:true,&quot;bioTypo&quot;:{&quot;fontSize&quot;:{&quot;desktop&quot;:&quot;15px&quot;}},&quot;bioMargin&quot;:{&quot;side&quot;:4,&quot;bottom&quot;:&quot;15px&quot;},&quot;isSocial&quot;:true,&quot;socialSize&quot;:&quot;22px&quot;,&quot;socialIconMargin&quot;:{&quot;side&quot;:2,&quot;vertical&quot;:&quot;10px&quot;,&quot;horizontal&quot;:&quot;10px&quot;},&quot;styles&quot;:{&quot;bg&quot;:[],&quot;width&quot;:&quot;100%&quot;,&quot;alignment&quot;:&quot;center&quot;,&quot;padding&quot;:{&quot;top&quot;:&quot;0px&quot;,&quot;right&quot;:&quot;0px&quot;,&quot;bottom&quot;:&quot;0px&quot;,&quot;left&quot;:&quot;0px&quot;},&quot;margin&quot;:{&quot;top&quot;:&quot;0px&quot;,&quot;right&quot;:&quot;0px&quot;,&quot;bottom&quot;:&quot;0px&quot;,&quot;left&quot;:&quot;0px&quot;},&quot;teamMember&quot;:{&quot;height&quot;:{&quot;desktop&quot;:&quot;100%&quot;,&quot;tablet&quot;:&quot;100%&quot;,&quot;mobile&quot;:&quot;300px&quot;},&quot;padding&quot;:{&quot;top&quot;:&quot;11px&quot;,&quot;left&quot;:&quot;11px&quot;,&quot;bottom&quot;:&quot;11px&quot;,&quot;right&quot;:&quot;11px&quot;},&quot;shape&quot;:{&quot;bg&quot;:{&quot;type&quot;:&quot;gradient&quot;,&quot;gradient&quot;:&quot;&quot;}},&quot;bg&quot;:{&quot;type&quot;:&quot;gradient&quot;,&quot;gradient&quot;:&quot;linear-gradient(83deg,rgb(255,221,64) 97%,rgba(0,0,0,0) 97%)&quot;},&quot;evenItemBg&quot;:{&quot;type&quot;:&quot;gradient&quot;,&quot;gradient&quot;:&quot;linear-gradient(277deg,rgb(255,221,64) 97%,rgba(0,0,0,0) 97%)&quot;},&quot;photo&quot;:{&quot;bg&quot;:{&quot;type&quot;:&quot;gradient&quot;,&quot;gradient&quot;:&quot;linear-gradient(274deg,rgb(47,49,58) 70%,rgb(255,221,64) 70%)&quot;},&quot;size&quot;:&quot;100px&quot;,&quot;padding&quot;:{&quot;top&quot;:&quot;8px&quot;,&quot;left&quot;:&quot;8px&quot;,&quot;bottom&quot;:&quot;8px&quot;,&quot;right&quot;:&quot;8px&quot;},&quot;radius&quot;:{&quot;top&quot;:&quot;4px&quot;,&quot;left&quot;:&quot;4px&quot;,&quot;bottom&quot;:&quot;4px&quot;,&quot;right&quot;:&quot;4px&quot;},&quot;grayScale&quot;:1,&quot;evenItemPhotoBg&quot;:{&quot;type&quot;:&quot;gradient&quot;,&quot;gradient&quot;:&quot;linear-gradient(86deg,rgb(47,49,58) 70%,rgb(255,221,64) 70%)&quot;}},&quot;name&quot;:{&quot;colors&quot;:{&quot;color&quot;:&quot;#ffdd40&quot;,&quot;bg&quot;:&quot;#282a31&quot;},&quot;padding&quot;:{&quot;top&quot;:&quot;15px&quot;,&quot;right&quot;:&quot;23px&quot;,&quot;bottom&quot;:&quot;15px&quot;,&quot;left&quot;:&quot;23px&quot;},&quot;radius&quot;:{&quot;top&quot;:&quot;4px&quot;,&quot;right&quot;:&quot;4px&quot;,&quot;bottom&quot;:&quot;4px&quot;,&quot;left&quot;:&quot;4px&quot;},&quot;typo&quot;:{&quot;fontFamily&quot;:&quot;Default&quot;,&quot;fontCategory&quot;:&quot;sans-serif&quot;,&quot;fontWeight&quot;:null,&quot;isUploadFont&quot;:true,&quot;fontSize&quot;:{&quot;desktop&quot;:&quot;20px&quot;,&quot;tablet&quot;:&quot;18px&quot;,&quot;mobile&quot;:&quot;14px&quot;},&quot;fontStyle&quot;:&quot;normal&quot;,&quot;textTransform&quot;:&quot;none&quot;,&quot;textDecoration&quot;:&quot;none&quot;,&quot;lineHeight&quot;:&quot;&quot;,&quot;letterSpace&quot;:&quot;0px&quot;}},&quot;title&quot;:{&quot;colors&quot;:{&quot;color&quot;:&quot;#2f313a&quot;,&quot;bg&quot;:&quot;#ffdd40&quot;},&quot;padding&quot;:{&quot;top&quot;:&quot;6px&quot;,&quot;right&quot;:&quot;12px&quot;,&quot;bottom&quot;:&quot;8px&quot;,&quot;left&quot;:&quot;12px&quot;},&quot;radius&quot;:{&quot;top&quot;:&quot;4px&quot;,&quot;right&quot;:&quot;4px&quot;,&quot;bottom&quot;:&quot;4px&quot;,&quot;left&quot;:&quot;4px&quot;},&quot;typo&quot;:{&quot;fontFamily&quot;:&quot;Default&quot;,&quot;fontCategory&quot;:&quot;sans-serif&quot;,&quot;fontWeight&quot;:600,&quot;isUploadFont&quot;:true,&quot;fontSize&quot;:{&quot;desktop&quot;:&quot;14px&quot;,&quot;tablet&quot;:&quot;14px&quot;,&quot;mobile&quot;:&quot;11px&quot;},&quot;fontStyle&quot;:&quot;normal&quot;,&quot;textTransform&quot;:&quot;none&quot;,&quot;textDecoration&quot;:&quot;none&quot;,&quot;lineHeight&quot;:&quot;&quot;,&quot;letterSpace&quot;:&quot;0px&quot;}},&quot;bio&quot;:{&quot;color&quot;:&quot;black&quot;,&quot;typo&quot;:{&quot;fontFamily&quot;:&quot;Default&quot;,&quot;fontCategory&quot;:&quot;sans-serif&quot;,&quot;fontWeight&quot;:null,&quot;isUploadFont&quot;:true,&quot;fontSize&quot;:{&quot;desktop&quot;:&quot;20px&quot;,&quot;tablet&quot;:&quot;20px&quot;,&quot;mobile&quot;:&quot;14px&quot;},&quot;fontStyle&quot;:&quot;normal&quot;,&quot;textTransform&quot;:&quot;none&quot;,&quot;textDecoration&quot;:&quot;none&quot;,&quot;lineHeight&quot;:&quot;&quot;,&quot;letterSpace&quot;:&quot;0px&quot;}},&quot;userName&quot;:{&quot;colors&quot;:{&quot;color&quot;:&quot;#ffdd40&quot;,&quot;bg&quot;:&quot;#2f313a&quot;},&quot;padding&quot;:{&quot;top&quot;:&quot;2px&quot;,&quot;right&quot;:&quot;8px&quot;,&quot;bottom&quot;:&quot;6px&quot;,&quot;left&quot;:&quot;8px&quot;},&quot;radius&quot;:{&quot;top&quot;:&quot;8px&quot;,&quot;right&quot;:&quot;8px&quot;,&quot;bottom&quot;:&quot;8px&quot;,&quot;left&quot;:&quot;8px&quot;},&quot;typo&quot;:{&quot;fontFamily&quot;:&quot;Default&quot;,&quot;fontCategory&quot;:&quot;sans-serif&quot;,&quot;fontWeight&quot;:null,&quot;isUploadFont&quot;:true,&quot;fontSize&quot;:{&quot;desktop&quot;:&quot;20px&quot;,&quot;tablet&quot;:&quot;20px&quot;,&quot;mobile&quot;:&quot;14px&quot;},&quot;fontStyle&quot;:&quot;normal&quot;,&quot;textTransform&quot;:&quot;none&quot;,&quot;textDecoration&quot;:&quot;none&quot;,&quot;lineHeight&quot;:&quot;&quot;,&quot;letterSpace&quot;:&quot;0px&quot;}}}},&quot;options&quot;:{&quot;showUserName&quot;:true,&quot;hoverOnScale&quot;:true,&quot;isShowWaterMark&quot;:true,&quot;waterMark&quot;:&quot;TEAM&quot;,&quot;isShowShape&quot;:true,&quot;icon&quot;:&quot;&lt;svg xmlns=&#039;http:\\\/\\\/www.w3.org\\\/2000\\\/svg&#039; viewBox=&#039;0 0 512 512&#039;&gt;&lt;path d=&#039;M502.6 278.6c12.5-12.5 12.5-32.8 0-45.3l-128-128c-12.5-12.5-32.8-12.5-45.3 0s-12.5 32.8 0 45.3L402.7 224 32 224c-17.7 0-32 14.3-32 32s14.3 32 32 32l370.7 0-73.4 73.4c-12.5 12.5-12.5 32.8 0 45.3s32.8 12.5 45.3 0l128-128z&#039;\\\/&gt;&lt;\\\/svg&gt;&quot;},&quot;TrpContentRestriction&quot;:{&quot;restriction_type&quot;:&quot;exclude&quot;,&quot;selected_languages&quot;:[],&quot;panel_open&quot;:true}}'data-pipecheck=''\r\n><\/div>\n\n\n<p><\/p>\n","protected":false},"excerpt":{"rendered":"","protected":false},"author":2,"featured_media":782,"parent":0,"menu_order":0,"comment_status":"closed","ping_status":"closed","template":"","meta":{"footnotes":""},"class_list":["post-136","page","type-page","status-publish","has-post-thumbnail","hentry","latest_post"],"yoast_head":"<!-- This site is optimized with the Yoast SEO plugin v27.5 - https:\/\/yoast.com\/product\/yoast-seo-wordpress\/ -->\n<title>Iroda<\/title>\n<meta name=\"description\" content=\"Iroda\" \/>\n<meta name=\"robots\" content=\"index, follow, max-snippet:-1, max-image-preview:large, max-video-preview:-1\" \/>\n<link rel=\"canonical\" href=\"https:\/\/oedenburg.hu\/de\/iroda\/\" \/>\n<meta property=\"og:locale\" content=\"de_DE\" \/>\n<meta property=\"og:type\" content=\"article\" \/>\n<meta property=\"og:title\" content=\"Iroda\" \/>\n<meta property=\"og:description\" content=\"Iroda\" \/>\n<meta property=\"og:url\" content=\"https:\/\/oedenburg.hu\/de\/iroda\/\" \/>\n<meta property=\"og:site_name\" content=\"N\u00e9met Nemzetis\u00e9gi \u00d6nkorm\u00e1nyzat Sopron\" \/>\n<meta property=\"article:publisher\" content=\"https:\/\/www.facebook.com\/Oedenburg\" \/>\n<meta property=\"article:modified_time\" content=\"2025-05-20T07:59:20+00:00\" \/>\n<meta property=\"og:image\" content=\"https:\/\/oedenburg.hu\/wp-content\/uploads\/2025\/02\/Nemet-nemzetisegi-logo-300x300px-72dpi.png\" \/>\n\t<meta property=\"og:image:width\" content=\"300\" \/>\n\t<meta property=\"og:image:height\" content=\"300\" \/>\n\t<meta property=\"og:image:type\" content=\"image\/png\" \/>\n<meta name=\"twitter:card\" content=\"summary_large_image\" \/>\n<script type=\"application\/ld+json\" class=\"yoast-schema-graph\">{\"@context\":\"https:\\\/\\\/schema.org\",\"@graph\":[{\"@type\":\"WebPage\",\"@id\":\"https:\\\/\\\/oedenburg.hu\\\/iroda\\\/\",\"url\":\"https:\\\/\\\/oedenburg.hu\\\/iroda\\\/\",\"name\":\"Iroda\",\"isPartOf\":{\"@id\":\"https:\\\/\\\/oedenburg.hu\\\/#website\"},\"primaryImageOfPage\":{\"@id\":\"https:\\\/\\\/oedenburg.hu\\\/iroda\\\/#primaryimage\"},\"image\":{\"@id\":\"https:\\\/\\\/oedenburg.hu\\\/iroda\\\/#primaryimage\"},\"thumbnailUrl\":\"https:\\\/\\\/oedenburg.hu\\\/wp-content\\\/uploads\\\/2025\\\/02\\\/Nemet-nemzetisegi-logo-300x300px-72dpi.png\",\"datePublished\":\"2025-01-21T12:56:54+00:00\",\"dateModified\":\"2025-05-20T07:59:20+00:00\",\"description\":\"Iroda\",\"breadcrumb\":{\"@id\":\"https:\\\/\\\/oedenburg.hu\\\/iroda\\\/#breadcrumb\"},\"inLanguage\":\"de\",\"potentialAction\":[{\"@type\":\"ReadAction\",\"target\":[\"https:\\\/\\\/oedenburg.hu\\\/iroda\\\/\"]}]},{\"@type\":\"ImageObject\",\"inLanguage\":\"de\",\"@id\":\"https:\\\/\\\/oedenburg.hu\\\/iroda\\\/#primaryimage\",\"url\":\"https:\\\/\\\/oedenburg.hu\\\/wp-content\\\/uploads\\\/2025\\\/02\\\/Nemet-nemzetisegi-logo-300x300px-72dpi.png\",\"contentUrl\":\"https:\\\/\\\/oedenburg.hu\\\/wp-content\\\/uploads\\\/2025\\\/02\\\/Nemet-nemzetisegi-logo-300x300px-72dpi.png\",\"width\":300,\"height\":300},{\"@type\":\"BreadcrumbList\",\"@id\":\"https:\\\/\\\/oedenburg.hu\\\/iroda\\\/#breadcrumb\",\"itemListElement\":[{\"@type\":\"ListItem\",\"position\":1,\"name\":\"Kezd\u0151lap\",\"item\":\"https:\\\/\\\/oedenburg.hu\\\/\"},{\"@type\":\"ListItem\",\"position\":2,\"name\":\"Iroda\"}]},{\"@type\":\"WebSite\",\"@id\":\"https:\\\/\\\/oedenburg.hu\\\/#website\",\"url\":\"https:\\\/\\\/oedenburg.hu\\\/\",\"name\":\"N\u00e9met Nemzetis\u00e9gi \u00d6nkorm\u00e1nyzat Sopron\",\"description\":\"Deutsche Selbstverwaltung \u00d6denburg\",\"publisher\":{\"@id\":\"https:\\\/\\\/oedenburg.hu\\\/#organization\"},\"potentialAction\":[{\"@type\":\"SearchAction\",\"target\":{\"@type\":\"EntryPoint\",\"urlTemplate\":\"https:\\\/\\\/oedenburg.hu\\\/?s={search_term_string}\"},\"query-input\":{\"@type\":\"PropertyValueSpecification\",\"valueRequired\":true,\"valueName\":\"search_term_string\"}}],\"inLanguage\":\"de\"},{\"@type\":\"Organization\",\"@id\":\"https:\\\/\\\/oedenburg.hu\\\/#organization\",\"name\":\"N\u00e9met Nemzetis\u00e9gi \u00d6nkorm\u00e1nyzat Sopron\",\"url\":\"https:\\\/\\\/oedenburg.hu\\\/\",\"logo\":{\"@type\":\"ImageObject\",\"inLanguage\":\"de\",\"@id\":\"https:\\\/\\\/oedenburg.hu\\\/#\\\/schema\\\/logo\\\/image\\\/\",\"url\":\"https:\\\/\\\/oedenburg.hu\\\/wp-content\\\/uploads\\\/2025\\\/02\\\/Nemet-nemzetisegi-logo-300x300px-72dpi.png\",\"contentUrl\":\"https:\\\/\\\/oedenburg.hu\\\/wp-content\\\/uploads\\\/2025\\\/02\\\/Nemet-nemzetisegi-logo-300x300px-72dpi.png\",\"width\":300,\"height\":300,\"caption\":\"N\u00e9met Nemzetis\u00e9gi \u00d6nkorm\u00e1nyzat Sopron\"},\"image\":{\"@id\":\"https:\\\/\\\/oedenburg.hu\\\/#\\\/schema\\\/logo\\\/image\\\/\"},\"sameAs\":[\"https:\\\/\\\/www.facebook.com\\\/Oedenburg\"]}]}<\/script>\n<!-- \/ Yoast SEO plugin. -->","yoast_head_json":{"title":"B\u00fcro","description":"B\u00fcro","robots":{"index":"index","follow":"follow","max-snippet":"max-snippet:-1","max-image-preview":"max-image-preview:large","max-video-preview":"max-video-preview:-1"},"canonical":"https:\/\/oedenburg.hu\/de\/iroda\/","og_locale":"de_DE","og_type":"article","og_title":"Iroda","og_description":"Iroda","og_url":"https:\/\/oedenburg.hu\/de\/iroda\/","og_site_name":"N\u00e9met Nemzetis\u00e9gi \u00d6nkorm\u00e1nyzat Sopron","article_publisher":"https:\/\/www.facebook.com\/Oedenburg","article_modified_time":"2025-05-20T07:59:20+00:00","og_image":[{"width":300,"height":300,"url":"https:\/\/oedenburg.hu\/wp-content\/uploads\/2025\/02\/Nemet-nemzetisegi-logo-300x300px-72dpi.png","type":"image\/png"}],"twitter_card":"summary_large_image","schema":{"@context":"https:\/\/schema.org","@graph":[{"@type":"WebPage","@id":"https:\/\/oedenburg.hu\/iroda\/","url":"https:\/\/oedenburg.hu\/iroda\/","name":"B\u00fcro","isPartOf":{"@id":"https:\/\/oedenburg.hu\/#website"},"primaryImageOfPage":{"@id":"https:\/\/oedenburg.hu\/iroda\/#primaryimage"},"image":{"@id":"https:\/\/oedenburg.hu\/iroda\/#primaryimage"},"thumbnailUrl":"https:\/\/oedenburg.hu\/wp-content\/uploads\/2025\/02\/Nemet-nemzetisegi-logo-300x300px-72dpi.png","datePublished":"2025-01-21T12:56:54+00:00","dateModified":"2025-05-20T07:59:20+00:00","description":"B\u00fcro","breadcrumb":{"@id":"https:\/\/oedenburg.hu\/iroda\/#breadcrumb"},"inLanguage":"de","potentialAction":[{"@type":"ReadAction","target":["https:\/\/oedenburg.hu\/iroda\/"]}]},{"@type":"ImageObject","inLanguage":"de","@id":"https:\/\/oedenburg.hu\/iroda\/#primaryimage","url":"https:\/\/oedenburg.hu\/wp-content\/uploads\/2025\/02\/Nemet-nemzetisegi-logo-300x300px-72dpi.png","contentUrl":"https:\/\/oedenburg.hu\/wp-content\/uploads\/2025\/02\/Nemet-nemzetisegi-logo-300x300px-72dpi.png","width":300,"height":300},{"@type":"BreadcrumbList","@id":"https:\/\/oedenburg.hu\/iroda\/#breadcrumb","itemListElement":[{"@type":"ListItem","position":1,"name":"Kezd\u0151lap","item":"https:\/\/oedenburg.hu\/"},{"@type":"ListItem","position":2,"name":"Iroda"}]},{"@type":"WebSite","@id":"https:\/\/oedenburg.hu\/#website","url":"https:\/\/oedenburg.hu\/","name":"Deutsche Selbstverwaltung \u00d6denburg","description":"N\u00e9met Nemzetis\u00e9gi \u00d6nkorm\u00e1nyzat Sopron","publisher":{"@id":"https:\/\/oedenburg.hu\/#organization"},"potentialAction":[{"@type":"SearchAction","target":{"@type":"EntryPoint","urlTemplate":"https:\/\/oedenburg.hu\/?s={search_term_string}"},"query-input":{"@type":"PropertyValueSpecification","valueRequired":true,"valueName":"search_term_string"}}],"inLanguage":"de"},{"@type":"Organization","@id":"https:\/\/oedenburg.hu\/#organization","name":"Deutsche Selbstverwaltung \u00d6denburg","url":"https:\/\/oedenburg.hu\/","logo":{"@type":"ImageObject","inLanguage":"de","@id":"https:\/\/oedenburg.hu\/#\/schema\/logo\/image\/","url":"https:\/\/oedenburg.hu\/wp-content\/uploads\/2025\/02\/Nemet-nemzetisegi-logo-300x300px-72dpi.png","contentUrl":"https:\/\/oedenburg.hu\/wp-content\/uploads\/2025\/02\/Nemet-nemzetisegi-logo-300x300px-72dpi.png","width":300,"height":300,"caption":"N\u00e9met Nemzetis\u00e9gi \u00d6nkorm\u00e1nyzat Sopron"},"image":{"@id":"https:\/\/oedenburg.hu\/#\/schema\/logo\/image\/"},"sameAs":["https:\/\/www.facebook.com\/Oedenburg"]}]}},"_links":{"self":[{"href":"https:\/\/oedenburg.hu\/de\/wp-json\/wp\/v2\/pages\/136","targetHints":{"allow":["GET"]}}],"collection":[{"href":"https:\/\/oedenburg.hu\/de\/wp-json\/wp\/v2\/pages"}],"about":[{"href":"https:\/\/oedenburg.hu\/de\/wp-json\/wp\/v2\/types\/page"}],"author":[{"embeddable":true,"href":"https:\/\/oedenburg.hu\/de\/wp-json\/wp\/v2\/users\/2"}],"replies":[{"embeddable":true,"href":"https:\/\/oedenburg.hu\/de\/wp-json\/wp\/v2\/comments?post=136"}],"version-history":[{"count":12,"href":"https:\/\/oedenburg.hu\/de\/wp-json\/wp\/v2\/pages\/136\/revisions"}],"predecessor-version":[{"id":1168,"href":"https:\/\/oedenburg.hu\/de\/wp-json\/wp\/v2\/pages\/136\/revisions\/1168"}],"wp:featuredmedia":[{"embeddable":true,"href":"https:\/\/oedenburg.hu\/de\/wp-json\/wp\/v2\/media\/782"}],"wp:attachment":[{"href":"https:\/\/oedenburg.hu\/de\/wp-json\/wp\/v2\/media?parent=136"}],"curies":[{"name":"wp","href":"https:\/\/api.w.org\/{rel}","templated":true}]}}