{"id":202,"date":"2025-01-22T09:37:27","date_gmt":"2025-01-22T09:37:27","guid":{"rendered":"https:\/\/oedenburg.hu\/?page_id=202"},"modified":"2025-02-11T08:56:18","modified_gmt":"2025-02-11T07:56:18","slug":"cookies","status":"publish","type":"page","link":"https:\/\/oedenburg.hu\/de\/cookies\/","title":{"rendered":"Cookies"},"content":{"rendered":"<figure class=\"wp-block-image size-large\"><img loading=\"lazy\" decoding=\"async\" width=\"1024\" height=\"568\" src=\"https:\/\/oedenburg.hu\/wp-content\/uploads\/2025\/02\/web-cookies-1024x568.png\" alt=\"\" class=\"wp-image-779\" srcset=\"https:\/\/oedenburg.hu\/wp-content\/uploads\/2025\/02\/web-cookies-1024x568.png 1024w, https:\/\/oedenburg.hu\/wp-content\/uploads\/2025\/02\/web-cookies-300x166.png 300w, https:\/\/oedenburg.hu\/wp-content\/uploads\/2025\/02\/web-cookies-768x426.png 768w, https:\/\/oedenburg.hu\/wp-content\/uploads\/2025\/02\/web-cookies-18x10.png 18w, https:\/\/oedenburg.hu\/wp-content\/uploads\/2025\/02\/web-cookies-108x60.png 108w, https:\/\/oedenburg.hu\/wp-content\/uploads\/2025\/02\/web-cookies-900x500.png 900w, https:\/\/oedenburg.hu\/wp-content\/uploads\/2025\/02\/web-cookies.png 1280w\" sizes=\"auto, (max-width: 1024px) 100vw, 1024px\" \/><\/figure>\n\n\n\n<h2 class=\"wp-block-heading has-medium-font-size\">Cookie, azaz s\u00fcti<\/h2>\n\n\n\n<p>Jelen cookie szab\u00e1lyzat a Soproni N\u00e9met Nemzetis\u00e9gi \u00d6nkorm\u00e1nyzat \u00e1ltal \u00fczemeltetett www.oedenburg.hu weboldalra vonatkozik.<\/p>\n\n\n\n<h2 class=\"wp-block-heading has-medium-font-size\">Mi az a s\u00fcti?<\/h2>\n\n\n\n<p>A cookie egy olyan, bet\u0171 \u00e9s sz\u00e1m karakterekb\u0151l \u00e1ll\u00f3 kism\u00e9ret\u0171 f\u00e1jl, ami online eszk\u00f6z\u00f6kre (pl. sz\u00e1m\u00edt\u00f3g\u00e9p merevlemez, telefon) ker\u00fcl let\u00f6lt\u00e9sre, amikor a l\u00e1togat\u00f3 egyes weboldalakra bel\u00e9p. A cookie engedi, hogy az adott honlap felismerje a l\u00e1togat\u00f3 online eszk\u00f6z\u00e9t, \u00edgy a honlap r\u00e9sz\u00e9re a l\u00e1togat\u00f3r\u00f3l egyedi inform\u00e1ci\u00f3k t\u00e1rol\u00f3dnak el (pl. kiv\u00e1lasztott nyelv). \u00cdgy a l\u00e1togat\u00f3nak a honlapra t\u00f6rt\u00e9n\u0151 k\u00e9s\u0151bbi l\u00e1togat\u00e1sa sor\u00e1n ezeket az adatokat, egyedi inform\u00e1ci\u00f3kat m\u00e1r nem kell kiv\u00e1lasztania. A legt\u00f6bb jelent\u0151s weboldal haszn\u00e1l ilyen cookie-kat.<\/p>\n\n\n\n<h2 class=\"wp-block-heading has-medium-font-size\">A s\u00fctik el\u0151nyei<\/h2>\n\n\n\n<p>Egyes s\u00fctik rendk\u00edv\u00fcl hasznosak, mert felhaszn\u00e1l\u00f3bar\u00e1tt\u00e1 teszik azokat a honlapokat, amiket \u00d6n rendszeresen megl\u00e1togat. Ha \u00d6n ugyanazt a sz\u00e1m\u00edt\u00f3g\u00e9pet \u00e9s b\u00f6ng\u00e9sz\u0151t haszn\u00e1lja, mint kor\u00e1bban, akkor a s\u00fctik megjegyzik a be\u00e1ll\u00edt\u00e1sait, t\u00e1j\u00e9koztatnak minket arr\u00f3l, hogy hogyan szokta haszn\u00e1lni honlapunkat, \u00e9s olyan tartalmakat tesz el\u00e9rhet\u0151v\u00e9 a honlapon, ami megfelel az \u00d6n \u00e9rdekl\u0151d\u00e9s\u00e9nek \u00e9s elv\u00e1r\u00e1sainak. A honlapunk \u00e1ltal haszn\u00e1lt s\u00fctik nem gy\u0171jtenek olyan inform\u00e1ci\u00f3kat, amelyek alapj\u00e1n \u00d6n szem\u00e9lyesen beazonos\u00edthat\u00f3 lenne.<\/p>\n\n\n\n<h2 class=\"wp-block-heading has-medium-font-size\">A www.oedenburg.hu-n, illetve a jelen webhelyen a k\u00f6vetkez\u0151 cookie-t\u00edpusokat haszn\u00e1ljuk:<\/h2>\n\n\n\n<p class=\"has-medium-font-size\"><\/p>\n\n\n\n<figure class=\"wp-block-table\"><table class=\"has-background has-fixed-layout\" style=\"background-color:#abb7c229\"><tbody><tr><td>&nbsp;<\/td><td>&nbsp;<\/td><td>&nbsp;<\/td><td colspan=\"6\">Cookie t\u00edpusa<\/td><\/tr><tr><td>Name<\/td><td>Id\u0151tartam<\/td><td>Le\u00edr\u00e1s<\/td><td>Sz\u00fcks\u00e9ges<\/td><td>Funkcion\u00e1lis<\/td><td>Analitikai<\/td><td>Teljes\u00edtm\u00e9ny<\/td><td>Hirdet\u00e9s<\/td><td>Nincs kategoriz\u00e1lva<\/td><\/tr><tr><td>cookieyes-consent<\/td><td>1 \u00e9v<\/td><td>A CookieYes \u00fagy \u00e1ll\u00edtja be ezt a cookie-t, hogy eml\u00e9kezzen a felhaszn\u00e1l\u00f3k hozz\u00e1j\u00e1rul\u00e1si preferenci\u00e1ira, \u00edgy a preferenci\u00e1ikat tiszteletben tartj\u00e1k a webhely k\u00e9s\u0151bbi l\u00e1togat\u00e1sai sor\u00e1n. Nem gy\u0171jt \u00e9s nem t\u00e1rol semmilyen szem\u00e9lyes inform\u00e1ci\u00f3t az oldal l\u00e1togat\u00f3ir\u00f3l.<\/td><td>X<\/td><td>&nbsp;<\/td><td>&nbsp;<\/td><td>&nbsp;<\/td><td>&nbsp;<\/td><td>&nbsp;<\/td><\/tr><tr><td>_abck<\/td><td>1 \u00e9v<\/td><td>Ezt a cookie-t arra haszn\u00e1lj\u00e1k, hogy \u00e9szlelj\u00e9k \u00e9s megv\u00e9dj\u00e9k, ha egy \u00fcgyf\u00e9l megpr\u00f3b\u00e1l \u00fajra lej\u00e1tszani egy cookie-t. Ez a cookie kezeli az online robotokkal val\u00f3 interakci\u00f3t, \u00e9s megteszi a megfelel\u0151 l\u00e9p\u00e9seket.<\/td><td>&nbsp;<\/td><td>X<\/td><td>&nbsp;<\/td><td>&nbsp;<\/td><td>&nbsp;<\/td><td>&nbsp;<\/td><\/tr><tr><td>ak_bmsc<\/td><td>2 \u00f3ra<\/td><td>Ezt a cookie-t az Akamai haszn\u00e1lja a webhely biztons\u00e1g\u00e1nak optimaliz\u00e1l\u00e1s\u00e1ra, megk\u00fcl\u00f6nb\u00f6ztetve az embereket \u00e9s a robotokat.<\/td><td>&nbsp;<\/td><td>X<\/td><td>&nbsp;<\/td><td>&nbsp;<\/td><td>&nbsp;<\/td><td>&nbsp;<\/td><\/tr><tr><td>bm_sz<\/td><td>4 \u00f3ra<\/td><td>Ezt a s\u00fctit az Akamai Bot Manager szolg\u00e1ltat\u00f3 \u00e1ll\u00edtja be. Ez a s\u00fcti az online robotokkal val\u00f3 interakci\u00f3 kezel\u00e9s\u00e9re szolg\u00e1l. Seg\u00edt a csal\u00e1s megel\u0151z\u00e9s\u00e9ben is.<\/td><td>&nbsp;<\/td><td>X<\/td><td>&nbsp;<\/td><td>&nbsp;<\/td><td>&nbsp;<\/td><td>&nbsp;<\/td><\/tr><tr><td>wpEmojiSettingsSupports<\/td><td>Session<\/td><td>A WordPress akkor \u00e1ll\u00edtja be ezt a cookie-t, amikor a felhaszn\u00e1l\u00f3 emojikkal l\u00e9p interakci\u00f3ba egy WordPress-webhelyen. Seg\u00edt meghat\u00e1rozni, hogy a felhaszn\u00e1l\u00f3 b\u00f6ng\u00e9sz\u0151je megfelel\u0151en tudja-e megjelen\u00edteni a hangulatjeleket.<\/td><td>&nbsp;<\/td><td>&nbsp;<\/td><td>&nbsp;<\/td><td>&nbsp;<\/td><td>&nbsp;<\/td><td>&nbsp;<\/td><\/tr><tr><td>_mcid<\/td><td>1 \u00e9v<\/td><td>Ez egy Mailchimp funkcionalit\u00e1s\u00fa cookie, amely a UI\/UX interakci\u00f3 \u00e9rt\u00e9kel\u00e9s\u00e9re szolg\u00e1l a platformj\u00e1val.<\/td><td>&nbsp;<\/td><td>X<\/td><td>&nbsp;<\/td><td>&nbsp;<\/td><td>&nbsp;<\/td><td>&nbsp;<\/td><\/tr><tr><td>YSC<\/td><td>Session<\/td><td>A Youtube be\u00e1ll\u00edtja ezt a cookie-t a Youtube oldalakon l\u00e9v\u0151 be\u00e1gyazott vide\u00f3k megtekint\u00e9s\u00e9nek nyomon k\u00f6vet\u00e9s\u00e9re.<\/td><td>&nbsp;<\/td><td>&nbsp;<\/td><td>&nbsp;<\/td><td>X<\/td><td>&nbsp;<\/td><td>&nbsp;<\/td><\/tr><tr><td>VISITOR_INFO1_LIVE<\/td><td>6 h\u00f3nap<\/td><td>A YouTube ezt a cookie-t a s\u00e1vsz\u00e9less\u00e9g m\u00e9r\u00e9s\u00e9re \u00e1ll\u00edtja be, \u00e9s meghat\u00e1rozza, hogy a felhaszn\u00e1l\u00f3 az \u00faj vagy a r\u00e9gi lej\u00e1tsz\u00f3fel\u00fcletet kapja-e.<\/td><td>&nbsp;<\/td><td>&nbsp;<\/td><td>&nbsp;<\/td><td>X<\/td><td>&nbsp;<\/td><td>&nbsp;<\/td><\/tr><tr><td>VISITOR_PRIVACY_METADATA<\/td><td>6 h\u00f3nap<\/td><td>A YouTube ezt a cookie-t a s\u00e1vsz\u00e9less\u00e9g m\u00e9r\u00e9s\u00e9re \u00e1ll\u00edtja be, \u00e9s meghat\u00e1rozza, hogy a felhaszn\u00e1l\u00f3 az \u00faj vagy a r\u00e9gi lej\u00e1tsz\u00f3fel\u00fcletet kapja-e.<\/td><td>&nbsp;<\/td><td>&nbsp;<\/td><td>&nbsp;<\/td><td>X<\/td><td>&nbsp;<\/td><td>&nbsp;<\/td><\/tr><tr><td>yt.innertube::requests<\/td><td>Nem j\u00e1r le<\/td><td>A YouTube \u00fagy \u00e1ll\u00edtja be ezt a cookie-t, hogy egyedi azonos\u00edt\u00f3t regisztr\u00e1ljon, hogy adatokat t\u00e1roljon arr\u00f3l, hogy a felhaszn\u00e1l\u00f3 milyen YouTube-vide\u00f3kat l\u00e1tott.<\/td><td>&nbsp;<\/td><td>&nbsp;<\/td><td>&nbsp;<\/td><td>X<\/td><td>&nbsp;<\/td><td>&nbsp;<\/td><\/tr><tr><td>yt.innertube::nextId<\/td><td>Nem j\u00e1r le<\/td><td>A YouTube \u00fagy \u00e1ll\u00edtja be ezt a cookie-t, hogy egyedi azonos\u00edt\u00f3t regisztr\u00e1ljon, hogy adatokat t\u00e1roljon arr\u00f3l, hogy a felhaszn\u00e1l\u00f3 milyen YouTube-vide\u00f3kat l\u00e1tott.<\/td><td>&nbsp;<\/td><td>&nbsp;<\/td><td>&nbsp;<\/td><td>X<\/td><td>&nbsp;<\/td><td>&nbsp;<\/td><\/tr><tr><td>yt-remote-device-id<\/td><td>Nem j\u00e1r le<\/td><td>A YouTube \u00fagy \u00e1ll\u00edtja be ezt a cookie-t, hogy a be\u00e1gyazott YouTube-vide\u00f3k seg\u00edts\u00e9g\u00e9vel t\u00e1rolja a felhaszn\u00e1l\u00f3 videobe\u00e1ll\u00edt\u00e1sait.<\/td><td>&nbsp;<\/td><td>&nbsp;<\/td><td>&nbsp;<\/td><td>X<\/td><td>&nbsp;<\/td><td>&nbsp;<\/td><\/tr><tr><td>ytidb::LAST_RESULT_ENTRY_KEY<\/td><td>Nem j\u00e1r le<\/td><td>The cookie ytidb::LAST_RESULT_ENTRY_KEY cookie-t a YouTube haszn\u00e1lja a felhaszn\u00e1l\u00f3 \u00e1ltal utolj\u00e1ra kattintott keres\u00e9si eredm\u00e9nybejegyz\u00e9s t\u00e1rol\u00e1s\u00e1ra. Ezeket az inform\u00e1ci\u00f3kat a felhaszn\u00e1l\u00f3i \u00e9lm\u00e9ny jav\u00edt\u00e1s\u00e1ra haszn\u00e1ljuk fel az\u00e1ltal, hogy a j\u00f6v\u0151ben relev\u00e1nsabb keres\u00e9si eredm\u00e9nyeket biztos\u00edtunk.<\/td><td>&nbsp;<\/td><td>&nbsp;<\/td><td>&nbsp;<\/td><td>X<\/td><td>&nbsp;<\/td><td>&nbsp;<\/td><\/tr><tr><td>yt-remote-connected-devices<\/td><td>Nem j\u00e1r le<\/td><td>A YouTube \u00fagy \u00e1ll\u00edtja be ezt a cookie-t, hogy a be\u00e1gyazott YouTube-vide\u00f3k seg\u00edts\u00e9g\u00e9vel t\u00e1rolja a felhaszn\u00e1l\u00f3 videobe\u00e1ll\u00edt\u00e1sait.<\/td><td>&nbsp;<\/td><td>&nbsp;<\/td><td>&nbsp;<\/td><td>X<\/td><td>&nbsp;<\/td><td>&nbsp;<\/td><\/tr><tr><td>yt-remote-session-app<\/td><td>Session<\/td><td>Az yt-remote-session-app cookie-t a YouTube a felhaszn\u00e1l\u00f3i be\u00e1ll\u00edt\u00e1sok \u00e9s a be\u00e1gyazott YouTube-vide\u00f3lej\u00e1tsz\u00f3 fel\u00fclet\u00e9vel kapcsolatos inform\u00e1ci\u00f3k t\u00e1rol\u00e1s\u00e1ra haszn\u00e1lja.<\/td><td>&nbsp;<\/td><td>&nbsp;<\/td><td>&nbsp;<\/td><td>X<\/td><td>&nbsp;<\/td><td>&nbsp;<\/td><\/tr><tr><td>yt-remote-cast-installed<\/td><td>Session<\/td><td>Az yt-remote-cast-telep\u00edtett cookie a felhaszn\u00e1l\u00f3 videolej\u00e1tsz\u00f3-be\u00e1ll\u00edt\u00e1sainak t\u00e1rol\u00e1s\u00e1ra szolg\u00e1l a be\u00e1gyazott YouTube-vide\u00f3 haszn\u00e1lat\u00e1val.<\/td><td>&nbsp;<\/td><td>&nbsp;<\/td><td>&nbsp;<\/td><td>X<\/td><td>&nbsp;<\/td><td>&nbsp;<\/td><\/tr><tr><td>yt-remote-session-name<\/td><td>Session<\/td><td>Az yt-remote-session-name cookie-t a YouTube arra haszn\u00e1lja, hogy a be\u00e1gyazott YouTube-vide\u00f3 seg\u00edts\u00e9g\u00e9vel t\u00e1rolja a felhaszn\u00e1l\u00f3 videolej\u00e1tsz\u00f3-be\u00e1ll\u00edt\u00e1sait.<\/td><td>&nbsp;<\/td><td>&nbsp;<\/td><td>&nbsp;<\/td><td>X<\/td><td>&nbsp;<\/td><td>&nbsp;<\/td><\/tr><tr><td>yt-remote-fast-check-period<\/td><td>Session<\/td><td>Az yt-remote-fast-check-period cookie-t a YouTube arra haszn\u00e1lja, hogy t\u00e1rolja a felhaszn\u00e1l\u00f3 videolej\u00e1tsz\u00f3-be\u00e1ll\u00edt\u00e1sait a be\u00e1gyazott YouTube-vide\u00f3khoz.<\/td><td>&nbsp;<\/td><td>&nbsp;<\/td><td>&nbsp;<\/td><td>X<\/td><td>&nbsp;<\/td><td>&nbsp;<\/td><\/tr><tr><td>YPMShowingLimitationDomain478<\/td><td>1 nap<\/td><td>Le\u00edr\u00e1s jelenleg nem \u00e9rhet\u0151 el.<\/td><td>&nbsp;<\/td><td>&nbsp;<\/td><td>&nbsp;<\/td><td>&nbsp;<\/td><td>&nbsp;<\/td><td>X<\/td><\/tr><tr><td>_mc_anon_id<\/td><td>Past<\/td><td>Le\u00edr\u00e1s jelenleg nem \u00e9rhet\u0151 el.<\/td><td>&nbsp;<\/td><td>&nbsp;<\/td><td>&nbsp;<\/td><td>&nbsp;<\/td><td>&nbsp;<\/td><td>X<\/td><\/tr><tr><td>__Secure-ROLLOUT_TOKEN<\/td><td>6 h\u00f3nap<\/td><td>Le\u00edr\u00e1s jelenleg nem \u00e9rhet\u0151 el.<\/td><td>&nbsp;<\/td><td>&nbsp;<\/td><td>&nbsp;<\/td><td>&nbsp;<\/td><td>&nbsp;<\/td><td>X<\/td><\/tr><tr><td>wpcaptcha_captcha_7233<\/td><td>5 perc<\/td><td>Le\u00edr\u00e1s jelenleg nem \u00e9rhet\u0151 el.<\/td><td>&nbsp;<\/td><td>&nbsp;<\/td><td>&nbsp;<\/td><td>&nbsp;<\/td><td>&nbsp;<\/td><td>X<\/td><\/tr><tr><td>wpcaptcha_captcha_4890<\/td><td>5 perc<\/td><td>Le\u00edr\u00e1s jelenleg nem \u00e9rhet\u0151 el.<\/td><td>&nbsp;<\/td><td>&nbsp;<\/td><td>&nbsp;<\/td><td>&nbsp;<\/td><td>&nbsp;<\/td><td>X<\/td><\/tr><tr><td>wpcaptcha_captcha_7099<\/td><td>5 perc<\/td><td>Le\u00edr\u00e1s jelenleg nem \u00e9rhet\u0151 el.<\/td><td>&nbsp;<\/td><td>&nbsp;<\/td><td>&nbsp;<\/td><td>&nbsp;<\/td><td>&nbsp;<\/td><td>&nbsp;X<\/td><\/tr><\/tbody><\/table><\/figure>\n\n\n\n<p>wp-dark-mode-device \/ 364 nap \/ Funkcion\u00e1lis<\/p>\n\n\n\n<p class=\"has-medium-font-size\"><br><strong>(a) Sz\u00fcks\u00e9ges cookie-k<\/strong><\/p>\n\n\n\n<p class=\"has-medium-font-size\">A sz\u00fcks\u00e9ges cookie-k sz\u00fcks\u00e9gesek az oldal alapvet\u0151 funkci\u00f3inak enged\u00e9lyez\u00e9s\u00e9hez, mint p\u00e9ld\u00e1ul a biztons\u00e1gos bejelentkez\u00e9s vagy a hozz\u00e1j\u00e1rul\u00e1si be\u00e1ll\u00edt\u00e1sok m\u00f3dos\u00edt\u00e1sa. Ezek a s\u00fctik nem t\u00e1rolnak szem\u00e9lyes azonos\u00edt\u00e1sra alkalmas adatokat.<\/p>\n\n\n\n<p class=\"has-medium-font-size\"><br><strong>(b) Funkcion\u00e1lis cookie-k<\/strong><\/p>\n\n\n\n<p>A funkcion\u00e1lis cookie-k seg\u00edtenek bizonyos funkci\u00f3k v\u00e9grehajt\u00e1s\u00e1ban, mint p\u00e9ld\u00e1ul a webhely tartalm\u00e1nak megoszt\u00e1sa k\u00f6z\u00f6ss\u00e9gi m\u00e9dia platformokon, visszajelz\u00e9sek gy\u0171jt\u00e9se \u00e9s egy\u00e9b, harmadik f\u00e9lt\u0151l sz\u00e1rmaz\u00f3 funkci\u00f3k.<\/p>\n\n\n\n<p class=\"has-medium-font-size\"><br><strong>(c) Analitikai cookie-k<\/strong><\/p>\n\n\n\n<p>Az analitikai s\u00fctiket arra haszn\u00e1ljuk, hogy meg\u00e9rts\u00fck, hogyan l\u00e9pnek kapcsolatba a l\u00e1togat\u00f3k a weboldallal. Ezek a cookie-k seg\u00edtenek inform\u00e1ci\u00f3t szolg\u00e1ltatni olyan mutat\u00f3kr\u00f3l, mint a l\u00e1togat\u00f3k sz\u00e1ma, a visszafordul\u00e1si ar\u00e1ny, a forgalom forr\u00e1sa stb.<\/p>\n\n\n\n<p class=\"has-medium-font-size\"><br><strong>(d) Teljes\u00edtm\u00e9ny cookie-k<\/strong><\/p>\n\n\n\n<p>A teljes\u00edtm\u00e9ny-cookie-k a weboldal kulcsfontoss\u00e1g\u00fa teljes\u00edtm\u00e9nyindexeinek meg\u00e9rt\u00e9s\u00e9re \u00e9s elemz\u00e9s\u00e9re szolg\u00e1lnak, ami seg\u00edt jobb felhaszn\u00e1l\u00f3i \u00e9lm\u00e9nyt ny\u00fajtani a l\u00e1togat\u00f3knak.<\/p>\n\n\n\n<p class=\"has-medium-font-size\"><br><strong>(e) Hirdet\u00e9s cookie-k<\/strong><\/p>\n\n\n\n<p>A hirdet\u00e9si cookie-k arra szolg\u00e1lnak, hogy a l\u00e1togat\u00f3k szem\u00e9lyre szabott hirdet\u00e9seket kapjanak a kor\u00e1bban megl\u00e1togatott oldalak alapj\u00e1n, \u00e9s elemezz\u00e9k a hirdet\u00e9si kamp\u00e1nyok hat\u00e9konys\u00e1g\u00e1t.<\/p>\n\n\n\n<p class=\"has-medium-font-size\"><br><strong>(f) Nincs kategoriz\u00e1lva cookie-k<\/strong><\/p>\n\n\n\n<div class=\"wp-block-group is-vertical is-layout-flex wp-container-core-group-is-layout-8cf370e7 wp-block-group-is-layout-flex\">\n<p>Egy\u00e9b kategoriz\u00e1latlan cookie-k azok, amelyek elemz\u00e9se folyamatban van, \u00e9s m\u00e9g nem sorolt\u00e1k be egy kateg\u00f3ri\u00e1ba.<\/p>\n\n\n\n<p><\/p>\n\n\n\n<p><\/p>\n\n\n\n<h2 class=\"wp-block-heading has-medium-font-size\">A s\u00fctik letilt\u00e1sa, elt\u00e1vol\u00edt\u00e1sa<\/h2>\n\n\n\n<p>S\u00fctik letilt\u00e1s\u00e1ra, elt\u00e1vol\u00edt\u00e1s\u00e1ra a b\u00f6ng\u00e9sz\u0151 be\u00e1ll\u00edt\u00e1sain kereszt\u00fcl van m\u00f3d. Tov\u00e1bbi seg\u00edts\u00e9get a b\u00f6ng\u00e9sz\u0151k Sug\u00f3 men\u00fcpontja tud ny\u00fajtani \u00d6nnek.<\/p>\n<\/div>\n\n\n<div class= \"cky-audit-table-element\"><\/div>\n\n\n\n<p><\/p>","protected":false},"excerpt":{"rendered":"<p>Cookie, azaz s\u00fcti Jelen cookie szab\u00e1lyzat a Soproni N\u00e9met Nemzetis\u00e9gi \u00d6nkorm\u00e1nyzat \u00e1ltal \u00fczemeltetett www.oedenburg.hu weboldalra vonatkozik. Mi az a s\u00fcti? A cookie egy olyan, bet\u0171 &hellip; <\/p>","protected":false},"author":2,"featured_media":779,"parent":0,"menu_order":0,"comment_status":"closed","ping_status":"closed","template":"","meta":{"footnotes":""},"class_list":["post-202","page","type-page","status-publish","has-post-thumbnail","hentry","latest_post"],"yoast_head":"<!-- This site is optimized with the Yoast SEO plugin v27.5 - https:\/\/yoast.com\/product\/yoast-seo-wordpress\/ -->\n<title>Cookies<\/title>\n<meta name=\"description\" content=\"Cookies\" \/>\n<meta name=\"robots\" content=\"index, follow, max-snippet:-1, max-image-preview:large, max-video-preview:-1\" \/>\n<link rel=\"canonical\" href=\"https:\/\/oedenburg.hu\/de\/cookies\/\" \/>\n<meta property=\"og:locale\" content=\"de_DE\" \/>\n<meta property=\"og:type\" content=\"article\" \/>\n<meta property=\"og:title\" content=\"Cookies\" \/>\n<meta property=\"og:description\" content=\"Cookies\" \/>\n<meta property=\"og:url\" content=\"https:\/\/oedenburg.hu\/de\/cookies\/\" \/>\n<meta property=\"og:site_name\" content=\"N\u00e9met Nemzetis\u00e9gi \u00d6nkorm\u00e1nyzat Sopron\" \/>\n<meta property=\"article:publisher\" content=\"https:\/\/www.facebook.com\/Oedenburg\" \/>\n<meta property=\"article:modified_time\" content=\"2025-02-11T07:56:18+00:00\" \/>\n<meta property=\"og:image\" content=\"https:\/\/oedenburg.hu\/wp-content\/uploads\/2025\/02\/web-cookies.png\" \/>\n\t<meta property=\"og:image:width\" content=\"1280\" \/>\n\t<meta property=\"og:image:height\" content=\"710\" \/>\n\t<meta property=\"og:image:type\" content=\"image\/png\" \/>\n<meta name=\"twitter:card\" content=\"summary_large_image\" \/>\n<meta name=\"twitter:label1\" content=\"Gesch\u00e4tzte Lesezeit\" \/>\n\t<meta name=\"twitter:data1\" content=\"7\u00a0Minuten\" \/>\n<script type=\"application\/ld+json\" class=\"yoast-schema-graph\">{\"@context\":\"https:\\\/\\\/schema.org\",\"@graph\":[{\"@type\":\"WebPage\",\"@id\":\"https:\\\/\\\/oedenburg.hu\\\/cookies\\\/\",\"url\":\"https:\\\/\\\/oedenburg.hu\\\/cookies\\\/\",\"name\":\"Cookies\",\"isPartOf\":{\"@id\":\"https:\\\/\\\/oedenburg.hu\\\/#website\"},\"primaryImageOfPage\":{\"@id\":\"https:\\\/\\\/oedenburg.hu\\\/cookies\\\/#primaryimage\"},\"image\":{\"@id\":\"https:\\\/\\\/oedenburg.hu\\\/cookies\\\/#primaryimage\"},\"thumbnailUrl\":\"https:\\\/\\\/oedenburg.hu\\\/wp-content\\\/uploads\\\/2025\\\/02\\\/web-cookies.png\",\"datePublished\":\"2025-01-22T09:37:27+00:00\",\"dateModified\":\"2025-02-11T07:56:18+00:00\",\"description\":\"Cookies\",\"breadcrumb\":{\"@id\":\"https:\\\/\\\/oedenburg.hu\\\/cookies\\\/#breadcrumb\"},\"inLanguage\":\"de\",\"potentialAction\":[{\"@type\":\"ReadAction\",\"target\":[\"https:\\\/\\\/oedenburg.hu\\\/cookies\\\/\"]}]},{\"@type\":\"ImageObject\",\"inLanguage\":\"de\",\"@id\":\"https:\\\/\\\/oedenburg.hu\\\/cookies\\\/#primaryimage\",\"url\":\"https:\\\/\\\/oedenburg.hu\\\/wp-content\\\/uploads\\\/2025\\\/02\\\/web-cookies.png\",\"contentUrl\":\"https:\\\/\\\/oedenburg.hu\\\/wp-content\\\/uploads\\\/2025\\\/02\\\/web-cookies.png\",\"width\":1280,\"height\":710},{\"@type\":\"BreadcrumbList\",\"@id\":\"https:\\\/\\\/oedenburg.hu\\\/cookies\\\/#breadcrumb\",\"itemListElement\":[{\"@type\":\"ListItem\",\"position\":1,\"name\":\"Kezd\u0151lap\",\"item\":\"https:\\\/\\\/oedenburg.hu\\\/\"},{\"@type\":\"ListItem\",\"position\":2,\"name\":\"Cookies\"}]},{\"@type\":\"WebSite\",\"@id\":\"https:\\\/\\\/oedenburg.hu\\\/#website\",\"url\":\"https:\\\/\\\/oedenburg.hu\\\/\",\"name\":\"N\u00e9met Nemzetis\u00e9gi \u00d6nkorm\u00e1nyzat Sopron\",\"description\":\"Deutsche Selbstverwaltung \u00d6denburg\",\"publisher\":{\"@id\":\"https:\\\/\\\/oedenburg.hu\\\/#organization\"},\"potentialAction\":[{\"@type\":\"SearchAction\",\"target\":{\"@type\":\"EntryPoint\",\"urlTemplate\":\"https:\\\/\\\/oedenburg.hu\\\/?s={search_term_string}\"},\"query-input\":{\"@type\":\"PropertyValueSpecification\",\"valueRequired\":true,\"valueName\":\"search_term_string\"}}],\"inLanguage\":\"de\"},{\"@type\":\"Organization\",\"@id\":\"https:\\\/\\\/oedenburg.hu\\\/#organization\",\"name\":\"N\u00e9met Nemzetis\u00e9gi \u00d6nkorm\u00e1nyzat Sopron\",\"url\":\"https:\\\/\\\/oedenburg.hu\\\/\",\"logo\":{\"@type\":\"ImageObject\",\"inLanguage\":\"de\",\"@id\":\"https:\\\/\\\/oedenburg.hu\\\/#\\\/schema\\\/logo\\\/image\\\/\",\"url\":\"https:\\\/\\\/oedenburg.hu\\\/wp-content\\\/uploads\\\/2025\\\/02\\\/Nemet-nemzetisegi-logo-300x300px-72dpi.png\",\"contentUrl\":\"https:\\\/\\\/oedenburg.hu\\\/wp-content\\\/uploads\\\/2025\\\/02\\\/Nemet-nemzetisegi-logo-300x300px-72dpi.png\",\"width\":300,\"height\":300,\"caption\":\"N\u00e9met Nemzetis\u00e9gi \u00d6nkorm\u00e1nyzat Sopron\"},\"image\":{\"@id\":\"https:\\\/\\\/oedenburg.hu\\\/#\\\/schema\\\/logo\\\/image\\\/\"},\"sameAs\":[\"https:\\\/\\\/www.facebook.com\\\/Oedenburg\"]}]}<\/script>\n<!-- \/ Yoast SEO plugin. -->","yoast_head_json":{"title":"Cookies","description":"Cookies","robots":{"index":"index","follow":"follow","max-snippet":"max-snippet:-1","max-image-preview":"max-image-preview:large","max-video-preview":"max-video-preview:-1"},"canonical":"https:\/\/oedenburg.hu\/de\/cookies\/","og_locale":"de_DE","og_type":"article","og_title":"Cookies","og_description":"Cookies","og_url":"https:\/\/oedenburg.hu\/de\/cookies\/","og_site_name":"N\u00e9met Nemzetis\u00e9gi \u00d6nkorm\u00e1nyzat Sopron","article_publisher":"https:\/\/www.facebook.com\/Oedenburg","article_modified_time":"2025-02-11T07:56:18+00:00","og_image":[{"width":1280,"height":710,"url":"https:\/\/oedenburg.hu\/wp-content\/uploads\/2025\/02\/web-cookies.png","type":"image\/png"}],"twitter_card":"summary_large_image","twitter_misc":{"Gesch\u00e4tzte Lesezeit":"7\u00a0Minuten"},"schema":{"@context":"https:\/\/schema.org","@graph":[{"@type":"WebPage","@id":"https:\/\/oedenburg.hu\/cookies\/","url":"https:\/\/oedenburg.hu\/cookies\/","name":"Cookies","isPartOf":{"@id":"https:\/\/oedenburg.hu\/#website"},"primaryImageOfPage":{"@id":"https:\/\/oedenburg.hu\/cookies\/#primaryimage"},"image":{"@id":"https:\/\/oedenburg.hu\/cookies\/#primaryimage"},"thumbnailUrl":"https:\/\/oedenburg.hu\/wp-content\/uploads\/2025\/02\/web-cookies.png","datePublished":"2025-01-22T09:37:27+00:00","dateModified":"2025-02-11T07:56:18+00:00","description":"Cookies","breadcrumb":{"@id":"https:\/\/oedenburg.hu\/cookies\/#breadcrumb"},"inLanguage":"de","potentialAction":[{"@type":"ReadAction","target":["https:\/\/oedenburg.hu\/cookies\/"]}]},{"@type":"ImageObject","inLanguage":"de","@id":"https:\/\/oedenburg.hu\/cookies\/#primaryimage","url":"https:\/\/oedenburg.hu\/wp-content\/uploads\/2025\/02\/web-cookies.png","contentUrl":"https:\/\/oedenburg.hu\/wp-content\/uploads\/2025\/02\/web-cookies.png","width":1280,"height":710},{"@type":"BreadcrumbList","@id":"https:\/\/oedenburg.hu\/cookies\/#breadcrumb","itemListElement":[{"@type":"ListItem","position":1,"name":"Kezd\u0151lap","item":"https:\/\/oedenburg.hu\/"},{"@type":"ListItem","position":2,"name":"Cookies"}]},{"@type":"WebSite","@id":"https:\/\/oedenburg.hu\/#website","url":"https:\/\/oedenburg.hu\/","name":"Deutsche Selbstverwaltung \u00d6denburg","description":"N\u00e9met Nemzetis\u00e9gi \u00d6nkorm\u00e1nyzat Sopron","publisher":{"@id":"https:\/\/oedenburg.hu\/#organization"},"potentialAction":[{"@type":"SearchAction","target":{"@type":"EntryPoint","urlTemplate":"https:\/\/oedenburg.hu\/?s={search_term_string}"},"query-input":{"@type":"PropertyValueSpecification","valueRequired":true,"valueName":"search_term_string"}}],"inLanguage":"de"},{"@type":"Organization","@id":"https:\/\/oedenburg.hu\/#organization","name":"Deutsche Selbstverwaltung \u00d6denburg","url":"https:\/\/oedenburg.hu\/","logo":{"@type":"ImageObject","inLanguage":"de","@id":"https:\/\/oedenburg.hu\/#\/schema\/logo\/image\/","url":"https:\/\/oedenburg.hu\/wp-content\/uploads\/2025\/02\/Nemet-nemzetisegi-logo-300x300px-72dpi.png","contentUrl":"https:\/\/oedenburg.hu\/wp-content\/uploads\/2025\/02\/Nemet-nemzetisegi-logo-300x300px-72dpi.png","width":300,"height":300,"caption":"N\u00e9met Nemzetis\u00e9gi \u00d6nkorm\u00e1nyzat Sopron"},"image":{"@id":"https:\/\/oedenburg.hu\/#\/schema\/logo\/image\/"},"sameAs":["https:\/\/www.facebook.com\/Oedenburg"]}]}},"_links":{"self":[{"href":"https:\/\/oedenburg.hu\/de\/wp-json\/wp\/v2\/pages\/202","targetHints":{"allow":["GET"]}}],"collection":[{"href":"https:\/\/oedenburg.hu\/de\/wp-json\/wp\/v2\/pages"}],"about":[{"href":"https:\/\/oedenburg.hu\/de\/wp-json\/wp\/v2\/types\/page"}],"author":[{"embeddable":true,"href":"https:\/\/oedenburg.hu\/de\/wp-json\/wp\/v2\/users\/2"}],"replies":[{"embeddable":true,"href":"https:\/\/oedenburg.hu\/de\/wp-json\/wp\/v2\/comments?post=202"}],"version-history":[{"count":12,"href":"https:\/\/oedenburg.hu\/de\/wp-json\/wp\/v2\/pages\/202\/revisions"}],"predecessor-version":[{"id":824,"href":"https:\/\/oedenburg.hu\/de\/wp-json\/wp\/v2\/pages\/202\/revisions\/824"}],"wp:featuredmedia":[{"embeddable":true,"href":"https:\/\/oedenburg.hu\/de\/wp-json\/wp\/v2\/media\/779"}],"wp:attachment":[{"href":"https:\/\/oedenburg.hu\/de\/wp-json\/wp\/v2\/media?parent=202"}],"curies":[{"name":"wp","href":"https:\/\/api.w.org\/{rel}","templated":true}]}}