{"id":22,"date":"2025-01-21T08:24:02","date_gmt":"2025-01-21T08:24:02","guid":{"rendered":"https:\/\/oedenburg.hu\/?page_id=22"},"modified":"2025-02-05T15:22:26","modified_gmt":"2025-02-05T14:22:26","slug":"impresszum","status":"publish","type":"page","link":"https:\/\/oedenburg.hu\/de\/impresszum\/","title":{"rendered":"Impresszum"},"content":{"rendered":"<p><em><strong>V\u00e1llalkoz\u00e1s adatai:<\/strong><\/em><br><strong>C\u00e9gn\u00e9v:<\/strong>\u00a0N\u00e9met Nemzetis\u00e9gi \u00d6nkorm\u00e1nyzat Sopron &#8211; k\u00e9pviseli: Taschner Tam\u00e1s a Soproni N\u00e9met Nemzetis\u00e9gi \u00d6nkorm\u00e1nyzat eln\u00f6ke<br><strong>Ad\u00f3sz\u00e1m:<\/strong>\u00a0<br><strong>Sz\u00e9khely:<\/strong>\u00a09400 Sopron, V\u00e1rker\u00fclet 7.<br><strong>Levelez\u00e9si c\u00edm:<\/strong>\u00a09400 Sopron, V\u00e1rker\u00fclet 7.<br><strong>Telefonnummer:<\/strong> +3670\/612-4840<br><strong>E-Mail Adresse:<\/strong>\u00a0oedenburg.dsv@gmail.com<br><\/p>\n\n\n\n<p><em><strong>Webt\u00e1rhely szolg\u00e1ltat\u00f3 adatai:<\/strong><\/em><br><strong>C\u00e9gn\u00e9v:<\/strong>\u00a0T\u00e1rhely.Eu Szolg\u00e1ltat\u00f3 Kft.<br><strong>Sz\u00e9khely:<\/strong>\u00a01097\u00a0Budapest,\u00a0K\u00f6nyves K\u00e1lm\u00e1n k\u00f6r\u00fat 12-14.<br><strong>Fi\u00f3ktelep:<\/strong>\u00a01132 Budapest, Victor Hugo u. 18-22., 1138 Budapest, V\u00e1ci \u00fat 188.<br><strong>Webc\u00edm:<\/strong>\u00a0https:\/\/tarhely.eu\/<br><strong>El\u00e9rhet\u0151s\u00e9g:<\/strong>\u00a0https:\/\/tarhely.eu\/kapcsolat\/<\/p>\n\n\n\n<p><\/p>","protected":false},"excerpt":{"rendered":"<p>V\u00e1llalkoz\u00e1s adatai:C\u00e9gn\u00e9v:\u00a0N\u00e9met Nemzetis\u00e9gi \u00d6nkorm\u00e1nyzat Sopron &#8211; k\u00e9pviseli: Taschner Tam\u00e1s a Soproni N\u00e9met Nemzetis\u00e9gi \u00d6nkorm\u00e1nyzat eln\u00f6keAd\u00f3sz\u00e1m:\u00a0Sz\u00e9khely:\u00a09400 Sopron, V\u00e1rker\u00fclet 7.Levelez\u00e9si c\u00edm:\u00a09400 Sopron, V\u00e1rker\u00fclet 7.Telefonsz\u00e1m: +3670\/612-4840E-mail c\u00edm:\u00a0oedenburg.dsv@gmail.com Webt\u00e1rhely &hellip; <\/p>","protected":false},"author":2,"featured_media":0,"parent":0,"menu_order":0,"comment_status":"closed","ping_status":"closed","template":"","meta":{"footnotes":""},"class_list":["post-22","page","type-page","status-publish","hentry","latest_post"],"yoast_head":"<!-- This site is optimized with the Yoast SEO plugin v27.5 - https:\/\/yoast.com\/product\/yoast-seo-wordpress\/ -->\n<title>Impresszum<\/title>\n<meta name=\"description\" content=\"Impresszum\" \/>\n<meta name=\"robots\" content=\"index, follow, max-snippet:-1, max-image-preview:large, max-video-preview:-1\" \/>\n<link rel=\"canonical\" href=\"https:\/\/oedenburg.hu\/de\/impresszum\/\" \/>\n<meta property=\"og:locale\" content=\"de_DE\" \/>\n<meta property=\"og:type\" content=\"article\" \/>\n<meta property=\"og:title\" content=\"Impresszum\" \/>\n<meta property=\"og:description\" content=\"Impresszum\" \/>\n<meta property=\"og:url\" content=\"https:\/\/oedenburg.hu\/de\/impresszum\/\" \/>\n<meta property=\"og:site_name\" content=\"N\u00e9met Nemzetis\u00e9gi \u00d6nkorm\u00e1nyzat Sopron\" \/>\n<meta property=\"article:publisher\" content=\"https:\/\/www.facebook.com\/Oedenburg\" \/>\n<meta property=\"article:modified_time\" content=\"2025-02-05T14:22:26+00:00\" \/>\n<meta property=\"og:image\" content=\"https:\/\/oedenburg.hu\/wp-content\/uploads\/2025\/01\/cropped-Nemet-nemzetisegi-logo-720px-72dpi.png\" \/>\n\t<meta property=\"og:image:width\" content=\"403\" \/>\n\t<meta property=\"og:image:height\" content=\"406\" \/>\n\t<meta property=\"og:image:type\" content=\"image\/png\" \/>\n<meta name=\"twitter:card\" content=\"summary_large_image\" \/>\n<meta name=\"twitter:label1\" content=\"Gesch\u00e4tzte Lesezeit\" \/>\n\t<meta name=\"twitter:data1\" content=\"1\u00a0Minute\" \/>\n<script type=\"application\/ld+json\" class=\"yoast-schema-graph\">{\"@context\":\"https:\\\/\\\/schema.org\",\"@graph\":[{\"@type\":\"WebPage\",\"@id\":\"https:\\\/\\\/oedenburg.hu\\\/impresszum\\\/\",\"url\":\"https:\\\/\\\/oedenburg.hu\\\/impresszum\\\/\",\"name\":\"Impresszum\",\"isPartOf\":{\"@id\":\"https:\\\/\\\/oedenburg.hu\\\/#website\"},\"datePublished\":\"2025-01-21T08:24:02+00:00\",\"dateModified\":\"2025-02-05T14:22:26+00:00\",\"description\":\"Impresszum\",\"breadcrumb\":{\"@id\":\"https:\\\/\\\/oedenburg.hu\\\/impresszum\\\/#breadcrumb\"},\"inLanguage\":\"de\",\"potentialAction\":[{\"@type\":\"ReadAction\",\"target\":[\"https:\\\/\\\/oedenburg.hu\\\/impresszum\\\/\"]}]},{\"@type\":\"BreadcrumbList\",\"@id\":\"https:\\\/\\\/oedenburg.hu\\\/impresszum\\\/#breadcrumb\",\"itemListElement\":[{\"@type\":\"ListItem\",\"position\":1,\"name\":\"Kezd\u0151lap\",\"item\":\"https:\\\/\\\/oedenburg.hu\\\/\"},{\"@type\":\"ListItem\",\"position\":2,\"name\":\"Impresszum\"}]},{\"@type\":\"WebSite\",\"@id\":\"https:\\\/\\\/oedenburg.hu\\\/#website\",\"url\":\"https:\\\/\\\/oedenburg.hu\\\/\",\"name\":\"N\u00e9met Nemzetis\u00e9gi \u00d6nkorm\u00e1nyzat Sopron\",\"description\":\"Deutsche Selbstverwaltung \u00d6denburg\",\"publisher\":{\"@id\":\"https:\\\/\\\/oedenburg.hu\\\/#organization\"},\"potentialAction\":[{\"@type\":\"SearchAction\",\"target\":{\"@type\":\"EntryPoint\",\"urlTemplate\":\"https:\\\/\\\/oedenburg.hu\\\/?s={search_term_string}\"},\"query-input\":{\"@type\":\"PropertyValueSpecification\",\"valueRequired\":true,\"valueName\":\"search_term_string\"}}],\"inLanguage\":\"de\"},{\"@type\":\"Organization\",\"@id\":\"https:\\\/\\\/oedenburg.hu\\\/#organization\",\"name\":\"N\u00e9met Nemzetis\u00e9gi \u00d6nkorm\u00e1nyzat Sopron\",\"url\":\"https:\\\/\\\/oedenburg.hu\\\/\",\"logo\":{\"@type\":\"ImageObject\",\"inLanguage\":\"de\",\"@id\":\"https:\\\/\\\/oedenburg.hu\\\/#\\\/schema\\\/logo\\\/image\\\/\",\"url\":\"https:\\\/\\\/oedenburg.hu\\\/wp-content\\\/uploads\\\/2025\\\/02\\\/Nemet-nemzetisegi-logo-300x300px-72dpi.png\",\"contentUrl\":\"https:\\\/\\\/oedenburg.hu\\\/wp-content\\\/uploads\\\/2025\\\/02\\\/Nemet-nemzetisegi-logo-300x300px-72dpi.png\",\"width\":300,\"height\":300,\"caption\":\"N\u00e9met Nemzetis\u00e9gi \u00d6nkorm\u00e1nyzat Sopron\"},\"image\":{\"@id\":\"https:\\\/\\\/oedenburg.hu\\\/#\\\/schema\\\/logo\\\/image\\\/\"},\"sameAs\":[\"https:\\\/\\\/www.facebook.com\\\/Oedenburg\"]}]}<\/script>\n<!-- \/ Yoast SEO plugin. -->","yoast_head_json":{"title":"Impresszum","description":"Impresszum","robots":{"index":"index","follow":"follow","max-snippet":"max-snippet:-1","max-image-preview":"max-image-preview:large","max-video-preview":"max-video-preview:-1"},"canonical":"https:\/\/oedenburg.hu\/de\/impresszum\/","og_locale":"de_DE","og_type":"article","og_title":"Impresszum","og_description":"Impresszum","og_url":"https:\/\/oedenburg.hu\/de\/impresszum\/","og_site_name":"N\u00e9met Nemzetis\u00e9gi \u00d6nkorm\u00e1nyzat Sopron","article_publisher":"https:\/\/www.facebook.com\/Oedenburg","article_modified_time":"2025-02-05T14:22:26+00:00","og_image":[{"width":403,"height":406,"url":"https:\/\/oedenburg.hu\/wp-content\/uploads\/2025\/01\/cropped-Nemet-nemzetisegi-logo-720px-72dpi.png","type":"image\/png"}],"twitter_card":"summary_large_image","twitter_misc":{"Gesch\u00e4tzte Lesezeit":"1\u00a0Minute"},"schema":{"@context":"https:\/\/schema.org","@graph":[{"@type":"WebPage","@id":"https:\/\/oedenburg.hu\/impresszum\/","url":"https:\/\/oedenburg.hu\/impresszum\/","name":"Impresszum","isPartOf":{"@id":"https:\/\/oedenburg.hu\/#website"},"datePublished":"2025-01-21T08:24:02+00:00","dateModified":"2025-02-05T14:22:26+00:00","description":"Impresszum","breadcrumb":{"@id":"https:\/\/oedenburg.hu\/impresszum\/#breadcrumb"},"inLanguage":"de","potentialAction":[{"@type":"ReadAction","target":["https:\/\/oedenburg.hu\/impresszum\/"]}]},{"@type":"BreadcrumbList","@id":"https:\/\/oedenburg.hu\/impresszum\/#breadcrumb","itemListElement":[{"@type":"ListItem","position":1,"name":"Kezd\u0151lap","item":"https:\/\/oedenburg.hu\/"},{"@type":"ListItem","position":2,"name":"Impresszum"}]},{"@type":"WebSite","@id":"https:\/\/oedenburg.hu\/#website","url":"https:\/\/oedenburg.hu\/","name":"Deutsche Selbstverwaltung \u00d6denburg","description":"N\u00e9met Nemzetis\u00e9gi \u00d6nkorm\u00e1nyzat Sopron","publisher":{"@id":"https:\/\/oedenburg.hu\/#organization"},"potentialAction":[{"@type":"SearchAction","target":{"@type":"EntryPoint","urlTemplate":"https:\/\/oedenburg.hu\/?s={search_term_string}"},"query-input":{"@type":"PropertyValueSpecification","valueRequired":true,"valueName":"search_term_string"}}],"inLanguage":"de"},{"@type":"Organization","@id":"https:\/\/oedenburg.hu\/#organization","name":"Deutsche Selbstverwaltung \u00d6denburg","url":"https:\/\/oedenburg.hu\/","logo":{"@type":"ImageObject","inLanguage":"de","@id":"https:\/\/oedenburg.hu\/#\/schema\/logo\/image\/","url":"https:\/\/oedenburg.hu\/wp-content\/uploads\/2025\/02\/Nemet-nemzetisegi-logo-300x300px-72dpi.png","contentUrl":"https:\/\/oedenburg.hu\/wp-content\/uploads\/2025\/02\/Nemet-nemzetisegi-logo-300x300px-72dpi.png","width":300,"height":300,"caption":"N\u00e9met Nemzetis\u00e9gi \u00d6nkorm\u00e1nyzat Sopron"},"image":{"@id":"https:\/\/oedenburg.hu\/#\/schema\/logo\/image\/"},"sameAs":["https:\/\/www.facebook.com\/Oedenburg"]}]}},"_links":{"self":[{"href":"https:\/\/oedenburg.hu\/de\/wp-json\/wp\/v2\/pages\/22","targetHints":{"allow":["GET"]}}],"collection":[{"href":"https:\/\/oedenburg.hu\/de\/wp-json\/wp\/v2\/pages"}],"about":[{"href":"https:\/\/oedenburg.hu\/de\/wp-json\/wp\/v2\/types\/page"}],"author":[{"embeddable":true,"href":"https:\/\/oedenburg.hu\/de\/wp-json\/wp\/v2\/users\/2"}],"replies":[{"embeddable":true,"href":"https:\/\/oedenburg.hu\/de\/wp-json\/wp\/v2\/comments?post=22"}],"version-history":[{"count":5,"href":"https:\/\/oedenburg.hu\/de\/wp-json\/wp\/v2\/pages\/22\/revisions"}],"predecessor-version":[{"id":755,"href":"https:\/\/oedenburg.hu\/de\/wp-json\/wp\/v2\/pages\/22\/revisions\/755"}],"wp:attachment":[{"href":"https:\/\/oedenburg.hu\/de\/wp-json\/wp\/v2\/media?parent=22"}],"curies":[{"name":"wp","href":"https:\/\/api.w.org\/{rel}","templated":true}]}}