{"id":30,"date":"2025-01-21T08:25:47","date_gmt":"2025-01-21T08:25:47","guid":{"rendered":"https:\/\/oedenburg.hu\/?page_id=30"},"modified":"2025-04-03T10:09:59","modified_gmt":"2025-04-03T08:09:59","slug":"intezmenyeink","status":"publish","type":"page","link":"https:\/\/oedenburg.hu\/de\/intezmenyeink\/","title":{"rendered":"Unsere Institutionen"},"content":{"rendered":"<div class=\"wp-block-image\">\n<figure class=\"aligncenter size-large\"><img loading=\"lazy\" decoding=\"async\" width=\"1024\" height=\"683\" src=\"https:\/\/oedenburg.hu\/wp-content\/uploads\/2025\/01\/nemet_nemzetisegi_iskola_atado_09-Kozepes-1024x683.webp\" alt=\"\" class=\"wp-image-535\" srcset=\"https:\/\/oedenburg.hu\/wp-content\/uploads\/2025\/01\/nemet_nemzetisegi_iskola_atado_09-Kozepes-1024x683.webp 1024w, https:\/\/oedenburg.hu\/wp-content\/uploads\/2025\/01\/nemet_nemzetisegi_iskola_atado_09-Kozepes-300x200.webp 300w, https:\/\/oedenburg.hu\/wp-content\/uploads\/2025\/01\/nemet_nemzetisegi_iskola_atado_09-Kozepes-768x512.webp 768w, https:\/\/oedenburg.hu\/wp-content\/uploads\/2025\/01\/nemet_nemzetisegi_iskola_atado_09-Kozepes-18x12.webp 18w, https:\/\/oedenburg.hu\/wp-content\/uploads\/2025\/01\/nemet_nemzetisegi_iskola_atado_09-Kozepes-90x60.webp 90w, https:\/\/oedenburg.hu\/wp-content\/uploads\/2025\/01\/nemet_nemzetisegi_iskola_atado_09-Kozepes-420x280.webp 420w, https:\/\/oedenburg.hu\/wp-content\/uploads\/2025\/01\/nemet_nemzetisegi_iskola_atado_09-Kozepes.webp 1152w\" sizes=\"auto, (max-width: 1024px) 100vw, 1024px\" \/><\/figure>\n<\/div>\n\n\n<p class=\"has-text-align-center has-cyan-bluish-gray-color has-text-color has-link-color wp-elements-8c1a368967eb807fec536072ca42e8cc\"><em><sup>Der renovierte Haupteingang der Soproner Deutschen Nationalit\u00e4tengrundschule am Feny\u0151 t\u00e9r am 19. September 2021.<\/sup><\/em><\/p>\n\n\n\n<div class=\"wp-block-columns is-layout-flex wp-container-core-columns-is-layout-9d6595d7 wp-block-columns-is-layout-flex\">\n<div class=\"wp-block-column is-layout-flow wp-block-column-is-layout-flow\" style=\"flex-basis:33.33%\"><div class=\"wp-block-image\">\n<figure class=\"aligncenter size-full is-resized\"><img loading=\"lazy\" decoding=\"async\" width=\"145\" height=\"150\" src=\"https:\/\/oedenburg.hu\/wp-content\/uploads\/2025\/01\/snnaiDno-logo-150px.png\" alt=\"\" class=\"wp-image-357\" style=\"object-fit:cover;width:200px;height:200px\" srcset=\"https:\/\/oedenburg.hu\/wp-content\/uploads\/2025\/01\/snnaiDno-logo-150px.png 145w, https:\/\/oedenburg.hu\/wp-content\/uploads\/2025\/01\/snnaiDno-logo-150px-58x60.png 58w\" sizes=\"auto, (max-width: 145px) 100vw, 145px\" \/><\/figure>\n<\/div><\/div>\n\n\n\n<div class=\"wp-block-column is-layout-flow wp-block-column-is-layout-flow\" style=\"flex-basis:66.66%\">\n<ul>\n<li><strong>Adresse:<\/strong> <a href=\"https:\/\/maps.app.goo.gl\/7xHXNdz7jzcyaxYC6\" target=\"_blank\" rel=\"noopener\">9400 Sopron, Feny\u0151 t\u00e9r 1.<\/a><\/li>\n<li><strong>Telefonnummer:<\/strong> <a href=\"Tel:+3699510232\" target=\"_blank\" rel=\"noopener\">+3699 \/510 &#8211; 232<\/a><\/li>\n<li><strong>E-Mail Adresse:<\/strong> <a href=\"mailto:fenyosuli@snnai.hu\" target=\"_blank\" rel=\"noopener\">fenyosuli@snnai.hu<\/a><\/li>\n<li><strong>Homepage der Schule:<\/strong> <a href=\"http:\/\/www.fenyoter.sopron.hu\" target=\"_blank\" rel=\"noopener\">http:\/\/www.fenyoter.sopron.hu<\/a><\/li>\n<\/ul>\n<\/div>\n<\/div>\n\n\n\n<hr class=\"wp-block-separator has-alpha-channel-opacity is-style-wide\"\/>\n\n\n\n<p><\/p>\n\n\n<div class=\"wp-block-image\">\n<figure class=\"aligncenter size-full\"><img loading=\"lazy\" decoding=\"async\" width=\"960\" height=\"720\" src=\"https:\/\/oedenburg.hu\/wp-content\/uploads\/2025\/02\/sopron-rejpal-haz.jpg\" alt=\"\" class=\"wp-image-992\" srcset=\"https:\/\/oedenburg.hu\/wp-content\/uploads\/2025\/02\/sopron-rejpal-haz.jpg 960w, https:\/\/oedenburg.hu\/wp-content\/uploads\/2025\/02\/sopron-rejpal-haz-300x225.jpg 300w, https:\/\/oedenburg.hu\/wp-content\/uploads\/2025\/02\/sopron-rejpal-haz-768x576.jpg 768w, https:\/\/oedenburg.hu\/wp-content\/uploads\/2025\/02\/sopron-rejpal-haz-16x12.jpg 16w, https:\/\/oedenburg.hu\/wp-content\/uploads\/2025\/02\/sopron-rejpal-haz-80x60.jpg 80w\" sizes=\"auto, (max-width: 960px) 100vw, 960px\" \/><\/figure>\n<\/div>\n\n\n<p class=\"has-text-align-center has-cyan-bluish-gray-color has-text-color has-link-color wp-elements-aea53fa7cf88a07d2d4b04069c495f6b\"><em><sup>Rejp\u00e1l - haus<\/sup><\/em><\/p>\n\n\n\n<div class=\"wp-block-columns is-layout-flex wp-container-core-columns-is-layout-9d6595d7 wp-block-columns-is-layout-flex\">\n<div class=\"wp-block-column is-vertically-aligned-center is-layout-flow wp-block-column-is-layout-flow\">\n<div class=\"wp-block-columns is-layout-flex wp-container-core-columns-is-layout-9d6595d7 wp-block-columns-is-layout-flex\">\n<div class=\"wp-block-column is-layout-flow wp-block-column-is-layout-flow\" style=\"flex-basis:33.33%\"><\/div>\n\n\n\n<div class=\"wp-block-column is-layout-flow wp-block-column-is-layout-flow\" style=\"flex-basis:66.66%\">\n<ul>\n<li><strong>Adresse:<\/strong> <a href=\"https:\/\/maps.app.goo.gl\/15BfdBDJfetk6gKT9\" target=\"_blank\" rel=\"noopener\">9400 Sopron, V\u00e1rker\u00fclet 7.<\/a><\/li>\n<li><strong>Telefonnummer:<\/strong> <a href=\"tel:+36706124840\" target=\"_blank\" rel=\"noopener\">+3670\/612-4840<\/a><\/li>\n<\/ul>\n<\/div>\n<\/div>\n<\/div>\n<\/div>\n\n\n\n<p><\/p>","protected":false},"excerpt":{"rendered":"<p>A fel\u00faj\u00edtott Feny\u0151 t\u00e9ri Soproni N\u00e9met Nemzetis\u00e9gi \u00c1ltal\u00e1nos Iskola f\u0151bej\u00e1rata 2021. szeptember 19-\u00e9n C\u00edm: 9400 Sopron, Feny\u0151 t\u00e9r 1. Telefonsz\u00e1m: +3699 \/510 &#8211; 232 E-mail &hellip; <\/p>","protected":false},"author":2,"featured_media":535,"parent":0,"menu_order":0,"comment_status":"closed","ping_status":"closed","template":"","meta":{"footnotes":""},"class_list":["post-30","page","type-page","status-publish","has-post-thumbnail","hentry","latest_post"],"yoast_head":"<!-- This site is optimized with the Yoast SEO plugin v27.6 - https:\/\/yoast.com\/product\/yoast-seo-wordpress\/ -->\n<title>Int\u00e9zm\u00e9nyeink<\/title>\n<meta name=\"description\" content=\"Int\u00e9zm\u00e9nyeink\" \/>\n<meta name=\"robots\" content=\"index, follow, max-snippet:-1, max-image-preview:large, max-video-preview:-1\" \/>\n<link rel=\"canonical\" href=\"https:\/\/oedenburg.hu\/de\/intezmenyeink\/\" \/>\n<meta property=\"og:locale\" content=\"de_DE\" \/>\n<meta property=\"og:type\" content=\"article\" \/>\n<meta property=\"og:title\" content=\"Int\u00e9zm\u00e9nyeink\" \/>\n<meta property=\"og:description\" content=\"Int\u00e9zm\u00e9nyeink\" \/>\n<meta property=\"og:url\" content=\"https:\/\/oedenburg.hu\/de\/intezmenyeink\/\" \/>\n<meta property=\"og:site_name\" content=\"N\u00e9met Nemzetis\u00e9gi \u00d6nkorm\u00e1nyzat Sopron\" \/>\n<meta property=\"article:publisher\" content=\"https:\/\/www.facebook.com\/Oedenburg\" \/>\n<meta property=\"article:modified_time\" content=\"2025-04-03T08:09:59+00:00\" \/>\n<meta property=\"og:image\" content=\"https:\/\/oedenburg.hu\/wp-content\/uploads\/2025\/01\/nemet_nemzetisegi_iskola_atado_09-Kozepes.webp\" \/>\n\t<meta property=\"og:image:width\" content=\"1152\" \/>\n\t<meta property=\"og:image:height\" content=\"768\" \/>\n\t<meta property=\"og:image:type\" content=\"image\/webp\" \/>\n<meta name=\"twitter:card\" content=\"summary_large_image\" \/>\n<script type=\"application\/ld+json\" class=\"yoast-schema-graph\">{\"@context\":\"https:\\\/\\\/schema.org\",\"@graph\":[{\"@type\":\"WebPage\",\"@id\":\"https:\\\/\\\/oedenburg.hu\\\/intezmenyeink\\\/\",\"url\":\"https:\\\/\\\/oedenburg.hu\\\/intezmenyeink\\\/\",\"name\":\"Int\u00e9zm\u00e9nyeink\",\"isPartOf\":{\"@id\":\"https:\\\/\\\/oedenburg.hu\\\/#website\"},\"primaryImageOfPage\":{\"@id\":\"https:\\\/\\\/oedenburg.hu\\\/intezmenyeink\\\/#primaryimage\"},\"image\":{\"@id\":\"https:\\\/\\\/oedenburg.hu\\\/intezmenyeink\\\/#primaryimage\"},\"thumbnailUrl\":\"https:\\\/\\\/oedenburg.hu\\\/wp-content\\\/uploads\\\/2025\\\/01\\\/nemet_nemzetisegi_iskola_atado_09-Kozepes.webp\",\"datePublished\":\"2025-01-21T08:25:47+00:00\",\"dateModified\":\"2025-04-03T08:09:59+00:00\",\"description\":\"Int\u00e9zm\u00e9nyeink\",\"breadcrumb\":{\"@id\":\"https:\\\/\\\/oedenburg.hu\\\/intezmenyeink\\\/#breadcrumb\"},\"inLanguage\":\"de\",\"potentialAction\":[{\"@type\":\"ReadAction\",\"target\":[\"https:\\\/\\\/oedenburg.hu\\\/intezmenyeink\\\/\"]}]},{\"@type\":\"ImageObject\",\"inLanguage\":\"de\",\"@id\":\"https:\\\/\\\/oedenburg.hu\\\/intezmenyeink\\\/#primaryimage\",\"url\":\"https:\\\/\\\/oedenburg.hu\\\/wp-content\\\/uploads\\\/2025\\\/01\\\/nemet_nemzetisegi_iskola_atado_09-Kozepes.webp\",\"contentUrl\":\"https:\\\/\\\/oedenburg.hu\\\/wp-content\\\/uploads\\\/2025\\\/01\\\/nemet_nemzetisegi_iskola_atado_09-Kozepes.webp\",\"width\":1152,\"height\":768},{\"@type\":\"BreadcrumbList\",\"@id\":\"https:\\\/\\\/oedenburg.hu\\\/intezmenyeink\\\/#breadcrumb\",\"itemListElement\":[{\"@type\":\"ListItem\",\"position\":1,\"name\":\"Kezd\u0151lap\",\"item\":\"https:\\\/\\\/oedenburg.hu\\\/\"},{\"@type\":\"ListItem\",\"position\":2,\"name\":\"Int\u00e9zm\u00e9nyeink\"}]},{\"@type\":\"WebSite\",\"@id\":\"https:\\\/\\\/oedenburg.hu\\\/#website\",\"url\":\"https:\\\/\\\/oedenburg.hu\\\/\",\"name\":\"N\u00e9met Nemzetis\u00e9gi \u00d6nkorm\u00e1nyzat Sopron\",\"description\":\"Deutsche Selbstverwaltung \u00d6denburg\",\"publisher\":{\"@id\":\"https:\\\/\\\/oedenburg.hu\\\/#organization\"},\"potentialAction\":[{\"@type\":\"SearchAction\",\"target\":{\"@type\":\"EntryPoint\",\"urlTemplate\":\"https:\\\/\\\/oedenburg.hu\\\/?s={search_term_string}\"},\"query-input\":{\"@type\":\"PropertyValueSpecification\",\"valueRequired\":true,\"valueName\":\"search_term_string\"}}],\"inLanguage\":\"de\"},{\"@type\":\"Organization\",\"@id\":\"https:\\\/\\\/oedenburg.hu\\\/#organization\",\"name\":\"N\u00e9met Nemzetis\u00e9gi \u00d6nkorm\u00e1nyzat Sopron\",\"url\":\"https:\\\/\\\/oedenburg.hu\\\/\",\"logo\":{\"@type\":\"ImageObject\",\"inLanguage\":\"de\",\"@id\":\"https:\\\/\\\/oedenburg.hu\\\/#\\\/schema\\\/logo\\\/image\\\/\",\"url\":\"https:\\\/\\\/oedenburg.hu\\\/wp-content\\\/uploads\\\/2025\\\/02\\\/Nemet-nemzetisegi-logo-300x300px-72dpi.png\",\"contentUrl\":\"https:\\\/\\\/oedenburg.hu\\\/wp-content\\\/uploads\\\/2025\\\/02\\\/Nemet-nemzetisegi-logo-300x300px-72dpi.png\",\"width\":300,\"height\":300,\"caption\":\"N\u00e9met Nemzetis\u00e9gi \u00d6nkorm\u00e1nyzat Sopron\"},\"image\":{\"@id\":\"https:\\\/\\\/oedenburg.hu\\\/#\\\/schema\\\/logo\\\/image\\\/\"},\"sameAs\":[\"https:\\\/\\\/www.facebook.com\\\/Oedenburg\"]}]}<\/script>\n<!-- \/ Yoast SEO plugin. -->","yoast_head_json":{"title":"Unsere Institutionen","description":"Unsere Institutionen","robots":{"index":"index","follow":"follow","max-snippet":"max-snippet:-1","max-image-preview":"max-image-preview:large","max-video-preview":"max-video-preview:-1"},"canonical":"https:\/\/oedenburg.hu\/de\/intezmenyeink\/","og_locale":"de_DE","og_type":"article","og_title":"Int\u00e9zm\u00e9nyeink","og_description":"Int\u00e9zm\u00e9nyeink","og_url":"https:\/\/oedenburg.hu\/de\/intezmenyeink\/","og_site_name":"N\u00e9met Nemzetis\u00e9gi \u00d6nkorm\u00e1nyzat Sopron","article_publisher":"https:\/\/www.facebook.com\/Oedenburg","article_modified_time":"2025-04-03T08:09:59+00:00","og_image":[{"width":1152,"height":768,"url":"https:\/\/oedenburg.hu\/wp-content\/uploads\/2025\/01\/nemet_nemzetisegi_iskola_atado_09-Kozepes.webp","type":"image\/webp"}],"twitter_card":"summary_large_image","schema":{"@context":"https:\/\/schema.org","@graph":[{"@type":"WebPage","@id":"https:\/\/oedenburg.hu\/intezmenyeink\/","url":"https:\/\/oedenburg.hu\/intezmenyeink\/","name":"Unsere Institutionen","isPartOf":{"@id":"https:\/\/oedenburg.hu\/#website"},"primaryImageOfPage":{"@id":"https:\/\/oedenburg.hu\/intezmenyeink\/#primaryimage"},"image":{"@id":"https:\/\/oedenburg.hu\/intezmenyeink\/#primaryimage"},"thumbnailUrl":"https:\/\/oedenburg.hu\/wp-content\/uploads\/2025\/01\/nemet_nemzetisegi_iskola_atado_09-Kozepes.webp","datePublished":"2025-01-21T08:25:47+00:00","dateModified":"2025-04-03T08:09:59+00:00","description":"Unsere Institutionen","breadcrumb":{"@id":"https:\/\/oedenburg.hu\/intezmenyeink\/#breadcrumb"},"inLanguage":"de","potentialAction":[{"@type":"ReadAction","target":["https:\/\/oedenburg.hu\/intezmenyeink\/"]}]},{"@type":"ImageObject","inLanguage":"de","@id":"https:\/\/oedenburg.hu\/intezmenyeink\/#primaryimage","url":"https:\/\/oedenburg.hu\/wp-content\/uploads\/2025\/01\/nemet_nemzetisegi_iskola_atado_09-Kozepes.webp","contentUrl":"https:\/\/oedenburg.hu\/wp-content\/uploads\/2025\/01\/nemet_nemzetisegi_iskola_atado_09-Kozepes.webp","width":1152,"height":768},{"@type":"BreadcrumbList","@id":"https:\/\/oedenburg.hu\/intezmenyeink\/#breadcrumb","itemListElement":[{"@type":"ListItem","position":1,"name":"Kezd\u0151lap","item":"https:\/\/oedenburg.hu\/"},{"@type":"ListItem","position":2,"name":"Int\u00e9zm\u00e9nyeink"}]},{"@type":"WebSite","@id":"https:\/\/oedenburg.hu\/#website","url":"https:\/\/oedenburg.hu\/","name":"Deutsche Selbstverwaltung \u00d6denburg","description":"N\u00e9met Nemzetis\u00e9gi \u00d6nkorm\u00e1nyzat Sopron","publisher":{"@id":"https:\/\/oedenburg.hu\/#organization"},"potentialAction":[{"@type":"SearchAction","target":{"@type":"EntryPoint","urlTemplate":"https:\/\/oedenburg.hu\/?s={search_term_string}"},"query-input":{"@type":"PropertyValueSpecification","valueRequired":true,"valueName":"search_term_string"}}],"inLanguage":"de"},{"@type":"Organization","@id":"https:\/\/oedenburg.hu\/#organization","name":"Deutsche Selbstverwaltung \u00d6denburg","url":"https:\/\/oedenburg.hu\/","logo":{"@type":"ImageObject","inLanguage":"de","@id":"https:\/\/oedenburg.hu\/#\/schema\/logo\/image\/","url":"https:\/\/oedenburg.hu\/wp-content\/uploads\/2025\/02\/Nemet-nemzetisegi-logo-300x300px-72dpi.png","contentUrl":"https:\/\/oedenburg.hu\/wp-content\/uploads\/2025\/02\/Nemet-nemzetisegi-logo-300x300px-72dpi.png","width":300,"height":300,"caption":"N\u00e9met Nemzetis\u00e9gi \u00d6nkorm\u00e1nyzat Sopron"},"image":{"@id":"https:\/\/oedenburg.hu\/#\/schema\/logo\/image\/"},"sameAs":["https:\/\/www.facebook.com\/Oedenburg"]}]}},"_links":{"self":[{"href":"https:\/\/oedenburg.hu\/de\/wp-json\/wp\/v2\/pages\/30","targetHints":{"allow":["GET"]}}],"collection":[{"href":"https:\/\/oedenburg.hu\/de\/wp-json\/wp\/v2\/pages"}],"about":[{"href":"https:\/\/oedenburg.hu\/de\/wp-json\/wp\/v2\/types\/page"}],"author":[{"embeddable":true,"href":"https:\/\/oedenburg.hu\/de\/wp-json\/wp\/v2\/users\/2"}],"replies":[{"embeddable":true,"href":"https:\/\/oedenburg.hu\/de\/wp-json\/wp\/v2\/comments?post=30"}],"version-history":[{"count":35,"href":"https:\/\/oedenburg.hu\/de\/wp-json\/wp\/v2\/pages\/30\/revisions"}],"predecessor-version":[{"id":1006,"href":"https:\/\/oedenburg.hu\/de\/wp-json\/wp\/v2\/pages\/30\/revisions\/1006"}],"wp:featuredmedia":[{"embeddable":true,"href":"https:\/\/oedenburg.hu\/de\/wp-json\/wp\/v2\/media\/535"}],"wp:attachment":[{"href":"https:\/\/oedenburg.hu\/de\/wp-json\/wp\/v2\/media?parent=30"}],"curies":[{"name":"wp","href":"https:\/\/api.w.org\/{rel}","templated":true}]}}