{"id":32,"date":"2025-01-21T08:26:10","date_gmt":"2025-01-21T08:26:10","guid":{"rendered":"https:\/\/oedenburg.hu\/?page_id=32"},"modified":"2025-02-14T15:44:56","modified_gmt":"2025-02-14T14:44:56","slug":"dokumentumok","status":"publish","type":"page","link":"https:\/\/oedenburg.hu\/de\/dokumentumok\/","title":{"rendered":"Dokumente"},"content":{"rendered":"<div class=\"wp-block-columns is-layout-flex wp-container-core-columns-is-layout-9d6595d7 wp-block-columns-is-layout-flex\">\n<div class=\"wp-block-column is-vertically-aligned-center is-layout-flow wp-block-column-is-layout-flow\" style=\"flex-basis:66.66%\">\n<p>Dokumentum 1.<\/p>\n<\/div>\n\n\n\n<div class=\"wp-block-column is-layout-flow wp-block-column-is-layout-flow\" style=\"flex-basis:33.33%\">\n<div class=\"wp-block-columns is-layout-flex wp-container-core-columns-is-layout-9d6595d7 wp-block-columns-is-layout-flex\">\n<div class=\"wp-block-column is-vertically-aligned-center is-layout-flow wp-block-column-is-layout-flow\" style=\"flex-basis:66.66%\">\n<p class=\"has-text-align-right\">Herunterladen:<\/p>\n<\/div>\n\n\n\n<div class=\"wp-block-column is-layout-flow wp-block-column-is-layout-flow\" style=\"flex-basis:33.33%\"><div class=\"wp-block-image is-style-default\">\n<figure class=\"aligncenter size-full is-resized\"><a href=\"https:\/\/oedenburg.hu\/wp-content\/uploads\/2025\/02\/U50web.png\" target=\"_blank\" rel=\" noreferrer noopener\"><img loading=\"lazy\" decoding=\"async\" width=\"800\" height=\"800\" src=\"https:\/\/oedenburg.hu\/wp-content\/uploads\/2025\/02\/donloading-save-icon-button.png\" alt=\"\" class=\"wp-image-879\" style=\"width:30px\" srcset=\"https:\/\/oedenburg.hu\/wp-content\/uploads\/2025\/02\/donloading-save-icon-button.png 800w, https:\/\/oedenburg.hu\/wp-content\/uploads\/2025\/02\/donloading-save-icon-button-300x300.png 300w, https:\/\/oedenburg.hu\/wp-content\/uploads\/2025\/02\/donloading-save-icon-button-150x150.png 150w, https:\/\/oedenburg.hu\/wp-content\/uploads\/2025\/02\/donloading-save-icon-button-768x768.png 768w, https:\/\/oedenburg.hu\/wp-content\/uploads\/2025\/02\/donloading-save-icon-button-12x12.png 12w, https:\/\/oedenburg.hu\/wp-content\/uploads\/2025\/02\/donloading-save-icon-button-60x60.png 60w\" sizes=\"auto, (max-width: 800px) 100vw, 800px\" \/><\/a><\/figure>\n<\/div><\/div>\n<\/div>\n<\/div>\n<\/div>\n\n\n\n<hr class=\"wp-block-separator has-text-color has-cyan-bluish-gray-color has-alpha-channel-opacity has-cyan-bluish-gray-background-color has-background is-style-wide\"\/>\n\n\n\n<div class=\"wp-block-columns is-layout-flex wp-container-core-columns-is-layout-9d6595d7 wp-block-columns-is-layout-flex\">\n<div class=\"wp-block-column is-vertically-aligned-center is-layout-flow wp-block-column-is-layout-flow\" style=\"flex-basis:66.66%\">\n<p>Dokumentum 2.<\/p>\n<\/div>\n\n\n\n<div class=\"wp-block-column is-layout-flow wp-block-column-is-layout-flow\" style=\"flex-basis:33.33%\">\n<div class=\"wp-block-columns is-layout-flex wp-container-core-columns-is-layout-9d6595d7 wp-block-columns-is-layout-flex\">\n<div class=\"wp-block-column is-vertically-aligned-center is-layout-flow wp-block-column-is-layout-flow\" style=\"flex-basis:66.66%\">\n<p class=\"has-text-align-right\">Herunterladen:<\/p>\n<\/div>\n\n\n\n<div class=\"wp-block-column is-layout-flow wp-block-column-is-layout-flow\" style=\"flex-basis:33.33%\"><div class=\"wp-block-image\">\n<figure class=\"aligncenter size-full is-resized\"><a href=\"https:\/\/oedenburg.hu\/wp-content\/uploads\/2025\/02\/U50web.png\" target=\"_blank\" rel=\" noreferrer noopener\"><img loading=\"lazy\" decoding=\"async\" width=\"800\" height=\"800\" src=\"https:\/\/oedenburg.hu\/wp-content\/uploads\/2025\/02\/donloading-save-icon-button.png\" alt=\"\" class=\"wp-image-879\" style=\"width:30px\" srcset=\"https:\/\/oedenburg.hu\/wp-content\/uploads\/2025\/02\/donloading-save-icon-button.png 800w, https:\/\/oedenburg.hu\/wp-content\/uploads\/2025\/02\/donloading-save-icon-button-300x300.png 300w, https:\/\/oedenburg.hu\/wp-content\/uploads\/2025\/02\/donloading-save-icon-button-150x150.png 150w, https:\/\/oedenburg.hu\/wp-content\/uploads\/2025\/02\/donloading-save-icon-button-768x768.png 768w, https:\/\/oedenburg.hu\/wp-content\/uploads\/2025\/02\/donloading-save-icon-button-12x12.png 12w, https:\/\/oedenburg.hu\/wp-content\/uploads\/2025\/02\/donloading-save-icon-button-60x60.png 60w\" sizes=\"auto, (max-width: 800px) 100vw, 800px\" \/><\/a><\/figure>\n<\/div><\/div>\n<\/div>\n<\/div>\n<\/div>\n\n\n\n<hr class=\"wp-block-separator has-text-color has-cyan-bluish-gray-color has-alpha-channel-opacity has-cyan-bluish-gray-background-color has-background is-style-wide\"\/>\n\n\n\n<div class=\"wp-block-columns is-layout-flex wp-container-core-columns-is-layout-9d6595d7 wp-block-columns-is-layout-flex\">\n<div class=\"wp-block-column is-vertically-aligned-center is-layout-flow wp-block-column-is-layout-flow\" style=\"flex-basis:66.66%\">\n<p>Dokumentum 3.<\/p>\n<\/div>\n\n\n\n<div class=\"wp-block-column is-layout-flow wp-block-column-is-layout-flow\" style=\"flex-basis:33.33%\">\n<div class=\"wp-block-columns is-layout-flex wp-container-core-columns-is-layout-9d6595d7 wp-block-columns-is-layout-flex\">\n<div class=\"wp-block-column is-layout-flow wp-block-column-is-layout-flow\" style=\"flex-basis:66.66%\">\n<p class=\"has-text-align-right\">Herunterladen:<\/p>\n<\/div>\n\n\n\n<div class=\"wp-block-column is-layout-flow wp-block-column-is-layout-flow\" style=\"flex-basis:33.33%\"><div class=\"wp-block-image\">\n<figure class=\"aligncenter size-full is-resized\"><a href=\"https:\/\/oedenburg.hu\/wp-content\/uploads\/2025\/02\/U50web.png\" target=\"_blank\" rel=\" noreferrer noopener\"><img loading=\"lazy\" decoding=\"async\" width=\"800\" height=\"800\" src=\"https:\/\/oedenburg.hu\/wp-content\/uploads\/2025\/02\/donloading-save-icon-button.png\" alt=\"\" class=\"wp-image-879\" style=\"width:30px\" srcset=\"https:\/\/oedenburg.hu\/wp-content\/uploads\/2025\/02\/donloading-save-icon-button.png 800w, https:\/\/oedenburg.hu\/wp-content\/uploads\/2025\/02\/donloading-save-icon-button-300x300.png 300w, https:\/\/oedenburg.hu\/wp-content\/uploads\/2025\/02\/donloading-save-icon-button-150x150.png 150w, https:\/\/oedenburg.hu\/wp-content\/uploads\/2025\/02\/donloading-save-icon-button-768x768.png 768w, https:\/\/oedenburg.hu\/wp-content\/uploads\/2025\/02\/donloading-save-icon-button-12x12.png 12w, https:\/\/oedenburg.hu\/wp-content\/uploads\/2025\/02\/donloading-save-icon-button-60x60.png 60w\" sizes=\"auto, (max-width: 800px) 100vw, 800px\" \/><\/a><\/figure>\n<\/div><\/div>\n<\/div>\n<\/div>\n<\/div>","protected":false},"excerpt":{"rendered":"<p>Dokumentum 1. Let\u00f6lt\u00e9s: Dokumentum 2. Let\u00f6lt\u00e9s: Dokumentum 3. Let\u00f6lt\u00e9s:<\/p>","protected":false},"author":2,"featured_media":782,"parent":0,"menu_order":0,"comment_status":"closed","ping_status":"closed","template":"","meta":{"footnotes":""},"class_list":["post-32","page","type-page","status-publish","has-post-thumbnail","hentry","latest_post"],"yoast_head":"<!-- This site is optimized with the Yoast SEO plugin v27.6 - https:\/\/yoast.com\/product\/yoast-seo-wordpress\/ -->\n<title>Dokumentumok<\/title>\n<meta name=\"description\" content=\"Dokumentumok\" \/>\n<meta name=\"robots\" content=\"index, follow, max-snippet:-1, max-image-preview:large, max-video-preview:-1\" \/>\n<link rel=\"canonical\" href=\"https:\/\/oedenburg.hu\/de\/dokumentumok\/\" \/>\n<meta property=\"og:locale\" content=\"de_DE\" \/>\n<meta property=\"og:type\" content=\"article\" \/>\n<meta property=\"og:title\" content=\"Dokumentumok\" \/>\n<meta property=\"og:description\" content=\"Dokumentumok\" \/>\n<meta property=\"og:url\" content=\"https:\/\/oedenburg.hu\/de\/dokumentumok\/\" \/>\n<meta property=\"og:site_name\" content=\"N\u00e9met Nemzetis\u00e9gi \u00d6nkorm\u00e1nyzat Sopron\" \/>\n<meta property=\"article:publisher\" content=\"https:\/\/www.facebook.com\/Oedenburg\" \/>\n<meta property=\"article:modified_time\" content=\"2025-02-14T14:44:56+00:00\" \/>\n<meta property=\"og:image\" content=\"https:\/\/oedenburg.hu\/wp-content\/uploads\/2025\/02\/Nemet-nemzetisegi-logo-300x300px-72dpi.png\" \/>\n\t<meta property=\"og:image:width\" content=\"300\" \/>\n\t<meta property=\"og:image:height\" content=\"300\" \/>\n\t<meta property=\"og:image:type\" content=\"image\/png\" \/>\n<meta name=\"twitter:card\" content=\"summary_large_image\" \/>\n<script type=\"application\/ld+json\" class=\"yoast-schema-graph\">{\"@context\":\"https:\\\/\\\/schema.org\",\"@graph\":[{\"@type\":\"WebPage\",\"@id\":\"https:\\\/\\\/oedenburg.hu\\\/dokumentumok\\\/\",\"url\":\"https:\\\/\\\/oedenburg.hu\\\/dokumentumok\\\/\",\"name\":\"Dokumentumok\",\"isPartOf\":{\"@id\":\"https:\\\/\\\/oedenburg.hu\\\/#website\"},\"primaryImageOfPage\":{\"@id\":\"https:\\\/\\\/oedenburg.hu\\\/dokumentumok\\\/#primaryimage\"},\"image\":{\"@id\":\"https:\\\/\\\/oedenburg.hu\\\/dokumentumok\\\/#primaryimage\"},\"thumbnailUrl\":\"https:\\\/\\\/oedenburg.hu\\\/wp-content\\\/uploads\\\/2025\\\/02\\\/Nemet-nemzetisegi-logo-300x300px-72dpi.png\",\"datePublished\":\"2025-01-21T08:26:10+00:00\",\"dateModified\":\"2025-02-14T14:44:56+00:00\",\"description\":\"Dokumentumok\",\"breadcrumb\":{\"@id\":\"https:\\\/\\\/oedenburg.hu\\\/dokumentumok\\\/#breadcrumb\"},\"inLanguage\":\"de\",\"potentialAction\":[{\"@type\":\"ReadAction\",\"target\":[\"https:\\\/\\\/oedenburg.hu\\\/dokumentumok\\\/\"]}]},{\"@type\":\"ImageObject\",\"inLanguage\":\"de\",\"@id\":\"https:\\\/\\\/oedenburg.hu\\\/dokumentumok\\\/#primaryimage\",\"url\":\"https:\\\/\\\/oedenburg.hu\\\/wp-content\\\/uploads\\\/2025\\\/02\\\/Nemet-nemzetisegi-logo-300x300px-72dpi.png\",\"contentUrl\":\"https:\\\/\\\/oedenburg.hu\\\/wp-content\\\/uploads\\\/2025\\\/02\\\/Nemet-nemzetisegi-logo-300x300px-72dpi.png\",\"width\":300,\"height\":300},{\"@type\":\"BreadcrumbList\",\"@id\":\"https:\\\/\\\/oedenburg.hu\\\/dokumentumok\\\/#breadcrumb\",\"itemListElement\":[{\"@type\":\"ListItem\",\"position\":1,\"name\":\"Kezd\u0151lap\",\"item\":\"https:\\\/\\\/oedenburg.hu\\\/\"},{\"@type\":\"ListItem\",\"position\":2,\"name\":\"Dokumentumok\"}]},{\"@type\":\"WebSite\",\"@id\":\"https:\\\/\\\/oedenburg.hu\\\/#website\",\"url\":\"https:\\\/\\\/oedenburg.hu\\\/\",\"name\":\"N\u00e9met Nemzetis\u00e9gi \u00d6nkorm\u00e1nyzat Sopron\",\"description\":\"Deutsche Selbstverwaltung \u00d6denburg\",\"publisher\":{\"@id\":\"https:\\\/\\\/oedenburg.hu\\\/#organization\"},\"potentialAction\":[{\"@type\":\"SearchAction\",\"target\":{\"@type\":\"EntryPoint\",\"urlTemplate\":\"https:\\\/\\\/oedenburg.hu\\\/?s={search_term_string}\"},\"query-input\":{\"@type\":\"PropertyValueSpecification\",\"valueRequired\":true,\"valueName\":\"search_term_string\"}}],\"inLanguage\":\"de\"},{\"@type\":\"Organization\",\"@id\":\"https:\\\/\\\/oedenburg.hu\\\/#organization\",\"name\":\"N\u00e9met Nemzetis\u00e9gi \u00d6nkorm\u00e1nyzat Sopron\",\"url\":\"https:\\\/\\\/oedenburg.hu\\\/\",\"logo\":{\"@type\":\"ImageObject\",\"inLanguage\":\"de\",\"@id\":\"https:\\\/\\\/oedenburg.hu\\\/#\\\/schema\\\/logo\\\/image\\\/\",\"url\":\"https:\\\/\\\/oedenburg.hu\\\/wp-content\\\/uploads\\\/2025\\\/02\\\/Nemet-nemzetisegi-logo-300x300px-72dpi.png\",\"contentUrl\":\"https:\\\/\\\/oedenburg.hu\\\/wp-content\\\/uploads\\\/2025\\\/02\\\/Nemet-nemzetisegi-logo-300x300px-72dpi.png\",\"width\":300,\"height\":300,\"caption\":\"N\u00e9met Nemzetis\u00e9gi \u00d6nkorm\u00e1nyzat Sopron\"},\"image\":{\"@id\":\"https:\\\/\\\/oedenburg.hu\\\/#\\\/schema\\\/logo\\\/image\\\/\"},\"sameAs\":[\"https:\\\/\\\/www.facebook.com\\\/Oedenburg\"]}]}<\/script>\n<!-- \/ Yoast SEO plugin. -->","yoast_head_json":{"title":"Dokumente","description":"Dokumente","robots":{"index":"index","follow":"follow","max-snippet":"max-snippet:-1","max-image-preview":"max-image-preview:large","max-video-preview":"max-video-preview:-1"},"canonical":"https:\/\/oedenburg.hu\/de\/dokumentumok\/","og_locale":"de_DE","og_type":"article","og_title":"Dokumentumok","og_description":"Dokumentumok","og_url":"https:\/\/oedenburg.hu\/de\/dokumentumok\/","og_site_name":"N\u00e9met Nemzetis\u00e9gi \u00d6nkorm\u00e1nyzat Sopron","article_publisher":"https:\/\/www.facebook.com\/Oedenburg","article_modified_time":"2025-02-14T14:44:56+00:00","og_image":[{"width":300,"height":300,"url":"https:\/\/oedenburg.hu\/wp-content\/uploads\/2025\/02\/Nemet-nemzetisegi-logo-300x300px-72dpi.png","type":"image\/png"}],"twitter_card":"summary_large_image","schema":{"@context":"https:\/\/schema.org","@graph":[{"@type":"WebPage","@id":"https:\/\/oedenburg.hu\/dokumentumok\/","url":"https:\/\/oedenburg.hu\/dokumentumok\/","name":"Dokumente","isPartOf":{"@id":"https:\/\/oedenburg.hu\/#website"},"primaryImageOfPage":{"@id":"https:\/\/oedenburg.hu\/dokumentumok\/#primaryimage"},"image":{"@id":"https:\/\/oedenburg.hu\/dokumentumok\/#primaryimage"},"thumbnailUrl":"https:\/\/oedenburg.hu\/wp-content\/uploads\/2025\/02\/Nemet-nemzetisegi-logo-300x300px-72dpi.png","datePublished":"2025-01-21T08:26:10+00:00","dateModified":"2025-02-14T14:44:56+00:00","description":"Dokumente","breadcrumb":{"@id":"https:\/\/oedenburg.hu\/dokumentumok\/#breadcrumb"},"inLanguage":"de","potentialAction":[{"@type":"ReadAction","target":["https:\/\/oedenburg.hu\/dokumentumok\/"]}]},{"@type":"ImageObject","inLanguage":"de","@id":"https:\/\/oedenburg.hu\/dokumentumok\/#primaryimage","url":"https:\/\/oedenburg.hu\/wp-content\/uploads\/2025\/02\/Nemet-nemzetisegi-logo-300x300px-72dpi.png","contentUrl":"https:\/\/oedenburg.hu\/wp-content\/uploads\/2025\/02\/Nemet-nemzetisegi-logo-300x300px-72dpi.png","width":300,"height":300},{"@type":"BreadcrumbList","@id":"https:\/\/oedenburg.hu\/dokumentumok\/#breadcrumb","itemListElement":[{"@type":"ListItem","position":1,"name":"Kezd\u0151lap","item":"https:\/\/oedenburg.hu\/"},{"@type":"ListItem","position":2,"name":"Dokumentumok"}]},{"@type":"WebSite","@id":"https:\/\/oedenburg.hu\/#website","url":"https:\/\/oedenburg.hu\/","name":"Deutsche Selbstverwaltung \u00d6denburg","description":"N\u00e9met Nemzetis\u00e9gi \u00d6nkorm\u00e1nyzat Sopron","publisher":{"@id":"https:\/\/oedenburg.hu\/#organization"},"potentialAction":[{"@type":"SearchAction","target":{"@type":"EntryPoint","urlTemplate":"https:\/\/oedenburg.hu\/?s={search_term_string}"},"query-input":{"@type":"PropertyValueSpecification","valueRequired":true,"valueName":"search_term_string"}}],"inLanguage":"de"},{"@type":"Organization","@id":"https:\/\/oedenburg.hu\/#organization","name":"Deutsche Selbstverwaltung \u00d6denburg","url":"https:\/\/oedenburg.hu\/","logo":{"@type":"ImageObject","inLanguage":"de","@id":"https:\/\/oedenburg.hu\/#\/schema\/logo\/image\/","url":"https:\/\/oedenburg.hu\/wp-content\/uploads\/2025\/02\/Nemet-nemzetisegi-logo-300x300px-72dpi.png","contentUrl":"https:\/\/oedenburg.hu\/wp-content\/uploads\/2025\/02\/Nemet-nemzetisegi-logo-300x300px-72dpi.png","width":300,"height":300,"caption":"N\u00e9met Nemzetis\u00e9gi \u00d6nkorm\u00e1nyzat Sopron"},"image":{"@id":"https:\/\/oedenburg.hu\/#\/schema\/logo\/image\/"},"sameAs":["https:\/\/www.facebook.com\/Oedenburg"]}]}},"_links":{"self":[{"href":"https:\/\/oedenburg.hu\/de\/wp-json\/wp\/v2\/pages\/32","targetHints":{"allow":["GET"]}}],"collection":[{"href":"https:\/\/oedenburg.hu\/de\/wp-json\/wp\/v2\/pages"}],"about":[{"href":"https:\/\/oedenburg.hu\/de\/wp-json\/wp\/v2\/types\/page"}],"author":[{"embeddable":true,"href":"https:\/\/oedenburg.hu\/de\/wp-json\/wp\/v2\/users\/2"}],"replies":[{"embeddable":true,"href":"https:\/\/oedenburg.hu\/de\/wp-json\/wp\/v2\/comments?post=32"}],"version-history":[{"count":19,"href":"https:\/\/oedenburg.hu\/de\/wp-json\/wp\/v2\/pages\/32\/revisions"}],"predecessor-version":[{"id":895,"href":"https:\/\/oedenburg.hu\/de\/wp-json\/wp\/v2\/pages\/32\/revisions\/895"}],"wp:featuredmedia":[{"embeddable":true,"href":"https:\/\/oedenburg.hu\/de\/wp-json\/wp\/v2\/media\/782"}],"wp:attachment":[{"href":"https:\/\/oedenburg.hu\/de\/wp-json\/wp\/v2\/media?parent=32"}],"curies":[{"name":"wp","href":"https:\/\/api.w.org\/{rel}","templated":true}]}}