{"id":479,"date":"2025-01-27T07:55:55","date_gmt":"2025-01-27T07:55:55","guid":{"rendered":"https:\/\/oedenburg.hu\/?page_id=479"},"modified":"2025-04-03T10:49:38","modified_gmt":"2025-04-03T08:49:38","slug":"online-ujsag","status":"publish","type":"page","link":"https:\/\/oedenburg.hu\/de\/online-ujsag\/","title":{"rendered":"\u00d6denburger Zeitung"},"content":{"rendered":"<p><\/p>\n\n\n\n<div class=\"wp-block-media-text is-stacked-on-mobile has-background\" style=\"background-color:#f9f9f9;grid-template-columns:15% auto\"><figure class=\"wp-block-media-text__media\"><a href=\"\/de\/absolute;&quot;&gt;&lt;\/div&gt;\/\"><img loading=\"lazy\" decoding=\"async\" width=\"662\" height=\"1024\" src=\"https:\/\/oedenburg.hu\/wp-content\/uploads\/2025\/02\/oedenburger-Zeitung-minta-662x1024.webp\" alt=\"\" class=\"wp-image-838 size-full\" srcset=\"https:\/\/oedenburg.hu\/wp-content\/uploads\/2025\/02\/oedenburger-Zeitung-minta-662x1024.webp 662w, https:\/\/oedenburg.hu\/wp-content\/uploads\/2025\/02\/oedenburger-Zeitung-minta-194x300.webp 194w, https:\/\/oedenburg.hu\/wp-content\/uploads\/2025\/02\/oedenburger-Zeitung-minta-768x1187.webp 768w, https:\/\/oedenburg.hu\/wp-content\/uploads\/2025\/02\/oedenburger-Zeitung-minta-8x12.webp 8w, https:\/\/oedenburg.hu\/wp-content\/uploads\/2025\/02\/oedenburger-Zeitung-minta-39x60.webp 39w, https:\/\/oedenburg.hu\/wp-content\/uploads\/2025\/02\/oedenburger-Zeitung-minta.webp 828w\" sizes=\"auto, (max-width: 662px) 100vw, 662px\" \/><\/a><\/figure><div class=\"wp-block-media-text__content\">\n<p>2025. els\u0151 negyed\u00e9vi Neue \u00d6denburger Zeitung:<\/p>\n\n\n\n<p>Kommt Bald...<\/p>\n\n\n\n<ul class=\"wp-block-list\">\n<li>El\u0151ad\u00e1s volt a &#8230;<\/li>\n\n\n\n<li>R\u00e9szt vett\u00fcnk a &#8230;<\/li>\n\n\n\n<li>Elind\u00edtottuk a &#8230;<\/li>\n<\/ul>\n\n\n\n<div class=\"wp-block-columns is-layout-flex wp-container-core-columns-is-layout-9d6595d7 wp-block-columns-is-layout-flex\">\n<div class=\"wp-block-column is-layout-flow wp-block-column-is-layout-flow\"><\/div>\n\n\n\n<div class=\"wp-block-column is-layout-flow wp-block-column-is-layout-flow\"><div class=\"real3dflipbook\" id=\"1_6a05dc2145ae7\" style=\"position:absolute;\"><\/div>\n<\/div>\n<\/div>\n<\/div><\/div>\n\n\n\n<p><\/p>\n\n\n\n<p><\/p>","protected":false},"excerpt":{"rendered":"","protected":false},"author":2,"featured_media":0,"parent":0,"menu_order":0,"comment_status":"closed","ping_status":"closed","template":"","meta":{"footnotes":""},"class_list":["post-479","page","type-page","status-publish","hentry","latest_post"],"yoast_head":"<!-- This site is optimized with the Yoast SEO plugin v27.6 - https:\/\/yoast.com\/product\/yoast-seo-wordpress\/ -->\n<title>Online \u00fajs\u00e1g<\/title>\n<meta name=\"description\" content=\"Online \u00fajs\u00e1g\" \/>\n<meta name=\"robots\" content=\"index, follow, max-snippet:-1, max-image-preview:large, max-video-preview:-1\" \/>\n<link rel=\"canonical\" href=\"https:\/\/oedenburg.hu\/de\/online-ujsag\/\" \/>\n<meta property=\"og:locale\" content=\"de_DE\" \/>\n<meta property=\"og:type\" content=\"article\" \/>\n<meta property=\"og:title\" content=\"Online \u00fajs\u00e1g\" \/>\n<meta property=\"og:description\" content=\"Online \u00fajs\u00e1g\" \/>\n<meta property=\"og:url\" content=\"https:\/\/oedenburg.hu\/de\/online-ujsag\/\" \/>\n<meta property=\"og:site_name\" content=\"N\u00e9met Nemzetis\u00e9gi \u00d6nkorm\u00e1nyzat Sopron\" \/>\n<meta property=\"article:publisher\" content=\"https:\/\/www.facebook.com\/Oedenburg\" \/>\n<meta property=\"article:modified_time\" content=\"2025-04-03T08:49:38+00:00\" \/>\n<meta property=\"og:image\" content=\"https:\/\/oedenburg.hu\/wp-content\/uploads\/2025\/02\/oedenburger-Zeitung-minta.webp\" \/>\n\t<meta property=\"og:image:width\" content=\"828\" \/>\n\t<meta property=\"og:image:height\" content=\"1280\" \/>\n\t<meta property=\"og:image:type\" content=\"image\/webp\" \/>\n<meta name=\"twitter:card\" content=\"summary_large_image\" \/>\n<script type=\"application\/ld+json\" class=\"yoast-schema-graph\">{\"@context\":\"https:\\\/\\\/schema.org\",\"@graph\":[{\"@type\":\"WebPage\",\"@id\":\"https:\\\/\\\/oedenburg.hu\\\/online-ujsag\\\/\",\"url\":\"https:\\\/\\\/oedenburg.hu\\\/online-ujsag\\\/\",\"name\":\"Online \u00fajs\u00e1g\",\"isPartOf\":{\"@id\":\"https:\\\/\\\/oedenburg.hu\\\/#website\"},\"primaryImageOfPage\":{\"@id\":\"https:\\\/\\\/oedenburg.hu\\\/online-ujsag\\\/#primaryimage\"},\"image\":{\"@id\":\"https:\\\/\\\/oedenburg.hu\\\/online-ujsag\\\/#primaryimage\"},\"thumbnailUrl\":\"https:\\\/\\\/oedenburg.hu\\\/wp-content\\\/uploads\\\/2025\\\/02\\\/oedenburger-Zeitung-minta-662x1024.webp\",\"datePublished\":\"2025-01-27T07:55:55+00:00\",\"dateModified\":\"2025-04-03T08:49:38+00:00\",\"description\":\"Online \u00fajs\u00e1g\",\"breadcrumb\":{\"@id\":\"https:\\\/\\\/oedenburg.hu\\\/online-ujsag\\\/#breadcrumb\"},\"inLanguage\":\"de\",\"potentialAction\":[{\"@type\":\"ReadAction\",\"target\":[\"https:\\\/\\\/oedenburg.hu\\\/online-ujsag\\\/\"]}]},{\"@type\":\"ImageObject\",\"inLanguage\":\"de\",\"@id\":\"https:\\\/\\\/oedenburg.hu\\\/online-ujsag\\\/#primaryimage\",\"url\":\"https:\\\/\\\/oedenburg.hu\\\/wp-content\\\/uploads\\\/2025\\\/02\\\/oedenburger-Zeitung-minta-662x1024.webp\",\"contentUrl\":\"https:\\\/\\\/oedenburg.hu\\\/wp-content\\\/uploads\\\/2025\\\/02\\\/oedenburger-Zeitung-minta-662x1024.webp\"},{\"@type\":\"BreadcrumbList\",\"@id\":\"https:\\\/\\\/oedenburg.hu\\\/online-ujsag\\\/#breadcrumb\",\"itemListElement\":[{\"@type\":\"ListItem\",\"position\":1,\"name\":\"Kezd\u0151lap\",\"item\":\"https:\\\/\\\/oedenburg.hu\\\/\"},{\"@type\":\"ListItem\",\"position\":2,\"name\":\"Online \u00fajs\u00e1g\"}]},{\"@type\":\"WebSite\",\"@id\":\"https:\\\/\\\/oedenburg.hu\\\/#website\",\"url\":\"https:\\\/\\\/oedenburg.hu\\\/\",\"name\":\"N\u00e9met Nemzetis\u00e9gi \u00d6nkorm\u00e1nyzat Sopron\",\"description\":\"Deutsche Selbstverwaltung \u00d6denburg\",\"publisher\":{\"@id\":\"https:\\\/\\\/oedenburg.hu\\\/#organization\"},\"potentialAction\":[{\"@type\":\"SearchAction\",\"target\":{\"@type\":\"EntryPoint\",\"urlTemplate\":\"https:\\\/\\\/oedenburg.hu\\\/?s={search_term_string}\"},\"query-input\":{\"@type\":\"PropertyValueSpecification\",\"valueRequired\":true,\"valueName\":\"search_term_string\"}}],\"inLanguage\":\"de\"},{\"@type\":\"Organization\",\"@id\":\"https:\\\/\\\/oedenburg.hu\\\/#organization\",\"name\":\"N\u00e9met Nemzetis\u00e9gi \u00d6nkorm\u00e1nyzat Sopron\",\"url\":\"https:\\\/\\\/oedenburg.hu\\\/\",\"logo\":{\"@type\":\"ImageObject\",\"inLanguage\":\"de\",\"@id\":\"https:\\\/\\\/oedenburg.hu\\\/#\\\/schema\\\/logo\\\/image\\\/\",\"url\":\"https:\\\/\\\/oedenburg.hu\\\/wp-content\\\/uploads\\\/2025\\\/02\\\/Nemet-nemzetisegi-logo-300x300px-72dpi.png\",\"contentUrl\":\"https:\\\/\\\/oedenburg.hu\\\/wp-content\\\/uploads\\\/2025\\\/02\\\/Nemet-nemzetisegi-logo-300x300px-72dpi.png\",\"width\":300,\"height\":300,\"caption\":\"N\u00e9met Nemzetis\u00e9gi \u00d6nkorm\u00e1nyzat Sopron\"},\"image\":{\"@id\":\"https:\\\/\\\/oedenburg.hu\\\/#\\\/schema\\\/logo\\\/image\\\/\"},\"sameAs\":[\"https:\\\/\\\/www.facebook.com\\\/Oedenburg\"]}]}<\/script>\n<!-- \/ Yoast SEO plugin. -->","yoast_head_json":{"title":"\u00d6denburger Zeitung","description":"\u00d6denburger Zeitung","robots":{"index":"index","follow":"follow","max-snippet":"max-snippet:-1","max-image-preview":"max-image-preview:large","max-video-preview":"max-video-preview:-1"},"canonical":"https:\/\/oedenburg.hu\/de\/online-ujsag\/","og_locale":"de_DE","og_type":"article","og_title":"Online \u00fajs\u00e1g","og_description":"Online \u00fajs\u00e1g","og_url":"https:\/\/oedenburg.hu\/de\/online-ujsag\/","og_site_name":"N\u00e9met Nemzetis\u00e9gi \u00d6nkorm\u00e1nyzat Sopron","article_publisher":"https:\/\/www.facebook.com\/Oedenburg","article_modified_time":"2025-04-03T08:49:38+00:00","og_image":[{"width":828,"height":1280,"url":"https:\/\/oedenburg.hu\/wp-content\/uploads\/2025\/02\/oedenburger-Zeitung-minta.webp","type":"image\/webp"}],"twitter_card":"summary_large_image","schema":{"@context":"https:\/\/schema.org","@graph":[{"@type":"WebPage","@id":"https:\/\/oedenburg.hu\/online-ujsag\/","url":"https:\/\/oedenburg.hu\/online-ujsag\/","name":"\u00d6denburger Zeitung","isPartOf":{"@id":"https:\/\/oedenburg.hu\/#website"},"primaryImageOfPage":{"@id":"https:\/\/oedenburg.hu\/online-ujsag\/#primaryimage"},"image":{"@id":"https:\/\/oedenburg.hu\/online-ujsag\/#primaryimage"},"thumbnailUrl":"https:\/\/oedenburg.hu\/wp-content\/uploads\/2025\/02\/oedenburger-Zeitung-minta-662x1024.webp","datePublished":"2025-01-27T07:55:55+00:00","dateModified":"2025-04-03T08:49:38+00:00","description":"\u00d6denburger Zeitung","breadcrumb":{"@id":"https:\/\/oedenburg.hu\/online-ujsag\/#breadcrumb"},"inLanguage":"de","potentialAction":[{"@type":"ReadAction","target":["https:\/\/oedenburg.hu\/online-ujsag\/"]}]},{"@type":"ImageObject","inLanguage":"de","@id":"https:\/\/oedenburg.hu\/online-ujsag\/#primaryimage","url":"https:\/\/oedenburg.hu\/wp-content\/uploads\/2025\/02\/oedenburger-Zeitung-minta-662x1024.webp","contentUrl":"https:\/\/oedenburg.hu\/wp-content\/uploads\/2025\/02\/oedenburger-Zeitung-minta-662x1024.webp"},{"@type":"BreadcrumbList","@id":"https:\/\/oedenburg.hu\/online-ujsag\/#breadcrumb","itemListElement":[{"@type":"ListItem","position":1,"name":"Kezd\u0151lap","item":"https:\/\/oedenburg.hu\/"},{"@type":"ListItem","position":2,"name":"Online \u00fajs\u00e1g"}]},{"@type":"WebSite","@id":"https:\/\/oedenburg.hu\/#website","url":"https:\/\/oedenburg.hu\/","name":"Deutsche Selbstverwaltung \u00d6denburg","description":"N\u00e9met Nemzetis\u00e9gi \u00d6nkorm\u00e1nyzat Sopron","publisher":{"@id":"https:\/\/oedenburg.hu\/#organization"},"potentialAction":[{"@type":"SearchAction","target":{"@type":"EntryPoint","urlTemplate":"https:\/\/oedenburg.hu\/?s={search_term_string}"},"query-input":{"@type":"PropertyValueSpecification","valueRequired":true,"valueName":"search_term_string"}}],"inLanguage":"de"},{"@type":"Organization","@id":"https:\/\/oedenburg.hu\/#organization","name":"Deutsche Selbstverwaltung \u00d6denburg","url":"https:\/\/oedenburg.hu\/","logo":{"@type":"ImageObject","inLanguage":"de","@id":"https:\/\/oedenburg.hu\/#\/schema\/logo\/image\/","url":"https:\/\/oedenburg.hu\/wp-content\/uploads\/2025\/02\/Nemet-nemzetisegi-logo-300x300px-72dpi.png","contentUrl":"https:\/\/oedenburg.hu\/wp-content\/uploads\/2025\/02\/Nemet-nemzetisegi-logo-300x300px-72dpi.png","width":300,"height":300,"caption":"N\u00e9met Nemzetis\u00e9gi \u00d6nkorm\u00e1nyzat Sopron"},"image":{"@id":"https:\/\/oedenburg.hu\/#\/schema\/logo\/image\/"},"sameAs":["https:\/\/www.facebook.com\/Oedenburg"]}]}},"_links":{"self":[{"href":"https:\/\/oedenburg.hu\/de\/wp-json\/wp\/v2\/pages\/479","targetHints":{"allow":["GET"]}}],"collection":[{"href":"https:\/\/oedenburg.hu\/de\/wp-json\/wp\/v2\/pages"}],"about":[{"href":"https:\/\/oedenburg.hu\/de\/wp-json\/wp\/v2\/types\/page"}],"author":[{"embeddable":true,"href":"https:\/\/oedenburg.hu\/de\/wp-json\/wp\/v2\/users\/2"}],"replies":[{"embeddable":true,"href":"https:\/\/oedenburg.hu\/de\/wp-json\/wp\/v2\/comments?post=479"}],"version-history":[{"count":21,"href":"https:\/\/oedenburg.hu\/de\/wp-json\/wp\/v2\/pages\/479\/revisions"}],"predecessor-version":[{"id":1125,"href":"https:\/\/oedenburg.hu\/de\/wp-json\/wp\/v2\/pages\/479\/revisions\/1125"}],"wp:attachment":[{"href":"https:\/\/oedenburg.hu\/de\/wp-json\/wp\/v2\/media?parent=479"}],"curies":[{"name":"wp","href":"https:\/\/api.w.org\/{rel}","templated":true}]}}