{"id":545,"date":"2025-01-28T08:41:39","date_gmt":"2025-01-28T08:41:39","guid":{"rendered":"https:\/\/oedenburg.hu\/?page_id=545"},"modified":"2025-02-12T13:05:56","modified_gmt":"2025-02-12T12:05:56","slug":"iranyelv","status":"publish","type":"page","link":"https:\/\/oedenburg.hu\/de\/iranyelv\/","title":{"rendered":"Richtlinie"},"content":{"rendered":"<div class=\"wp-block-group\"><div class=\"wp-block-group__inner-container is-layout-constrained wp-block-group-is-layout-constrained\">\n<blockquote class=\"wp-block-quote is-layout-flow wp-block-quote-is-layout-flow\">\n<p class=\"has-text-align-left\"><strong><em>\u201eEs ist wichtig, dass wir auch k\u00fcnftig durch interne Diskussionen, unterschiedliche Meinungen, aber gemeinsames Handeln gepr\u00e4gt sind\u201c \u2013 ist das Motto der neuen deutschen Selbstverwaltung \u00d6denburg.<\/em><\/strong><\/p>\n<\/blockquote>\n\n\n\n<p>Die deutsche Sprache ist unsere Muttersprache oder Herkunftssprache, sie ist eines der wichtigsten Elemente unserer Identit\u00e4t und gleichzeitig Symbol der Zusammengeh\u00f6rigkeit unserer Volksgruppe. Unsere Sprache zu gebrauchen ist unser Recht, aber auch unsere Pflicht. Wir m\u00fcssen alles in unseren Kr\u00e4ften Stehende tun, damit der Gebrauch der deutschen Sprache verbreitet und zur Selbstverst\u00e4ndlichkeit wird. Deshalb setzen wir uns f\u00fcr den bewussten Gebrauch der deutschen Sprache im \u00f6ffentlichen Leben ein. In den Veranstaltungen unserer Gemeinschaft, aber auch in unserer allt\u00e4glichen Kommunikation sprechen wir vor allem deutsch.<\/p>\n\n\n\n<p>Die zuverl\u00e4ssigste Garantie f\u00fcr unsere Zukunft sind unsere Institutionen, vor allem die Deutsche Nationalit\u00e4tenschule \u00d6denburg. Unsere Institutionen sind offen und vermitteln europ\u00e4ische Werte. Sie sind wichtige Orte der Erziehung der j\u00fcngeren Generationen und gleichzeitig Br\u00fccken zum deutschen Sprachraum. Wir unterst\u00fctzen ihre Arbeit, besch\u00fctzen ihre erreichten Ergebnisse und verbreiten ihre guten Praxisbeispiele.<\/p>\n\n\n\n<p>Zur St\u00e4rkung unseres Zusammengeh\u00f6rigkeitsgef\u00fchls und unseres Daseins als Gemeinschaft tragen der Gebrauch unserer Symbole sowie der symbolische Gebrauch unserer Muttersprache bei. Es muss zur Selbstverst\u00e4ndlichkeit werden, dass wir bei unseren Veranstaltungen, bei unseren Festen deutsch sprechen, unsere Volkshymne singen, unsere Fahne hissen. Der Gebrauch unserer Symbole ist f\u00fcr unsere Institutionen, Selbstverwaltungen, zivilen Organisationen eine nat\u00fcrliche Pflicht sowohl in ihren gemeinschaftsinternen wie auch in ihren externen Beziehungen. Wir bef\u00fcrworten, dass Eltern ihren Kindern deutsche Vornamen geben.<\/p>\n\n\n\n<p>Die Volkstrachten sind f\u00fcr uns wertvoll, wir unterst\u00fctzen ihre Bewahrung und begr\u00fc\u00dfen, dass an unseren Veranstaltungen und bei festlichen Anl\u00e4ssen die ungarndeutsche Tracht getragen wird.<\/p>\n\n\n\n<p>Hauptziele:<\/p>\n\n\n\n<ul class=\"wp-block-list\">\n<li>Glaubw\u00fcrdige, modern Minderheitspolitik f\u00fcr die \u00d6denburger Deutschen<\/li>\n\n\n\n<li>Ansprechbare und zug\u00e4ngliche Deutsche Selbstverwaltung \u00d6denburg f\u00fcr Eltern, Lehrer, Nationalit\u00e4tenorganisationen<\/li>\n\n\n\n<li>Ansprechbare und zug\u00e4ngliche Deutsche Selbstverwaltung \u00d6denburg f\u00fcr Eltern, Lehrer, Nationalit\u00e4tenorganisationen<\/li>\n\n\n\n<li>Unterst\u00fctzung des Motivations- und Fortbildungskonzepts, Ausweitung des Erfahrungsaustausches<\/li>\n\n\n\n<li>Wertsch\u00e4tzung und finanzielle Anerkennung der Lehrkr\u00e4fte<\/li>\n\n\n\n<li>Mit Einbindung von Br\u00fcderlichkeit Volkstanzgruppe, die Blaskapellen, Nachwuchsgruppen und Vereinen die regelm\u00e4\u00dfige und umfangreiche Pr\u00e4sentation unserer ungarndeutschen Werte<\/li>\n\n\n\n<li>Aufbau einer Zusammenarbeit zwischen den deutschen Selbstverwaltungen im \u00d6denburgerland, Erstellung eines Jahresprogramms und koordinierte Umsetzung von Veranstaltungen mit ungarndeutschem Bezug in \u00d6denburg und Umgebung<\/li>\n\n\n\n<li>Aufbau einer Zusammenarbeit zwischen den deutschen Selbstverwaltungen im \u00d6denburgerland<\/li>\n\n\n\n<li>St\u00e4rkung von regionalen und landesweiten Kontakten, Organisation von Besuchen und Empf\u00e4ngen<\/li>\n\n\n\n<li>F\u00f6rderung unserer kulturellen Werte von der fr\u00fchen Kindheit an und Verst\u00e4rkung der Zusammenarbeit mit den Partnerkinderg\u00e4rten<\/li>\n<\/ul>\n<\/div><\/div>\n\n\n\n<div class=\"wp-block-group\"><div class=\"wp-block-group__inner-container is-layout-constrained wp-block-group-is-layout-constrained\"><\/div><\/div>","protected":false},"excerpt":{"rendered":"<p>\u201eFontos sz\u00e1munkra, hogy a j\u00f6v\u0151ben bels\u0151 eszmecser\u00e9kkel, k\u00fcl\u00f6nb\u00f6z\u0151 v\u00e9lem\u00e9nnyel, de k\u00f6z\u00f6s alku \u00e1ltal form\u00e1l\u00f3djunk, alakuljunk.\u201d Identit\u00e1sunk egyik legfontosabb eleme, hogy a n\u00e9met nyelvet tekintj\u00fck anyanyelv\u00fcnknek, &hellip; <\/p>","protected":false},"author":2,"featured_media":782,"parent":0,"menu_order":0,"comment_status":"closed","ping_status":"closed","template":"","meta":{"footnotes":""},"class_list":["post-545","page","type-page","status-publish","has-post-thumbnail","hentry","latest_post"],"yoast_head":"<!-- This site is optimized with the Yoast SEO plugin v27.6 - https:\/\/yoast.com\/product\/yoast-seo-wordpress\/ -->\n<title>Ir\u00e1nyelv<\/title>\n<meta name=\"description\" content=\"Ir\u00e1nyelv\" \/>\n<meta name=\"robots\" content=\"index, follow, max-snippet:-1, max-image-preview:large, max-video-preview:-1\" \/>\n<link rel=\"canonical\" href=\"https:\/\/oedenburg.hu\/de\/iranyelv\/\" \/>\n<meta property=\"og:locale\" content=\"de_DE\" \/>\n<meta property=\"og:type\" content=\"article\" \/>\n<meta property=\"og:title\" content=\"Ir\u00e1nyelv\" \/>\n<meta property=\"og:description\" content=\"Ir\u00e1nyelv\" \/>\n<meta property=\"og:url\" content=\"https:\/\/oedenburg.hu\/de\/iranyelv\/\" \/>\n<meta property=\"og:site_name\" content=\"N\u00e9met Nemzetis\u00e9gi \u00d6nkorm\u00e1nyzat Sopron\" \/>\n<meta property=\"article:publisher\" content=\"https:\/\/www.facebook.com\/Oedenburg\" \/>\n<meta property=\"article:modified_time\" content=\"2025-02-12T12:05:56+00:00\" \/>\n<meta property=\"og:image\" content=\"https:\/\/oedenburg.hu\/wp-content\/uploads\/2025\/02\/Nemet-nemzetisegi-logo-300x300px-72dpi.png\" \/>\n\t<meta property=\"og:image:width\" content=\"300\" \/>\n\t<meta property=\"og:image:height\" content=\"300\" \/>\n\t<meta property=\"og:image:type\" content=\"image\/png\" \/>\n<meta name=\"twitter:card\" content=\"summary_large_image\" \/>\n<meta name=\"twitter:label1\" content=\"Gesch\u00e4tzte Lesezeit\" \/>\n\t<meta name=\"twitter:data1\" content=\"2\u00a0Minuten\" \/>\n<script type=\"application\/ld+json\" class=\"yoast-schema-graph\">{\"@context\":\"https:\\\/\\\/schema.org\",\"@graph\":[{\"@type\":\"WebPage\",\"@id\":\"https:\\\/\\\/oedenburg.hu\\\/iranyelv\\\/\",\"url\":\"https:\\\/\\\/oedenburg.hu\\\/iranyelv\\\/\",\"name\":\"Ir\u00e1nyelv\",\"isPartOf\":{\"@id\":\"https:\\\/\\\/oedenburg.hu\\\/#website\"},\"primaryImageOfPage\":{\"@id\":\"https:\\\/\\\/oedenburg.hu\\\/iranyelv\\\/#primaryimage\"},\"image\":{\"@id\":\"https:\\\/\\\/oedenburg.hu\\\/iranyelv\\\/#primaryimage\"},\"thumbnailUrl\":\"https:\\\/\\\/oedenburg.hu\\\/wp-content\\\/uploads\\\/2025\\\/02\\\/Nemet-nemzetisegi-logo-300x300px-72dpi.png\",\"datePublished\":\"2025-01-28T08:41:39+00:00\",\"dateModified\":\"2025-02-12T12:05:56+00:00\",\"description\":\"Ir\u00e1nyelv\",\"breadcrumb\":{\"@id\":\"https:\\\/\\\/oedenburg.hu\\\/iranyelv\\\/#breadcrumb\"},\"inLanguage\":\"de\",\"potentialAction\":[{\"@type\":\"ReadAction\",\"target\":[\"https:\\\/\\\/oedenburg.hu\\\/iranyelv\\\/\"]}]},{\"@type\":\"ImageObject\",\"inLanguage\":\"de\",\"@id\":\"https:\\\/\\\/oedenburg.hu\\\/iranyelv\\\/#primaryimage\",\"url\":\"https:\\\/\\\/oedenburg.hu\\\/wp-content\\\/uploads\\\/2025\\\/02\\\/Nemet-nemzetisegi-logo-300x300px-72dpi.png\",\"contentUrl\":\"https:\\\/\\\/oedenburg.hu\\\/wp-content\\\/uploads\\\/2025\\\/02\\\/Nemet-nemzetisegi-logo-300x300px-72dpi.png\",\"width\":300,\"height\":300},{\"@type\":\"BreadcrumbList\",\"@id\":\"https:\\\/\\\/oedenburg.hu\\\/iranyelv\\\/#breadcrumb\",\"itemListElement\":[{\"@type\":\"ListItem\",\"position\":1,\"name\":\"Kezd\u0151lap\",\"item\":\"https:\\\/\\\/oedenburg.hu\\\/\"},{\"@type\":\"ListItem\",\"position\":2,\"name\":\"Ir\u00e1nyelv\"}]},{\"@type\":\"WebSite\",\"@id\":\"https:\\\/\\\/oedenburg.hu\\\/#website\",\"url\":\"https:\\\/\\\/oedenburg.hu\\\/\",\"name\":\"N\u00e9met Nemzetis\u00e9gi \u00d6nkorm\u00e1nyzat Sopron\",\"description\":\"Deutsche Selbstverwaltung \u00d6denburg\",\"publisher\":{\"@id\":\"https:\\\/\\\/oedenburg.hu\\\/#organization\"},\"potentialAction\":[{\"@type\":\"SearchAction\",\"target\":{\"@type\":\"EntryPoint\",\"urlTemplate\":\"https:\\\/\\\/oedenburg.hu\\\/?s={search_term_string}\"},\"query-input\":{\"@type\":\"PropertyValueSpecification\",\"valueRequired\":true,\"valueName\":\"search_term_string\"}}],\"inLanguage\":\"de\"},{\"@type\":\"Organization\",\"@id\":\"https:\\\/\\\/oedenburg.hu\\\/#organization\",\"name\":\"N\u00e9met Nemzetis\u00e9gi \u00d6nkorm\u00e1nyzat Sopron\",\"url\":\"https:\\\/\\\/oedenburg.hu\\\/\",\"logo\":{\"@type\":\"ImageObject\",\"inLanguage\":\"de\",\"@id\":\"https:\\\/\\\/oedenburg.hu\\\/#\\\/schema\\\/logo\\\/image\\\/\",\"url\":\"https:\\\/\\\/oedenburg.hu\\\/wp-content\\\/uploads\\\/2025\\\/02\\\/Nemet-nemzetisegi-logo-300x300px-72dpi.png\",\"contentUrl\":\"https:\\\/\\\/oedenburg.hu\\\/wp-content\\\/uploads\\\/2025\\\/02\\\/Nemet-nemzetisegi-logo-300x300px-72dpi.png\",\"width\":300,\"height\":300,\"caption\":\"N\u00e9met Nemzetis\u00e9gi \u00d6nkorm\u00e1nyzat Sopron\"},\"image\":{\"@id\":\"https:\\\/\\\/oedenburg.hu\\\/#\\\/schema\\\/logo\\\/image\\\/\"},\"sameAs\":[\"https:\\\/\\\/www.facebook.com\\\/Oedenburg\"]}]}<\/script>\n<!-- \/ Yoast SEO plugin. -->","yoast_head_json":{"title":"Richtlinie","description":"Richtlinie","robots":{"index":"index","follow":"follow","max-snippet":"max-snippet:-1","max-image-preview":"max-image-preview:large","max-video-preview":"max-video-preview:-1"},"canonical":"https:\/\/oedenburg.hu\/de\/iranyelv\/","og_locale":"de_DE","og_type":"article","og_title":"Ir\u00e1nyelv","og_description":"Ir\u00e1nyelv","og_url":"https:\/\/oedenburg.hu\/de\/iranyelv\/","og_site_name":"N\u00e9met Nemzetis\u00e9gi \u00d6nkorm\u00e1nyzat Sopron","article_publisher":"https:\/\/www.facebook.com\/Oedenburg","article_modified_time":"2025-02-12T12:05:56+00:00","og_image":[{"width":300,"height":300,"url":"https:\/\/oedenburg.hu\/wp-content\/uploads\/2025\/02\/Nemet-nemzetisegi-logo-300x300px-72dpi.png","type":"image\/png"}],"twitter_card":"summary_large_image","twitter_misc":{"Gesch\u00e4tzte Lesezeit":"2\u00a0Minuten"},"schema":{"@context":"https:\/\/schema.org","@graph":[{"@type":"WebPage","@id":"https:\/\/oedenburg.hu\/iranyelv\/","url":"https:\/\/oedenburg.hu\/iranyelv\/","name":"Richtlinie","isPartOf":{"@id":"https:\/\/oedenburg.hu\/#website"},"primaryImageOfPage":{"@id":"https:\/\/oedenburg.hu\/iranyelv\/#primaryimage"},"image":{"@id":"https:\/\/oedenburg.hu\/iranyelv\/#primaryimage"},"thumbnailUrl":"https:\/\/oedenburg.hu\/wp-content\/uploads\/2025\/02\/Nemet-nemzetisegi-logo-300x300px-72dpi.png","datePublished":"2025-01-28T08:41:39+00:00","dateModified":"2025-02-12T12:05:56+00:00","description":"Richtlinie","breadcrumb":{"@id":"https:\/\/oedenburg.hu\/iranyelv\/#breadcrumb"},"inLanguage":"de","potentialAction":[{"@type":"ReadAction","target":["https:\/\/oedenburg.hu\/iranyelv\/"]}]},{"@type":"ImageObject","inLanguage":"de","@id":"https:\/\/oedenburg.hu\/iranyelv\/#primaryimage","url":"https:\/\/oedenburg.hu\/wp-content\/uploads\/2025\/02\/Nemet-nemzetisegi-logo-300x300px-72dpi.png","contentUrl":"https:\/\/oedenburg.hu\/wp-content\/uploads\/2025\/02\/Nemet-nemzetisegi-logo-300x300px-72dpi.png","width":300,"height":300},{"@type":"BreadcrumbList","@id":"https:\/\/oedenburg.hu\/iranyelv\/#breadcrumb","itemListElement":[{"@type":"ListItem","position":1,"name":"Kezd\u0151lap","item":"https:\/\/oedenburg.hu\/"},{"@type":"ListItem","position":2,"name":"Ir\u00e1nyelv"}]},{"@type":"WebSite","@id":"https:\/\/oedenburg.hu\/#website","url":"https:\/\/oedenburg.hu\/","name":"Deutsche Selbstverwaltung \u00d6denburg","description":"N\u00e9met Nemzetis\u00e9gi \u00d6nkorm\u00e1nyzat Sopron","publisher":{"@id":"https:\/\/oedenburg.hu\/#organization"},"potentialAction":[{"@type":"SearchAction","target":{"@type":"EntryPoint","urlTemplate":"https:\/\/oedenburg.hu\/?s={search_term_string}"},"query-input":{"@type":"PropertyValueSpecification","valueRequired":true,"valueName":"search_term_string"}}],"inLanguage":"de"},{"@type":"Organization","@id":"https:\/\/oedenburg.hu\/#organization","name":"Deutsche Selbstverwaltung \u00d6denburg","url":"https:\/\/oedenburg.hu\/","logo":{"@type":"ImageObject","inLanguage":"de","@id":"https:\/\/oedenburg.hu\/#\/schema\/logo\/image\/","url":"https:\/\/oedenburg.hu\/wp-content\/uploads\/2025\/02\/Nemet-nemzetisegi-logo-300x300px-72dpi.png","contentUrl":"https:\/\/oedenburg.hu\/wp-content\/uploads\/2025\/02\/Nemet-nemzetisegi-logo-300x300px-72dpi.png","width":300,"height":300,"caption":"N\u00e9met Nemzetis\u00e9gi \u00d6nkorm\u00e1nyzat Sopron"},"image":{"@id":"https:\/\/oedenburg.hu\/#\/schema\/logo\/image\/"},"sameAs":["https:\/\/www.facebook.com\/Oedenburg"]}]}},"_links":{"self":[{"href":"https:\/\/oedenburg.hu\/de\/wp-json\/wp\/v2\/pages\/545","targetHints":{"allow":["GET"]}}],"collection":[{"href":"https:\/\/oedenburg.hu\/de\/wp-json\/wp\/v2\/pages"}],"about":[{"href":"https:\/\/oedenburg.hu\/de\/wp-json\/wp\/v2\/types\/page"}],"author":[{"embeddable":true,"href":"https:\/\/oedenburg.hu\/de\/wp-json\/wp\/v2\/users\/2"}],"replies":[{"embeddable":true,"href":"https:\/\/oedenburg.hu\/de\/wp-json\/wp\/v2\/comments?post=545"}],"version-history":[{"count":7,"href":"https:\/\/oedenburg.hu\/de\/wp-json\/wp\/v2\/pages\/545\/revisions"}],"predecessor-version":[{"id":871,"href":"https:\/\/oedenburg.hu\/de\/wp-json\/wp\/v2\/pages\/545\/revisions\/871"}],"wp:featuredmedia":[{"embeddable":true,"href":"https:\/\/oedenburg.hu\/de\/wp-json\/wp\/v2\/media\/782"}],"wp:attachment":[{"href":"https:\/\/oedenburg.hu\/de\/wp-json\/wp\/v2\/media?parent=545"}],"curies":[{"name":"wp","href":"https:\/\/api.w.org\/{rel}","templated":true}]}}